{"id":86049,"date":"2025-07-10T18:45:34","date_gmt":"2025-07-10T18:45:34","guid":{"rendered":"https:\/\/brandss.com.py\/index\/?post_type=product&#038;p=86049"},"modified":"2025-07-10T18:46:20","modified_gmt":"2025-07-10T18:46:20","slug":"calzado-deportivo-masculino-puma-extend-lite-trail","status":"publish","type":"product","link":"https:\/\/brandss.com.py\/index\/producto\/calzado-deportivo-masculino-puma-extend-lite-trail\/","title":{"rendered":"CALZADO DEPORTIVO MASCULINO PUMA EXTEND LITE TRAIL"},"content":{"rendered":"<p><img loading=\"lazy\" decoding=\"async\" class=\"\" src=\"https:\/\/1000marcas.net\/wp-content\/uploads\/2019\/12\/logo-Puma.png\" alt=\"Logo de Puma: la historia y el significado del logotipo, la marca y el  s\u00edmbolo. | png, vector\" width=\"102\" height=\"51\" \/><\/p>\n<h1>EXTEND LITE TRAIL<\/h1>\n<div class=\"content-slogan-value\"><span>Las Extend Lite Trail cubren tus necesidades de trail running y senderismo. La suela presenta un dise\u00f1o con tacos para una tracci\u00f3n excepcional, mientras que la parte superior se distingue por los distintivos PUMA Trail y el famoso dise\u00f1o PUMA Formstrip.<\/span><\/div>\n<div>\n<div id=\"collapse-features\" class=\"product-accordion-content collapse show\" role=\"region\" data-js-product-accordion-section-content=\"\" data-section=\"features\" aria-labelledby=\"product-section-features\" data-parent=\"#attributes-container-Accordion\">\n<div class=\"product-accordion-content-inner\" data-js-product-accordion-inner=\"\">\n<ul class=\"product-accordion-item-ul\">\n<li class=\"product-accordion-item-li d-flex\"><span class=\"js-content-style-value js-desc-style\">SOFTFOAM+: Plantilla c\u00f3moda de pisar dise\u00f1ada para proporcionar una amortiguaci\u00f3n suave gracias a su tal\u00f3n extra grueso<\/span><\/li>\n<li class=\"product-accordion-item-li d-flex\"><span class=\"js-content-style-value js-desc-style\">PUMAGRIP: Compuesto de caucho de rendimiento duradero dise\u00f1ado para tracci\u00f3n en todas las superficies<\/span><\/li>\n<li class=\"product-accordion-item-li d-flex\"><span class=\"js-content-style-value js-desc-style\">La parte superior de los zapatos est\u00e1 hecha con al menos un 20% de materiales reciclados y la parte inferior est\u00e1 hecha con al menos un 10% de materiales reciclados.<\/span><\/li>\n<\/ul>\n<h4>Detalles<\/h4>\n<ul class=\"product-accordion-item-ul\">\n<li class=\"product-accordion-item-li d-flex\"><span class=\"js-content-style-value js-desc-style\">Suela: Goma de longitud completa.<\/span><\/li>\n<li class=\"product-accordion-item-li d-flex\"><span class=\"js-content-style-value js-desc-style\">Entresuela: EVA de alto rendimiento.<\/span><\/li>\n<li class=\"product-accordion-item-li d-flex\"><span class=\"js-content-style-value js-desc-style\">Parte superior: Tal\u00f3n y ojales moldeados.<\/span><\/li>\n<li class=\"product-accordion-item-li d-flex\"><span class=\"js-content-style-value js-desc-style\">Cierre: Cordones.<\/span><\/li>\n<li class=\"product-accordion-item-li d-flex\"><span class=\"js-content-style-value js-desc-style\">punta redondeada.<\/span><\/li>\n<\/ul>\n<h4>Materiales<\/h4>\n<ul class=\"product-accordion-item-ul\">\n<li class=\"product-accordion-item-li d-flex\"><span class=\"js-content-style-value js-desc-style\"><span>Entresuela: 100% sint\u00e9tico.<\/span><\/span><\/li>\n<li class=\"product-accordion-item-li d-flex\"><span class=\"js-content-style-value js-desc-style\"><span>Plantilla: 100% textil.<\/span><\/span><\/li>\n<li class=\"product-accordion-item-li d-flex\"><span class=\"js-content-style-value js-desc-style\"><span>Suela: 100% caucho.<\/span><\/span><\/li>\n<li class=\"product-accordion-item-li d-flex\"><span class=\"js-content-style-value js-desc-style\"><span>Parte superior: 64,63 % sint\u00e9tico, 35,37 % textil.<\/span><\/span><\/li>\n<li class=\"product-accordion-item-li d-flex\"><span class=\"js-content-style-value js-desc-style\"><span>Forro: 100% Textil.<\/span><\/span><\/li>\n<li class=\"product-accordion-item-li d-flex\"><span>\u00a0Estilo:\u00a0<\/span><span class=\"js-content-style-value js-desc-style\" dir=\"null\"><span>379538-26.<\/span><\/span><\/li>\n<li class=\"product-accordion-item-li d-flex\"><span>\u00a0Color:\u00a0<\/span><span class=\"content-colour-value js-desc-colour\"><span>Gris oscuro, claro efervescente.<\/span><\/span><\/li>\n<\/ul>\n<\/div>\n<\/div>\n<\/div>\n","protected":false},"excerpt":{"rendered":"<p>EXTEND LITE TRAIL Las Extend Lite Trail cubren tus necesidades de trail running y senderismo. La suela presenta un dise\u00f1o<\/p>\n","protected":false},"featured_media":86050,"comment_status":"open","ping_status":"closed","template":"","meta":{"nf_dc_page":""},"product_brand":[],"product_cat":[76],"product_tag":[],"class_list":{"0":"post-86049","1":"product","2":"type-product","3":"status-publish","4":"has-post-thumbnail","6":"product_cat-masculino","8":"first","9":"instock","10":"shipping-taxable","11":"purchasable","12":"product-type-simple"},"_links":{"self":[{"href":"https:\/\/brandss.com.py\/index\/wp-json\/wp\/v2\/product\/86049","targetHints":{"allow":["GET"]}}],"collection":[{"href":"https:\/\/brandss.com.py\/index\/wp-json\/wp\/v2\/product"}],"about":[{"href":"https:\/\/brandss.com.py\/index\/wp-json\/wp\/v2\/types\/product"}],"replies":[{"embeddable":true,"href":"https:\/\/brandss.com.py\/index\/wp-json\/wp\/v2\/comments?post=86049"}],"version-history":[{"count":1,"href":"https:\/\/brandss.com.py\/index\/wp-json\/wp\/v2\/product\/86049\/revisions"}],"predecessor-version":[{"id":86057,"href":"https:\/\/brandss.com.py\/index\/wp-json\/wp\/v2\/product\/86049\/revisions\/86057"}],"wp:featuredmedia":[{"embeddable":true,"href":"https:\/\/brandss.com.py\/index\/wp-json\/wp\/v2\/media\/86050"}],"wp:attachment":[{"href":"https:\/\/brandss.com.py\/index\/wp-json\/wp\/v2\/media?parent=86049"}],"wp:term":[{"taxonomy":"product_brand","embeddable":true,"href":"https:\/\/brandss.com.py\/index\/wp-json\/wp\/v2\/product_brand?post=86049"},{"taxonomy":"product_cat","embeddable":true,"href":"https:\/\/brandss.com.py\/index\/wp-json\/wp\/v2\/product_cat?post=86049"},{"taxonomy":"product_tag","embeddable":true,"href":"https:\/\/brandss.com.py\/index\/wp-json\/wp\/v2\/product_tag?post=86049"}],"curies":[{"name":"wp","href":"https:\/\/api.w.org\/{rel}","templated":true}]}}