{"id":86059,"date":"2025-07-11T10:45:31","date_gmt":"2025-07-11T10:45:31","guid":{"rendered":"https:\/\/brandss.com.py\/index\/?post_type=product&#038;p=86059"},"modified":"2025-07-11T14:15:28","modified_gmt":"2025-07-11T14:15:28","slug":"calzado-casual-masculino-puma-smash-3-0","status":"publish","type":"product","link":"https:\/\/brandss.com.py\/index\/producto\/calzado-casual-masculino-puma-smash-3-0\/","title":{"rendered":"CALZADO CASUAL MASCULINO PUMA SMASH 3.0 L"},"content":{"rendered":"<p><img loading=\"lazy\" decoding=\"async\" class=\"\" src=\"https:\/\/upload.wikimedia.org\/wikipedia\/en\/d\/da\/Puma_complete_logo.svg\" alt=\"Puma (brand) - Wikipedia\" width=\"86\" height=\"43\" \/><\/p>\n<h1>SMASH 3.0<\/h1>\n<p>Son unos canzados urbanos masculinos con un estilo atemporal que querr\u00e1s llevar. Cuentan con una silueta cl\u00e1sica, de l\u00edneas largas y limpias, y un cuello y una plantilla acolchados y actualizados. Este modelo es un gran cl\u00e1sico de la marca\u00a0Puma. Unos calzados perfectos para un estilo deportivo urbano y moderno.<\/p>\n<p><strong>Caracter\u00edsticas<\/strong><\/p>\n<ul class=\"product-composition d-flex wrap align-items-center mb-4\">\n<li class=\"mr-3\"><span>Parte superior: 100% cuero.<\/span><\/li>\n<li class=\"mr-3\"><span>Forro: 100% Textil.<\/span><\/li>\n<li class=\"mr-3\"><span>Suela: 100% Elast\u00f3mero.<\/span><\/li>\n<li class=\"mr-3\"><span>Plantilla: 100% Textil.<\/span><\/li>\n<li class=\"mr-3\">Cierre: con cordones.<\/li>\n<li>Color: Marr\u00f3n, Blanco, Negro.<\/li>\n<li>Modelo: 390984-13.<\/li>\n<\/ul>\n","protected":false},"excerpt":{"rendered":"<p>SMASH 3.0 Son unos canzados urbanos masculinos con un estilo atemporal que querr\u00e1s llevar. Cuentan con una silueta cl\u00e1sica, de<\/p>\n","protected":false},"featured_media":86060,"comment_status":"open","ping_status":"closed","template":"","meta":{"nf_dc_page":""},"product_brand":[],"product_cat":[76],"product_tag":[],"class_list":{"0":"post-86059","1":"product","2":"type-product","3":"status-publish","4":"has-post-thumbnail","6":"product_cat-masculino","8":"first","9":"instock","10":"shipping-taxable","11":"purchasable","12":"product-type-simple"},"_links":{"self":[{"href":"https:\/\/brandss.com.py\/index\/wp-json\/wp\/v2\/product\/86059","targetHints":{"allow":["GET"]}}],"collection":[{"href":"https:\/\/brandss.com.py\/index\/wp-json\/wp\/v2\/product"}],"about":[{"href":"https:\/\/brandss.com.py\/index\/wp-json\/wp\/v2\/types\/product"}],"replies":[{"embeddable":true,"href":"https:\/\/brandss.com.py\/index\/wp-json\/wp\/v2\/comments?post=86059"}],"version-history":[{"count":2,"href":"https:\/\/brandss.com.py\/index\/wp-json\/wp\/v2\/product\/86059\/revisions"}],"predecessor-version":[{"id":86095,"href":"https:\/\/brandss.com.py\/index\/wp-json\/wp\/v2\/product\/86059\/revisions\/86095"}],"wp:featuredmedia":[{"embeddable":true,"href":"https:\/\/brandss.com.py\/index\/wp-json\/wp\/v2\/media\/86060"}],"wp:attachment":[{"href":"https:\/\/brandss.com.py\/index\/wp-json\/wp\/v2\/media?parent=86059"}],"wp:term":[{"taxonomy":"product_brand","embeddable":true,"href":"https:\/\/brandss.com.py\/index\/wp-json\/wp\/v2\/product_brand?post=86059"},{"taxonomy":"product_cat","embeddable":true,"href":"https:\/\/brandss.com.py\/index\/wp-json\/wp\/v2\/product_cat?post=86059"},{"taxonomy":"product_tag","embeddable":true,"href":"https:\/\/brandss.com.py\/index\/wp-json\/wp\/v2\/product_tag?post=86059"}],"curies":[{"name":"wp","href":"https:\/\/api.w.org\/{rel}","templated":true}]}}