{"id":86067,"date":"2025-07-11T11:43:58","date_gmt":"2025-07-11T11:43:58","guid":{"rendered":"https:\/\/brandss.com.py\/index\/?post_type=product&#038;p=86067"},"modified":"2025-07-11T14:15:40","modified_gmt":"2025-07-11T14:15:40","slug":"calzado-casual-masculino-puma-smash-3-0-2","status":"publish","type":"product","link":"https:\/\/brandss.com.py\/index\/producto\/calzado-casual-masculino-puma-smash-3-0-2\/","title":{"rendered":"CALZADO CASUAL MASCULINO PUMA SMASH 3.0 L"},"content":{"rendered":"<p><img loading=\"lazy\" decoding=\"async\" class=\"\" src=\"https:\/\/upload.wikimedia.org\/wikipedia\/en\/d\/da\/Puma_complete_logo.svg\" alt=\"Puma (brand) - Wikipedia\" width=\"102\" height=\"51\" \/><\/p>\n<h1>SMASH 3.0<\/h1>\n<p>Inspiraci\u00f3n en el tenis cl\u00e1sico: el modelo Puma Smash 3.0 L est\u00e1 inspirado en el calzado de tenis tradicional y presenta una silueta de ca\u00f1a baja que es atemporal y vers\u00e1til. El dise\u00f1o es limpio y minimalista, lo que lo hace adecuado para diversas ocasiones informales. El color blanco n\u00edtido (Blanco), que le da un aspecto fresco y moderno. El dise\u00f1o completamente blanco permite combinarlo f\u00e1cilmente con una amplia gama de atuendos, desde ropa informal hasta conjuntos deportivos.<\/p>\n<div class=\"refinement refinement--productcaract\">\n<div id=\"collapse-refinement-productcaract\" class=\"\">\n<p class=\"text-desctipcion-ficha border-descrition\">Un look casual y diario no debe de ser aburrido, si llevas los Smash<\/p>\n<\/div>\n<\/div>\n<div id=\"collapse-refinements\" class=\"refinement-bar__refinements refinements collapse show\"><\/div>\n<div class=\"refinement refinement--productcaract\">\n<h3 class=\"refinement__title\">Detalles<\/h3>\n<div class=\"content-mad-detaller-ficha\">\n<ul>\n<li>Material superior: 65% piel sint\u00e9tica, 20% piel aut\u00e9ntica, 15% textil.<\/li>\n<li>Material de la suela: 100% caucho; entresuela de goma alta.<\/li>\n<li>G\u00e9nero: Masculino.<\/li>\n<li>Silueta baja.<\/li>\n<li>Cordones para un ajuste ce\u00f1ido.<\/li>\n<li>Plantilla distintiva: dos capas \u00fanicas para un ajuste y una durabilidad m\u00e1s c\u00f3modos.<\/li>\n<li>Detalles de vampiro perforado.<\/li>\n<li>PUMA No. 1 en la lengua.<\/li>\n<li>Franja caracter\u00edstica exclusiva de PUMA: medio y lateral.<\/li>\n<li>Logotipo de PUMA Cat en el tal\u00f3n y la espalda.<\/li>\n<li>Color: Blanco.<\/li>\n<li class=\"text-desctipcion-ficha\"><strong>Modelo: <\/strong>390987-01.<\/li>\n<\/ul>\n<\/div>\n<\/div>\n","protected":false},"excerpt":{"rendered":"<p>SMASH 3.0 Inspiraci\u00f3n en el tenis cl\u00e1sico: el modelo Puma Smash 3.0 L est\u00e1 inspirado en el calzado de tenis<\/p>\n","protected":false},"featured_media":86068,"comment_status":"open","ping_status":"closed","template":"","meta":{"nf_dc_page":""},"product_brand":[],"product_cat":[76],"product_tag":[],"class_list":{"0":"post-86067","1":"product","2":"type-product","3":"status-publish","4":"has-post-thumbnail","6":"product_cat-masculino","8":"first","9":"instock","10":"shipping-taxable","11":"purchasable","12":"product-type-simple"},"_links":{"self":[{"href":"https:\/\/brandss.com.py\/index\/wp-json\/wp\/v2\/product\/86067","targetHints":{"allow":["GET"]}}],"collection":[{"href":"https:\/\/brandss.com.py\/index\/wp-json\/wp\/v2\/product"}],"about":[{"href":"https:\/\/brandss.com.py\/index\/wp-json\/wp\/v2\/types\/product"}],"replies":[{"embeddable":true,"href":"https:\/\/brandss.com.py\/index\/wp-json\/wp\/v2\/comments?post=86067"}],"version-history":[{"count":2,"href":"https:\/\/brandss.com.py\/index\/wp-json\/wp\/v2\/product\/86067\/revisions"}],"predecessor-version":[{"id":86096,"href":"https:\/\/brandss.com.py\/index\/wp-json\/wp\/v2\/product\/86067\/revisions\/86096"}],"wp:featuredmedia":[{"embeddable":true,"href":"https:\/\/brandss.com.py\/index\/wp-json\/wp\/v2\/media\/86068"}],"wp:attachment":[{"href":"https:\/\/brandss.com.py\/index\/wp-json\/wp\/v2\/media?parent=86067"}],"wp:term":[{"taxonomy":"product_brand","embeddable":true,"href":"https:\/\/brandss.com.py\/index\/wp-json\/wp\/v2\/product_brand?post=86067"},{"taxonomy":"product_cat","embeddable":true,"href":"https:\/\/brandss.com.py\/index\/wp-json\/wp\/v2\/product_cat?post=86067"},{"taxonomy":"product_tag","embeddable":true,"href":"https:\/\/brandss.com.py\/index\/wp-json\/wp\/v2\/product_tag?post=86067"}],"curies":[{"name":"wp","href":"https:\/\/api.w.org\/{rel}","templated":true}]}}