{"id":86080,"date":"2025-07-11T13:11:52","date_gmt":"2025-07-11T13:11:52","guid":{"rendered":"https:\/\/brandss.com.py\/index\/?post_type=product&#038;p=86080"},"modified":"2025-07-11T14:15:52","modified_gmt":"2025-07-11T14:15:52","slug":"calzado-casual-masculino-puma-smash-3-0-3","status":"publish","type":"product","link":"https:\/\/brandss.com.py\/index\/producto\/calzado-casual-masculino-puma-smash-3-0-3\/","title":{"rendered":"CALZADO CASUAL MASCULINO PUMA SMASH 3.0 L"},"content":{"rendered":"<p><img loading=\"lazy\" decoding=\"async\" class=\"\" src=\"https:\/\/upload.wikimedia.org\/wikipedia\/en\/d\/da\/Puma_complete_logo.svg\" alt=\"Puma (brand) - Wikipedia\" width=\"108\" height=\"54\" \/><\/p>\n<h1>SMASH 3.0<\/h1>\n<p>El Smash inspirado en el tenis ha vuelto y mejor que nunca, con su silueta cl\u00e1sica, comodidad y simplicidad, definitivamente tiene un lugar en tu colecci\u00f3n. Un look casual y diario no debe de ser aburrido, si llevas los Smash.<\/p>\n<div class=\"refinement refinement--productcaract\">\n<h4 class=\"refinement__title\">Detalles<\/h4>\n<div class=\"content-mad-detaller-ficha\">\n<ul>\n<li>Material superior: 65% piel sint\u00e9tica, 20% piel aut\u00e9ntica, 15% textil<\/li>\n<li>Material de la suela: 100% caucho; entresuela de goma alta.<\/li>\n<li>G\u00e9nero: masculino.<\/li>\n<li>Silueta baja.<\/li>\n<li>Cordones para un ajuste ce\u00f1ido.<\/li>\n<li>Plantilla distintiva: dos capas \u00fanicas para un ajuste y una durabilidad m\u00e1s c\u00f3modos.<\/li>\n<li>Detalles de vampiro perforado.<\/li>\n<li>PUMA No. 1 en la lengua.<\/li>\n<li>Franja caracter\u00edstica exclusiva de PUMA: medio y lateral.<\/li>\n<li>Logotipo de PUMA Cat en el tal\u00f3n y la espalda.<\/li>\n<li>Parte superior de cuero.<\/li>\n<li>Aplicaci\u00f3n normal.<\/li>\n<li>Forro interior.<\/li>\n<li>SOFTFOAM+ proporciona una suave absorci\u00f3n de impactos.<\/li>\n<li>Lazos con cordones.<\/li>\n<li>La parte superior de este calzado est\u00e1 hecha con al menos un 20% de materiales reciclados.<\/li>\n<li>Color: Negro, Blanco.<\/li>\n<li class=\"text-desctipcion-ficha\">Modelo: 390987-02.<\/li>\n<\/ul>\n<\/div>\n<\/div>\n","protected":false},"excerpt":{"rendered":"<p>SMASH 3.0 El Smash inspirado en el tenis ha vuelto y mejor que nunca, con su silueta cl\u00e1sica, comodidad y<\/p>\n","protected":false},"featured_media":86081,"comment_status":"open","ping_status":"closed","template":"","meta":{"nf_dc_page":""},"product_brand":[],"product_cat":[76],"product_tag":[],"class_list":{"0":"post-86080","1":"product","2":"type-product","3":"status-publish","4":"has-post-thumbnail","6":"product_cat-masculino","8":"first","9":"instock","10":"shipping-taxable","11":"purchasable","12":"product-type-simple"},"_links":{"self":[{"href":"https:\/\/brandss.com.py\/index\/wp-json\/wp\/v2\/product\/86080","targetHints":{"allow":["GET"]}}],"collection":[{"href":"https:\/\/brandss.com.py\/index\/wp-json\/wp\/v2\/product"}],"about":[{"href":"https:\/\/brandss.com.py\/index\/wp-json\/wp\/v2\/types\/product"}],"replies":[{"embeddable":true,"href":"https:\/\/brandss.com.py\/index\/wp-json\/wp\/v2\/comments?post=86080"}],"version-history":[{"count":2,"href":"https:\/\/brandss.com.py\/index\/wp-json\/wp\/v2\/product\/86080\/revisions"}],"predecessor-version":[{"id":86097,"href":"https:\/\/brandss.com.py\/index\/wp-json\/wp\/v2\/product\/86080\/revisions\/86097"}],"wp:featuredmedia":[{"embeddable":true,"href":"https:\/\/brandss.com.py\/index\/wp-json\/wp\/v2\/media\/86081"}],"wp:attachment":[{"href":"https:\/\/brandss.com.py\/index\/wp-json\/wp\/v2\/media?parent=86080"}],"wp:term":[{"taxonomy":"product_brand","embeddable":true,"href":"https:\/\/brandss.com.py\/index\/wp-json\/wp\/v2\/product_brand?post=86080"},{"taxonomy":"product_cat","embeddable":true,"href":"https:\/\/brandss.com.py\/index\/wp-json\/wp\/v2\/product_cat?post=86080"},{"taxonomy":"product_tag","embeddable":true,"href":"https:\/\/brandss.com.py\/index\/wp-json\/wp\/v2\/product_tag?post=86080"}],"curies":[{"name":"wp","href":"https:\/\/api.w.org\/{rel}","templated":true}]}}