{"id":86087,"date":"2025-07-11T14:04:03","date_gmt":"2025-07-11T14:04:03","guid":{"rendered":"https:\/\/brandss.com.py\/index\/?post_type=product&#038;p=86087"},"modified":"2025-07-11T14:16:07","modified_gmt":"2025-07-11T14:16:07","slug":"calzado-casual-masculino-puma-smash-3-0-4","status":"publish","type":"product","link":"https:\/\/brandss.com.py\/index\/producto\/calzado-casual-masculino-puma-smash-3-0-4\/","title":{"rendered":"CALZADO CASUAL MASCULINO PUMA SMASH 3.0 L"},"content":{"rendered":"<p><img loading=\"lazy\" decoding=\"async\" class=\"\" src=\"https:\/\/upload.wikimedia.org\/wikipedia\/en\/d\/da\/Puma_complete_logo.svg\" alt=\"Puma (brand) - Wikipedia\" width=\"140\" height=\"70\" \/><\/p>\n<h1>SMASH 3.0<\/h1>\n<p>Son unos calzados urbanos masculino con un estilo atemporal que querr\u00e1s llevar. Cuentan con una silueta cl\u00e1sica, de l\u00edneas largas y limpias, y un cuello y una plantilla acolchados y actualizados.<\/p>\n<h4>Detalles<\/h4>\n<ul>\n<li><span>La parte superior est\u00e1 realizada en una combinaci\u00f3n de piel natural y piel ecol\u00f3gica.<\/span><\/li>\n<li><span>Inserto de espuma suave en el interior.<\/span><\/li>\n<li><span>El interior de las zapatillas, junto con la leng\u00fceta, est\u00e1 forrado con un material textil suave.<\/span><\/li>\n<li><span>Zapatos de perfil bajo.<\/span><\/li>\n<li><span>Suela de goma con dibujo de espiga.<\/span><\/li>\n<li>Color: Negro, Blanco.<\/li>\n<li>Modelo: 390987-04.<\/li>\n<\/ul>\n","protected":false},"excerpt":{"rendered":"<p>SMASH 3.0 Son unos calzados urbanos masculino con un estilo atemporal que querr\u00e1s llevar. Cuentan con una silueta cl\u00e1sica, de<\/p>\n","protected":false},"featured_media":86088,"comment_status":"open","ping_status":"closed","template":"","meta":{"nf_dc_page":""},"product_brand":[],"product_cat":[76],"product_tag":[],"class_list":{"0":"post-86087","1":"product","2":"type-product","3":"status-publish","4":"has-post-thumbnail","6":"product_cat-masculino","8":"first","9":"instock","10":"shipping-taxable","11":"purchasable","12":"product-type-simple"},"_links":{"self":[{"href":"https:\/\/brandss.com.py\/index\/wp-json\/wp\/v2\/product\/86087","targetHints":{"allow":["GET"]}}],"collection":[{"href":"https:\/\/brandss.com.py\/index\/wp-json\/wp\/v2\/product"}],"about":[{"href":"https:\/\/brandss.com.py\/index\/wp-json\/wp\/v2\/types\/product"}],"replies":[{"embeddable":true,"href":"https:\/\/brandss.com.py\/index\/wp-json\/wp\/v2\/comments?post=86087"}],"version-history":[{"count":2,"href":"https:\/\/brandss.com.py\/index\/wp-json\/wp\/v2\/product\/86087\/revisions"}],"predecessor-version":[{"id":86098,"href":"https:\/\/brandss.com.py\/index\/wp-json\/wp\/v2\/product\/86087\/revisions\/86098"}],"wp:featuredmedia":[{"embeddable":true,"href":"https:\/\/brandss.com.py\/index\/wp-json\/wp\/v2\/media\/86088"}],"wp:attachment":[{"href":"https:\/\/brandss.com.py\/index\/wp-json\/wp\/v2\/media?parent=86087"}],"wp:term":[{"taxonomy":"product_brand","embeddable":true,"href":"https:\/\/brandss.com.py\/index\/wp-json\/wp\/v2\/product_brand?post=86087"},{"taxonomy":"product_cat","embeddable":true,"href":"https:\/\/brandss.com.py\/index\/wp-json\/wp\/v2\/product_cat?post=86087"},{"taxonomy":"product_tag","embeddable":true,"href":"https:\/\/brandss.com.py\/index\/wp-json\/wp\/v2\/product_tag?post=86087"}],"curies":[{"name":"wp","href":"https:\/\/api.w.org\/{rel}","templated":true}]}}