{"id":86099,"date":"2025-07-11T14:23:51","date_gmt":"2025-07-11T14:23:51","guid":{"rendered":"https:\/\/brandss.com.py\/index\/?post_type=product&#038;p=86099"},"modified":"2025-07-11T14:24:28","modified_gmt":"2025-07-11T14:24:28","slug":"calzado-casual-masculino-puma-smash-3-0-l","status":"publish","type":"product","link":"https:\/\/brandss.com.py\/index\/producto\/calzado-casual-masculino-puma-smash-3-0-l\/","title":{"rendered":"CALZADO CASUAL MASCULINO PUMA SMASH 3.0 L"},"content":{"rendered":"<p><img loading=\"lazy\" decoding=\"async\" class=\"\" src=\"https:\/\/upload.wikimedia.org\/wikipedia\/en\/d\/da\/Puma_complete_logo.svg\" alt=\"Puma (brand) - Wikipedia\" width=\"116\" height=\"58\" \/><\/p>\n<h1>SMASH 3.0 L<\/h1>\n<p>El Smash, inspirado en el tenis, est\u00e1 de regreso y mejor que nunca, con su silueta cl\u00e1sica, l\u00edneas largas y limpias, y un cuello y una plantilla acolchados actualizados.<\/p>\n<p><strong>Caracter\u00edsticas<\/strong><\/p>\n<p>Contenido reciclado: El empeine de estos tenis est\u00e1 hecho con al menos 20 % de material reciclado como un paso hacia un futuro mejor<\/p>\n<p>SOFTFOAM+: Plantilla para pisar con comodidad, dise\u00f1ada para brindar una suave amortiguaci\u00f3n gracias a su tal\u00f3n extra grueso<\/p>\n<p>&nbsp;<\/p>\n<p><strong>Detalles<\/strong><\/p>\n<ul>\n<li>Empeine de cuero.<\/li>\n<li>Dise\u00f1o de ojal para fijar las agujetas actualizado.<\/li>\n<li>Cuello cosido y acolchado.<\/li>\n<li>Cierre con agujetas para un ajuste ce\u00f1ido.<\/li>\n<li>PUMA No. 1 Logo en la leng\u00fceta.<\/li>\n<li>PUMA No. 2 Logo en el panel de un cuarto.<\/li>\n<li>Banda PUMA Formstrip en la parte media y los lados.<\/li>\n<li>Logotipo de gato PUMA en el tal\u00f3n.<\/li>\n<li>G\u00e9nero: Masculino.<\/li>\n<li>Material Exterior (Capellada) Cuero vacuno 71% \/ Sint\u00e9tico 29%.<\/li>\n<li>Suela Caucho 100%.<\/li>\n<li>Plantilla Textil 100%.<\/li>\n<li>Forro Textil 100%.<\/li>\n<li>Horma Normal.<\/li>\n<li>Modelo 390987-11.<\/li>\n<\/ul>\n","protected":false},"excerpt":{"rendered":"<p>SMASH 3.0 L El Smash, inspirado en el tenis, est\u00e1 de regreso y mejor que nunca, con su silueta cl\u00e1sica,<\/p>\n","protected":false},"featured_media":86100,"comment_status":"open","ping_status":"closed","template":"","meta":{"nf_dc_page":""},"product_brand":[],"product_cat":[76],"product_tag":[],"class_list":{"0":"post-86099","1":"product","2":"type-product","3":"status-publish","4":"has-post-thumbnail","6":"product_cat-masculino","8":"first","9":"instock","10":"shipping-taxable","11":"purchasable","12":"product-type-simple"},"_links":{"self":[{"href":"https:\/\/brandss.com.py\/index\/wp-json\/wp\/v2\/product\/86099","targetHints":{"allow":["GET"]}}],"collection":[{"href":"https:\/\/brandss.com.py\/index\/wp-json\/wp\/v2\/product"}],"about":[{"href":"https:\/\/brandss.com.py\/index\/wp-json\/wp\/v2\/types\/product"}],"replies":[{"embeddable":true,"href":"https:\/\/brandss.com.py\/index\/wp-json\/wp\/v2\/comments?post=86099"}],"version-history":[{"count":1,"href":"https:\/\/brandss.com.py\/index\/wp-json\/wp\/v2\/product\/86099\/revisions"}],"predecessor-version":[{"id":86106,"href":"https:\/\/brandss.com.py\/index\/wp-json\/wp\/v2\/product\/86099\/revisions\/86106"}],"wp:featuredmedia":[{"embeddable":true,"href":"https:\/\/brandss.com.py\/index\/wp-json\/wp\/v2\/media\/86100"}],"wp:attachment":[{"href":"https:\/\/brandss.com.py\/index\/wp-json\/wp\/v2\/media?parent=86099"}],"wp:term":[{"taxonomy":"product_brand","embeddable":true,"href":"https:\/\/brandss.com.py\/index\/wp-json\/wp\/v2\/product_brand?post=86099"},{"taxonomy":"product_cat","embeddable":true,"href":"https:\/\/brandss.com.py\/index\/wp-json\/wp\/v2\/product_cat?post=86099"},{"taxonomy":"product_tag","embeddable":true,"href":"https:\/\/brandss.com.py\/index\/wp-json\/wp\/v2\/product_tag?post=86099"}],"curies":[{"name":"wp","href":"https:\/\/api.w.org\/{rel}","templated":true}]}}