{"id":86107,"date":"2025-07-11T16:28:20","date_gmt":"2025-07-11T16:28:20","guid":{"rendered":"https:\/\/brandss.com.py\/index\/?post_type=product&#038;p=86107"},"modified":"2025-07-11T16:31:27","modified_gmt":"2025-07-11T16:31:27","slug":"calzado-casual-masculino-puma-smash-3-0-l-2","status":"publish","type":"product","link":"https:\/\/brandss.com.py\/index\/producto\/calzado-casual-masculino-puma-smash-3-0-l-2\/","title":{"rendered":"CALZADO CASUAL MASCULINO PUMA SMASH 3.0 L"},"content":{"rendered":"<p><img loading=\"lazy\" decoding=\"async\" class=\"\" src=\"https:\/\/upload.wikimedia.org\/wikipedia\/en\/d\/da\/Puma_complete_logo.svg\" alt=\"Puma (brand) - Wikipedia\" width=\"98\" height=\"49\" \/><\/p>\n<h1>SMASH 3.0 L<\/h1>\n<div class=\"css-0\">\n<p><span>El Smash inspirado en el tenis ha vuelto y mejor que nunca, presentando su silueta cl\u00e1sica, con l\u00edneas largas y limpias, y un cuello y plantilla acolchados actualizados.<\/span><\/p>\n<h3><span>CARACTER\u00cdSTICAS Y BENEFICIOS<\/span><\/h3>\n<ul>\n<li><span>Contenido reciclado: La parte superior de este calzado est\u00e1 hecha con al menos un 20 % de materiales reciclados como un paso hacia un futuro mejor.<\/span><\/li>\n<li><span>SOFTFOAM+: Plantilla c\u00f3moda de pisar dise\u00f1ada para proporcionar una amortiguaci\u00f3n suave gracias a su tal\u00f3n extra grueso<\/span><\/li>\n<\/ul>\n<h3><span>DETALLES<\/span><\/h3>\n<ul>\n<li><span>Parte superior de cuero.<\/span><\/li>\n<li><span>Dise\u00f1o actualizado del soporte para los ojos.<\/span><\/li>\n<li><span>Cuello acolchado y cosido.<\/span><\/li>\n<li><span>Cierre de cordones para un ajuste perfecto.<\/span><\/li>\n<li><span>Logotipo de PUMA n.\u00ba 1 en la leng\u00fceta.<\/span><\/li>\n<li><span>Logotipo de PUMA n.\u00ba 2 en el lateral.<\/span><\/li>\n<li><span>Franja caracter\u00edstica de PUMA en los lados medial y lateral.<\/span><\/li>\n<li><span>Logotipo del felino PUMA en el tal\u00f3n.<\/span><\/li>\n<li><span><span>Modelo: <\/span><\/span><span><span>390987-13.<\/span><\/span><\/li>\n<li><span><span>Color\u00a0<\/span><\/span><span><span>:\u00a0<\/span><\/span><span><span>PUMA Blanco-PUMA Azul Marino-PUMA Dorado<\/span><\/span><\/li>\n<\/ul>\n<\/div>\n<div class=\"chakra-stack css-1y5jaru\">\n<div class=\"css-1ki54i\">\n<h3 class=\"chakra-heading css-1dklj6k\"><span>Composici\u00f3n del material<\/span><\/h3>\n<ul class=\"css-155za0w\" role=\"list\">\n<li class=\"css-0\"><span>Exterior: 54,75% Piel de vacuno, 42,46% Sint\u00e9tico, 2,79% Textil<\/span><\/li>\n<li class=\"css-0\"><span>Suela: 100% Goma<\/span><\/li>\n<li class=\"css-0\"><span>Plantilla: 100% Textil<\/span><\/li>\n<li class=\"css-0\"><span>Forro: 100% Textil<\/span><\/li>\n<\/ul>\n<\/div>\n<\/div>\n","protected":false},"excerpt":{"rendered":"<p>SMASH 3.0 L El Smash inspirado en el tenis ha vuelto y mejor que nunca, presentando su silueta cl\u00e1sica, con<\/p>\n","protected":false},"featured_media":86108,"comment_status":"open","ping_status":"closed","template":"","meta":{"nf_dc_page":""},"product_brand":[],"product_cat":[76],"product_tag":[],"class_list":{"0":"post-86107","1":"product","2":"type-product","3":"status-publish","4":"has-post-thumbnail","6":"product_cat-masculino","8":"first","9":"instock","10":"shipping-taxable","11":"purchasable","12":"product-type-simple"},"_links":{"self":[{"href":"https:\/\/brandss.com.py\/index\/wp-json\/wp\/v2\/product\/86107","targetHints":{"allow":["GET"]}}],"collection":[{"href":"https:\/\/brandss.com.py\/index\/wp-json\/wp\/v2\/product"}],"about":[{"href":"https:\/\/brandss.com.py\/index\/wp-json\/wp\/v2\/types\/product"}],"replies":[{"embeddable":true,"href":"https:\/\/brandss.com.py\/index\/wp-json\/wp\/v2\/comments?post=86107"}],"version-history":[{"count":1,"href":"https:\/\/brandss.com.py\/index\/wp-json\/wp\/v2\/product\/86107\/revisions"}],"predecessor-version":[{"id":86116,"href":"https:\/\/brandss.com.py\/index\/wp-json\/wp\/v2\/product\/86107\/revisions\/86116"}],"wp:featuredmedia":[{"embeddable":true,"href":"https:\/\/brandss.com.py\/index\/wp-json\/wp\/v2\/media\/86108"}],"wp:attachment":[{"href":"https:\/\/brandss.com.py\/index\/wp-json\/wp\/v2\/media?parent=86107"}],"wp:term":[{"taxonomy":"product_brand","embeddable":true,"href":"https:\/\/brandss.com.py\/index\/wp-json\/wp\/v2\/product_brand?post=86107"},{"taxonomy":"product_cat","embeddable":true,"href":"https:\/\/brandss.com.py\/index\/wp-json\/wp\/v2\/product_cat?post=86107"},{"taxonomy":"product_tag","embeddable":true,"href":"https:\/\/brandss.com.py\/index\/wp-json\/wp\/v2\/product_tag?post=86107"}],"curies":[{"name":"wp","href":"https:\/\/api.w.org\/{rel}","templated":true}]}}