{"id":86117,"date":"2025-07-11T17:24:09","date_gmt":"2025-07-11T17:24:09","guid":{"rendered":"https:\/\/brandss.com.py\/index\/?post_type=product&#038;p=86117"},"modified":"2025-07-11T17:24:39","modified_gmt":"2025-07-11T17:24:39","slug":"calzado-casual-femenino-puma-caven-2-0","status":"publish","type":"product","link":"https:\/\/brandss.com.py\/index\/producto\/calzado-casual-femenino-puma-caven-2-0\/","title":{"rendered":"CALZADO CASUAL FEMENINO PUMA CAVEN 2.0"},"content":{"rendered":"<p><img loading=\"lazy\" decoding=\"async\" class=\"\" src=\"https:\/\/upload.wikimedia.org\/wikipedia\/en\/d\/da\/Puma_complete_logo.svg\" alt=\"Puma (brand) - Wikipedia\" width=\"104\" height=\"52\" \/><\/p>\n<h1>CAVEN 2.0<\/h1>\n<h4 class=\"title__description\"><em>Estilo, comodidad y versatilidad.<\/em><\/h4>\n<p class=\"text__description\">\u00a1Eleva tu estilo urbano con los calzados urbano femenino Caven 2.0! Las Caven 2.0 son una versi\u00f3n sutil de un modelo de baloncesto de los a\u00f1os 80 que crea un cl\u00e1sico fiel al original tanto dentro como fuera de la cancha. Estos calzados vers\u00e1tiles combinan comodidad y estilo. Con una entresuela de IMEVA para una amortiguaci\u00f3n ligera y una plantilla SoftFoam+ para mayor comodidad, cada paso ser\u00e1 un placer. La suela exterior de goma duradera proporciona un agarre seguro, mientras que el empeine de malla transpirable mantiene tus pies frescos. Su dise\u00f1o elegante y moderno, con el ic\u00f3nico logotipo de Puma, complementa cualquier atuendo casual.<\/p>\n<h3 class=\"title__description\">Caracter\u00edsticas:<\/h3>\n<ul class=\"list__description\">\n<li class=\"text_description li_description-text\">Entresuela de IMEVA para amortiguaci\u00f3n ligera.<\/li>\n<li class=\"text_description li_description-text\">Plantilla SoftFoam+ para mayor comodidad.<\/li>\n<li class=\"text_description li_description-text\">Suela exterior de goma para agarre seguro.<\/li>\n<li class=\"text_description li_description-text\">Empeine de malla transpirable para frescura.<\/li>\n<li class=\"text_description li_description-text\">Dise\u00f1o elegante y moderno.<\/li>\n<li>Color: Negro, Blanco, Rosa.<\/li>\n<li>Modelo: 392290-24.<\/li>\n<\/ul>\n","protected":false},"excerpt":{"rendered":"<p>CAVEN 2.0 Estilo, comodidad y versatilidad. \u00a1Eleva tu estilo urbano con los calzados urbano femenino Caven 2.0! Las Caven 2.0<\/p>\n","protected":false},"featured_media":86118,"comment_status":"open","ping_status":"closed","template":"","meta":{"nf_dc_page":""},"product_brand":[],"product_cat":[73],"product_tag":[],"class_list":{"0":"post-86117","1":"product","2":"type-product","3":"status-publish","4":"has-post-thumbnail","6":"product_cat-femenino","8":"first","9":"instock","10":"shipping-taxable","11":"purchasable","12":"product-type-simple"},"_links":{"self":[{"href":"https:\/\/brandss.com.py\/index\/wp-json\/wp\/v2\/product\/86117","targetHints":{"allow":["GET"]}}],"collection":[{"href":"https:\/\/brandss.com.py\/index\/wp-json\/wp\/v2\/product"}],"about":[{"href":"https:\/\/brandss.com.py\/index\/wp-json\/wp\/v2\/types\/product"}],"replies":[{"embeddable":true,"href":"https:\/\/brandss.com.py\/index\/wp-json\/wp\/v2\/comments?post=86117"}],"version-history":[{"count":1,"href":"https:\/\/brandss.com.py\/index\/wp-json\/wp\/v2\/product\/86117\/revisions"}],"predecessor-version":[{"id":86124,"href":"https:\/\/brandss.com.py\/index\/wp-json\/wp\/v2\/product\/86117\/revisions\/86124"}],"wp:featuredmedia":[{"embeddable":true,"href":"https:\/\/brandss.com.py\/index\/wp-json\/wp\/v2\/media\/86118"}],"wp:attachment":[{"href":"https:\/\/brandss.com.py\/index\/wp-json\/wp\/v2\/media?parent=86117"}],"wp:term":[{"taxonomy":"product_brand","embeddable":true,"href":"https:\/\/brandss.com.py\/index\/wp-json\/wp\/v2\/product_brand?post=86117"},{"taxonomy":"product_cat","embeddable":true,"href":"https:\/\/brandss.com.py\/index\/wp-json\/wp\/v2\/product_cat?post=86117"},{"taxonomy":"product_tag","embeddable":true,"href":"https:\/\/brandss.com.py\/index\/wp-json\/wp\/v2\/product_tag?post=86117"}],"curies":[{"name":"wp","href":"https:\/\/api.w.org\/{rel}","templated":true}]}}