{"id":86125,"date":"2025-07-11T17:40:31","date_gmt":"2025-07-11T17:40:31","guid":{"rendered":"https:\/\/brandss.com.py\/index\/?post_type=product&#038;p=86125"},"modified":"2025-07-11T17:41:06","modified_gmt":"2025-07-11T17:41:06","slug":"calzado-deportivo-femenino-puma-milenio-tech-running","status":"publish","type":"product","link":"https:\/\/brandss.com.py\/index\/producto\/calzado-deportivo-femenino-puma-milenio-tech-running\/","title":{"rendered":"CALZADO DEPORTIVO FEMENINO PUMA MILENIO TECH RUNNING"},"content":{"rendered":"<p><img loading=\"lazy\" decoding=\"async\" class=\"\" src=\"https:\/\/upload.wikimedia.org\/wikipedia\/en\/d\/da\/Puma_complete_logo.svg\" alt=\"Puma (brand) - Wikipedia\" width=\"76\" height=\"38\" \/><\/p>\n<h1>MILENIO TECH<\/h1>\n<p>Inspirada en los corredores m\u00e1s queridos de principios del milenio, la Milenio Tech se remonta a los a\u00f1os 2000 con estilo. Combina una malla moderna con brillantes tonos met\u00e1licos para un calzado que se ve y se siente genial.<\/p>\n<p><strong>Caracter\u00edsticas<\/strong><\/p>\n<p>SOFTFOAM+: Plantilla c\u00f3moda de pisar dise\u00f1ada para proporcionar una amortiguaci\u00f3n suave gracias a su tal\u00f3n extra grueso<\/p>\n<p><strong>Detalles<\/strong><\/p>\n<ul>\n<li>Parte superior de malla de aire.<\/li>\n<li>Entresuela de IMEVA.<\/li>\n<li>Suela de goma.<\/li>\n<li>Franja caracter\u00edstica de PUMA en los lados lateral y medial.<\/li>\n<li>Logotipo de PUMA n.\u00b0 1 en la leng\u00fceta.<\/li>\n<li>Logotipo del felino PUMA en el tal\u00f3n.<\/li>\n<li>Modelo: 392322-13.<\/li>\n<li>Color: Blanco, Azul, Verde, Plata.<\/li>\n<\/ul>\n","protected":false},"excerpt":{"rendered":"<p>MILENIO TECH Inspirada en los corredores m\u00e1s queridos de principios del milenio, la Milenio Tech se remonta a los a\u00f1os<\/p>\n","protected":false},"featured_media":86126,"comment_status":"open","ping_status":"closed","template":"","meta":{"nf_dc_page":""},"product_brand":[],"product_cat":[73],"product_tag":[],"class_list":{"0":"post-86125","1":"product","2":"type-product","3":"status-publish","4":"has-post-thumbnail","6":"product_cat-femenino","8":"first","9":"instock","10":"shipping-taxable","11":"purchasable","12":"product-type-simple"},"_links":{"self":[{"href":"https:\/\/brandss.com.py\/index\/wp-json\/wp\/v2\/product\/86125","targetHints":{"allow":["GET"]}}],"collection":[{"href":"https:\/\/brandss.com.py\/index\/wp-json\/wp\/v2\/product"}],"about":[{"href":"https:\/\/brandss.com.py\/index\/wp-json\/wp\/v2\/types\/product"}],"replies":[{"embeddable":true,"href":"https:\/\/brandss.com.py\/index\/wp-json\/wp\/v2\/comments?post=86125"}],"version-history":[{"count":2,"href":"https:\/\/brandss.com.py\/index\/wp-json\/wp\/v2\/product\/86125\/revisions"}],"predecessor-version":[{"id":86133,"href":"https:\/\/brandss.com.py\/index\/wp-json\/wp\/v2\/product\/86125\/revisions\/86133"}],"wp:featuredmedia":[{"embeddable":true,"href":"https:\/\/brandss.com.py\/index\/wp-json\/wp\/v2\/media\/86126"}],"wp:attachment":[{"href":"https:\/\/brandss.com.py\/index\/wp-json\/wp\/v2\/media?parent=86125"}],"wp:term":[{"taxonomy":"product_brand","embeddable":true,"href":"https:\/\/brandss.com.py\/index\/wp-json\/wp\/v2\/product_brand?post=86125"},{"taxonomy":"product_cat","embeddable":true,"href":"https:\/\/brandss.com.py\/index\/wp-json\/wp\/v2\/product_cat?post=86125"},{"taxonomy":"product_tag","embeddable":true,"href":"https:\/\/brandss.com.py\/index\/wp-json\/wp\/v2\/product_tag?post=86125"}],"curies":[{"name":"wp","href":"https:\/\/api.w.org\/{rel}","templated":true}]}}