{"id":86134,"date":"2025-07-11T18:32:28","date_gmt":"2025-07-11T18:32:28","guid":{"rendered":"https:\/\/brandss.com.py\/index\/?post_type=product&#038;p=86134"},"modified":"2025-07-11T18:33:16","modified_gmt":"2025-07-11T18:33:16","slug":"calzado-casual-masculino-puma-parklifestyle-sd","status":"publish","type":"product","link":"https:\/\/brandss.com.py\/index\/producto\/calzado-casual-masculino-puma-parklifestyle-sd\/","title":{"rendered":"CALZADO CASUAL MASCULINO PUMA PARKLIFESTYLE SD"},"content":{"rendered":"<p><img loading=\"lazy\" decoding=\"async\" class=\"\" src=\"https:\/\/upload.wikimedia.org\/wikipedia\/en\/d\/da\/Puma_complete_logo.svg\" alt=\"Puma (brand) - Wikipedia\" width=\"86\" height=\"43\" \/><\/p>\n<h1>PARKLIFESTYLE SD<\/h1>\n<p>Los calzados Park Lifestyle masculino\u00a0combinan a la perfecci\u00f3n ligereza, comodidad y estilo inspirado en el skateboarding. Su dise\u00f1o vers\u00e1til es perfecto tanto para la exploraci\u00f3n urbana como para el d\u00eda a d\u00eda.\u00a0La parte superior, confeccionada con cuero genuino y materiales de alta calidad,\u00a0garantiza durabilidad y comodidad durante largas horas de uso. Adem\u00e1s, la suela de goma garantiza tracci\u00f3n en diversas superficies.<\/p>\n<p>El interior del calzado est\u00e1 forrado con tela, lo que proporciona una sensaci\u00f3n suave y c\u00f3moda a cada paso. Un gran y distintivo\u00a0logotipo de Puma\u00a0en el panel lateral a\u00f1ade un toque de originalidad y estilo. Una leng\u00fceta en la parte trasera facilita su colocaci\u00f3n y descalzado, lo que proporciona mayor funcionalidad, mientras que el cierre con cordones te permite personalizar\u00a0estos calzados\u00a0seg\u00fan tus preferencias.<\/p>\n<p>Los calzados masculinos Park Lifestyle<span>\u00a0no solo son una combinaci\u00f3n perfecta de estilo y comodidad, sino tambi\u00e9n una expresi\u00f3n del gusto personal y un estilo de vida activo.<\/span><\/p>\n<p><b><span>Ventajas<\/span><\/b><\/p>\n<ul>\n<li><span>Corte bajo.<\/span><\/li>\n<li><span>Ligero y c\u00f3modo.<\/span><\/li>\n<li><span>Dise\u00f1o inspirado en el skate.<\/span><\/li>\n<li><span>Se adaptan a estilos urbanos y cotidianos.<\/span><\/li>\n<li><span>Parte superior de piel natural y materiales de alta calidad.<\/span><\/li>\n<li><span>Suela de goma.<\/span><\/li>\n<li><span>El forro textil garantiza la comodidad.<\/span><\/li>\n<li><span>Logotipo distintivo de Puma en el panel lateral.<\/span><\/li>\n<li><span>Lazo para poner y quitar f\u00e1cilmente.<\/span><\/li>\n<li><span>Cierre de cordones.<\/span><\/li>\n<li><span>Parte superior hecha de al menos un 20% de material reciclado.<\/span><\/li>\n<li><span>Composici\u00f3n superior: 53% sint\u00e9tico, 46% piel de vacuno, 1% tejido.<\/span><\/li>\n<li><b><span><span>Modelo:<\/span><\/span><\/b><span><span> 395022-02.<\/span><\/span><\/li>\n<li><b><span><span>G\u00e9nero:<\/span><\/span><\/b><span><span> Masculino.<\/span><\/span><\/li>\n<li><b><span><span>Color:<\/span><\/span><\/b><span><span> Beige.<\/span><\/span><\/li>\n<li><b><span><span>Material superior:<\/span><\/span><\/b><span><span> Piel de ante natural, Piel natural.<\/span><\/span><\/li>\n<li><b><span><span>Forro:<\/span><\/span><\/b><span><span> Textil.<\/span><\/span><\/li>\n<li><b><span><span>Suela:<\/span><\/span><\/b><span><span> Goma.<\/span><\/span><\/li>\n<li><b><span><span>Cierre:<\/span><\/span><\/b><span><span> Cordones.<\/span><\/span><\/li>\n<li><b><span><span>Tecnolog\u00edas:<\/span><\/span><\/b><span><span> SoftFoam+, EVA.<\/span><\/span><\/li>\n<\/ul>\n","protected":false},"excerpt":{"rendered":"<p>PARKLIFESTYLE SD Los calzados Park Lifestyle masculino\u00a0combinan a la perfecci\u00f3n ligereza, comodidad y estilo inspirado en el skateboarding. Su dise\u00f1o<\/p>\n","protected":false},"featured_media":86135,"comment_status":"open","ping_status":"closed","template":"","meta":{"nf_dc_page":""},"product_brand":[],"product_cat":[76],"product_tag":[],"class_list":{"0":"post-86134","1":"product","2":"type-product","3":"status-publish","4":"has-post-thumbnail","6":"product_cat-masculino","8":"first","9":"instock","10":"shipping-taxable","11":"purchasable","12":"product-type-simple"},"_links":{"self":[{"href":"https:\/\/brandss.com.py\/index\/wp-json\/wp\/v2\/product\/86134","targetHints":{"allow":["GET"]}}],"collection":[{"href":"https:\/\/brandss.com.py\/index\/wp-json\/wp\/v2\/product"}],"about":[{"href":"https:\/\/brandss.com.py\/index\/wp-json\/wp\/v2\/types\/product"}],"replies":[{"embeddable":true,"href":"https:\/\/brandss.com.py\/index\/wp-json\/wp\/v2\/comments?post=86134"}],"version-history":[{"count":1,"href":"https:\/\/brandss.com.py\/index\/wp-json\/wp\/v2\/product\/86134\/revisions"}],"predecessor-version":[{"id":86143,"href":"https:\/\/brandss.com.py\/index\/wp-json\/wp\/v2\/product\/86134\/revisions\/86143"}],"wp:featuredmedia":[{"embeddable":true,"href":"https:\/\/brandss.com.py\/index\/wp-json\/wp\/v2\/media\/86135"}],"wp:attachment":[{"href":"https:\/\/brandss.com.py\/index\/wp-json\/wp\/v2\/media?parent=86134"}],"wp:term":[{"taxonomy":"product_brand","embeddable":true,"href":"https:\/\/brandss.com.py\/index\/wp-json\/wp\/v2\/product_brand?post=86134"},{"taxonomy":"product_cat","embeddable":true,"href":"https:\/\/brandss.com.py\/index\/wp-json\/wp\/v2\/product_cat?post=86134"},{"taxonomy":"product_tag","embeddable":true,"href":"https:\/\/brandss.com.py\/index\/wp-json\/wp\/v2\/product_tag?post=86134"}],"curies":[{"name":"wp","href":"https:\/\/api.w.org\/{rel}","templated":true}]}}