{"id":86144,"date":"2025-07-11T19:06:30","date_gmt":"2025-07-11T19:06:30","guid":{"rendered":"https:\/\/brandss.com.py\/index\/?post_type=product&#038;p=86144"},"modified":"2025-07-11T19:08:12","modified_gmt":"2025-07-11T19:08:12","slug":"calzado-deportivo-masculino-puma-hypnotic","status":"publish","type":"product","link":"https:\/\/brandss.com.py\/index\/producto\/calzado-deportivo-masculino-puma-hypnotic\/","title":{"rendered":"CALZADO DEPORTIVO MASCULINO PUMA HYPNOTIC"},"content":{"rendered":"<p><img loading=\"lazy\" decoding=\"async\" class=\"\" src=\"https:\/\/upload.wikimedia.org\/wikipedia\/en\/d\/da\/Puma_complete_logo.svg\" alt=\"Puma (brand) - Wikipedia\" width=\"120\" height=\"60\" \/><\/p>\n<h1>HYPNOTIC<\/h1>\n<div class=\"refinement refinement--productcaract\">\n<div id=\"collapse-refinement-productcaract\" class=\"\">\n<p class=\"text-desctipcion-ficha border-descrition\">Presentamos unos tenis modernos y c\u00f3modos, dise\u00f1ados para consumidores que buscan estilo y confort. Los Hypnotic es un calzado que est\u00e1 dise\u00f1ado pensando tanto en la comodidad como en el estilo, lo que la convierte en la elecci\u00f3n perfecta para cualquier persona activa que permanezca de pie durante todo el d\u00eda. Con su innovadora tecnolog\u00eda de espuma Softride, este calzado proporciona una comodidad y una sujeci\u00f3n inigualables, reduce la fatiga y mantiene tus pies frescos y llenos de energ\u00eda, incluso despu\u00e9s de un largo d\u00eda de ir caminando o corriendo de un lado a otro. Los calzados Puma Hypnotic para hombre son perfectos para los amantes del running y la vida activa. Con un dise\u00f1o moderno que combina tonos grises y detalles en amarillo ne\u00f3n, estos calzados ofrecen no solo un look atractivo, sino tambi\u00e9n una comodidad excepcional en cualquier actividad. La parte superior ligera y transpirable permite la circulaci\u00f3n del aire, mientras que la parte exterior flexible y resistente ofrece un soporte seguro y estabilidad a cada paso.<\/p>\n<\/div>\n<\/div>\n<div id=\"collapse-refinements\" class=\"refinement-bar__refinements refinements collapse show\"><strong>Caracter\u00edsticas<\/strong><\/div>\n<div class=\"refinement refinement--productcaract\">\n<div class=\"content-mad-detaller-ficha\">\n<ul>\n<li>El exterior de los calzados est\u00e1n fabricados con al menos un 30 % de materiales reciclados.<\/li>\n<li>Calzado bajo.<\/li>\n<li>Entresuela SOFTRIDE.<\/li>\n<li>Suela de goma.<\/li>\n<li>Cierre de cordones.<\/li>\n<li>Logotipo PUMA Cat en la leng\u00fceta y en el tal\u00f3n.<\/li>\n<li class=\"text-desctipcion-ficha\">Modelo: 395235-18.<\/li>\n<li>Color: Gris claro fr\u00edo-negro puma-lima claro.<\/li>\n<li class=\"text-desctipcion-ficha\">G\u00e9nero: Masculino.<\/li>\n<\/ul>\n<\/div>\n<\/div>\n","protected":false},"excerpt":{"rendered":"<p>HYPNOTIC Presentamos unos tenis modernos y c\u00f3modos, dise\u00f1ados para consumidores que buscan estilo y confort. Los Hypnotic es un calzado<\/p>\n","protected":false},"featured_media":86145,"comment_status":"open","ping_status":"closed","template":"","meta":{"nf_dc_page":""},"product_brand":[],"product_cat":[76],"product_tag":[],"class_list":{"0":"post-86144","1":"product","2":"type-product","3":"status-publish","4":"has-post-thumbnail","6":"product_cat-masculino","8":"first","9":"instock","10":"shipping-taxable","11":"purchasable","12":"product-type-simple"},"_links":{"self":[{"href":"https:\/\/brandss.com.py\/index\/wp-json\/wp\/v2\/product\/86144","targetHints":{"allow":["GET"]}}],"collection":[{"href":"https:\/\/brandss.com.py\/index\/wp-json\/wp\/v2\/product"}],"about":[{"href":"https:\/\/brandss.com.py\/index\/wp-json\/wp\/v2\/types\/product"}],"replies":[{"embeddable":true,"href":"https:\/\/brandss.com.py\/index\/wp-json\/wp\/v2\/comments?post=86144"}],"version-history":[{"count":1,"href":"https:\/\/brandss.com.py\/index\/wp-json\/wp\/v2\/product\/86144\/revisions"}],"predecessor-version":[{"id":86151,"href":"https:\/\/brandss.com.py\/index\/wp-json\/wp\/v2\/product\/86144\/revisions\/86151"}],"wp:featuredmedia":[{"embeddable":true,"href":"https:\/\/brandss.com.py\/index\/wp-json\/wp\/v2\/media\/86145"}],"wp:attachment":[{"href":"https:\/\/brandss.com.py\/index\/wp-json\/wp\/v2\/media?parent=86144"}],"wp:term":[{"taxonomy":"product_brand","embeddable":true,"href":"https:\/\/brandss.com.py\/index\/wp-json\/wp\/v2\/product_brand?post=86144"},{"taxonomy":"product_cat","embeddable":true,"href":"https:\/\/brandss.com.py\/index\/wp-json\/wp\/v2\/product_cat?post=86144"},{"taxonomy":"product_tag","embeddable":true,"href":"https:\/\/brandss.com.py\/index\/wp-json\/wp\/v2\/product_tag?post=86144"}],"curies":[{"name":"wp","href":"https:\/\/api.w.org\/{rel}","templated":true}]}}