{"id":86152,"date":"2025-07-12T10:58:05","date_gmt":"2025-07-12T10:58:05","guid":{"rendered":"https:\/\/brandss.com.py\/index\/?post_type=product&#038;p=86152"},"modified":"2026-01-10T17:07:18","modified_gmt":"2026-01-10T17:07:18","slug":"calzado-casual-masculino-puma-park-lifestyle-og","status":"publish","type":"product","link":"https:\/\/brandss.com.py\/index\/producto\/calzado-casual-masculino-puma-park-lifestyle-og\/","title":{"rendered":"CALZADO CASUAL MASCULINO PUMA PARK LIFESTYLE OG"},"content":{"rendered":"<p><img loading=\"lazy\" decoding=\"async\" class=\"\" src=\"https:\/\/1000marcas.net\/wp-content\/uploads\/2019\/12\/logo-Puma.png\" alt=\"Logo de Puma: la historia y el significado del logotipo, la marca y el  s\u00edmbolo. | png, vector\" width=\"119\" height=\"59\" \/><\/p>\n<h1>PARK LIFESTYLE OG<\/h1>\n<div class=\"refinement refinement--productcaract\">\n<div id=\"collapse-refinement-productcaract\" class=\"\">\n<p class=\"text-desctipcion-ficha border-descrition\">El Park Lifestyle OG de Puma es un sneaker de estilo retro con un dise\u00f1o cl\u00e1sico y detalles modernos, ofreciendo comodidad y versatilidad para un look casual y deportivo. Ap\u00f3yate en las vibraciones de la cancha sin esfuerzo y convi\u00e9rtelas en parte de tu ADN de estilo. Con un dise\u00f1o inspirado en el tenis retro, las nuevas Court Classic Lux fusionan versatilidad y moda en una prenda b\u00e1sica ic\u00f3nica con detalles cualitativos como superposiciones de piel, cord\u00f3n joya y logotipos estampados: inspiradas en las canchas de juego y confeccionadas para la vida urbana. La plantilla Softfoam+ ofrece una amortiguaci\u00f3n superior y una comodidad \u00f3ptima en cada paso del d\u00eda.<\/p>\n<\/div>\n<\/div>\n<div id=\"collapse-refinements\" class=\"refinement-bar__refinements refinements collapse show\"><\/div>\n<div class=\"refinement refinement--productcaract\">\n<h3 class=\"refinement__title\">Detalles<\/h3>\n<div class=\"content-mad-detaller-ficha\">\n<ul>\n<li>SOFTFOAM+: plantilla de confort dise\u00f1ada para proporcionar una suave amortiguaci\u00f3n gracias a su tal\u00f3n extragrueso.<\/li>\n<li>Los productos de piel de PUMA respaldan una fabricaci\u00f3n sostenible a trav\u00e9s del Leather Working Group.<\/li>\n<li>Exterior de piel.<\/li>\n<li>Gema en los cordones.<\/li>\n<li>Logotipos estampados.<\/li>\n<li>Forro textil.<\/li>\n<li>Suela de goma.<\/li>\n<li class=\"text-desctipcion-ficha\">Modelo: 397262-10.<\/li>\n<li class=\"text-desctipcion-ficha\">G\u00e9nero:\u00a0<span class=\"cap\">Masculino.<\/span><\/li>\n<li class=\"text-desctipcion-ficha\">Color: Negro.<\/li>\n<\/ul>\n<\/div>\n<\/div>\n","protected":false},"excerpt":{"rendered":"<p>PARK LIFESTYLE OG El Park Lifestyle OG de Puma es un sneaker de estilo retro con un dise\u00f1o cl\u00e1sico y<\/p>\n","protected":false},"featured_media":86153,"comment_status":"open","ping_status":"closed","template":"","meta":{"nf_dc_page":""},"product_brand":[2306],"product_cat":[76],"product_tag":[2396],"class_list":{"0":"post-86152","1":"product","2":"type-product","3":"status-publish","4":"has-post-thumbnail","6":"product_brand-puma","7":"product_cat-masculino","8":"product_tag-397262-10","10":"first","11":"outofstock","12":"shipping-taxable","13":"purchasable","14":"product-type-simple"},"_links":{"self":[{"href":"https:\/\/brandss.com.py\/index\/wp-json\/wp\/v2\/product\/86152","targetHints":{"allow":["GET"]}}],"collection":[{"href":"https:\/\/brandss.com.py\/index\/wp-json\/wp\/v2\/product"}],"about":[{"href":"https:\/\/brandss.com.py\/index\/wp-json\/wp\/v2\/types\/product"}],"replies":[{"embeddable":true,"href":"https:\/\/brandss.com.py\/index\/wp-json\/wp\/v2\/comments?post=86152"}],"version-history":[{"count":1,"href":"https:\/\/brandss.com.py\/index\/wp-json\/wp\/v2\/product\/86152\/revisions"}],"predecessor-version":[{"id":86160,"href":"https:\/\/brandss.com.py\/index\/wp-json\/wp\/v2\/product\/86152\/revisions\/86160"}],"wp:featuredmedia":[{"embeddable":true,"href":"https:\/\/brandss.com.py\/index\/wp-json\/wp\/v2\/media\/86153"}],"wp:attachment":[{"href":"https:\/\/brandss.com.py\/index\/wp-json\/wp\/v2\/media?parent=86152"}],"wp:term":[{"taxonomy":"product_brand","embeddable":true,"href":"https:\/\/brandss.com.py\/index\/wp-json\/wp\/v2\/product_brand?post=86152"},{"taxonomy":"product_cat","embeddable":true,"href":"https:\/\/brandss.com.py\/index\/wp-json\/wp\/v2\/product_cat?post=86152"},{"taxonomy":"product_tag","embeddable":true,"href":"https:\/\/brandss.com.py\/index\/wp-json\/wp\/v2\/product_tag?post=86152"}],"curies":[{"name":"wp","href":"https:\/\/api.w.org\/{rel}","templated":true}]}}