{"id":86161,"date":"2025-07-12T12:07:07","date_gmt":"2025-07-12T12:07:07","guid":{"rendered":"https:\/\/brandss.com.py\/index\/?post_type=product&#038;p=86161"},"modified":"2025-07-12T12:07:43","modified_gmt":"2025-07-12T12:07:43","slug":"calzado-deportivo-masculino-puma-softride-wired-2","status":"publish","type":"product","link":"https:\/\/brandss.com.py\/index\/producto\/calzado-deportivo-masculino-puma-softride-wired-2\/","title":{"rendered":"CALZADO DEPORTIVO MASCULINO PUMA SOFTRIDE WIRED 2"},"content":{"rendered":"<p><img loading=\"lazy\" decoding=\"async\" class=\"\" src=\"https:\/\/1000marcas.net\/wp-content\/uploads\/2019\/12\/logo-Puma.png\" alt=\"Logo de Puma: la historia y el significado del logotipo, la marca y el  s\u00edmbolo. | png, vector\" width=\"104\" height=\"52\" \/><\/p>\n<h1>SOFTRIDE WIRED 2<\/h1>\n<p>Descubre las Softride Wired 2, un estilo moderno y urbano dise\u00f1ado para adaptarse al estilo de vida activo de hoy. La parte superior de malla transpirable proporciona una buena ventilaci\u00f3n, manteniendo tus pies frescos y c\u00f3modos durante todo el d\u00eda. Su construcci\u00f3n ligera y amortiguaci\u00f3n reactiva ofrecen la combinaci\u00f3n perfecta de sujeci\u00f3n y agilidad. Con un compuesto Softride y una plantilla softfoam+, estos canzados ofrecen una amortiguaci\u00f3n superior y una comodidad \u00f3ptima en cada paso del d\u00eda.<\/p>\n<div class=\"refinement refinement--productcaract\">\n<div id=\"collapse-refinement-productcaract\" class=\"\">\n<p class=\"text-desctipcion-ficha border-descrition\">El Softride Wired 2 de Puma es un sneaker de alto rendimiento que ofrece una excelente amortiguaci\u00f3n y soporte, combinado con un dise\u00f1o moderno y ligero para un confort duradero durante todo el d\u00eda.<\/p>\n<\/div>\n<\/div>\n<div id=\"collapse-refinements\" class=\"refinement-bar__refinements refinements collapse show\"><\/div>\n<div class=\"refinement refinement--productcaract\">\n<h3 class=\"refinement__title\">Detalles<\/h3>\n<div class=\"content-mad-detaller-ficha\">\n<ul>\n<li>Con una suela de alta tracci\u00f3n y una parte superior 100\u00a0% PUMA, la Reflect Lite Trail es como t\u00fa: lista para enfrentarse a cualquier cosa sin sacrificar el estilo.<\/li>\n<li>Espuma PUMALite: fabricada con un\u00a010% de EVA reciclada, proporciona una amortiguaci\u00f3n superior y una pisada c\u00f3moda durante todo el d\u00eda.<\/li>\n<li>SOFTFOAM+: plantilla de confort dise\u00f1ada para proporcionar una suave amortiguaci\u00f3n gracias a su tal\u00f3n extragrueso.<\/li>\n<li>El exterior de los calzados est\u00e1n fabricados con al menos un 20 % de materiales reciclados y la parte inferior con al menos un 10 % de materiales reciclados.<\/li>\n<li>Exterior sint\u00e9tico y textil con superposiciones que mejoran la durabilidad y la sujeci\u00f3n.<\/li>\n<li>Plantilla SoftFoam+.<\/li>\n<li>Entresuela de espuma EVA PUMALite.<\/li>\n<li>Suela de goma integral PROTREAD para una mayor durabilidad y tracci\u00f3n.<\/li>\n<li>Formstrip de PUMA en el lateral interior y exterior.<\/li>\n<li class=\"text-desctipcion-ficha\">Modelo: 400232-01.<\/li>\n<li>Color: Negro, Blanco.<\/li>\n<li class=\"text-desctipcion-ficha\">G\u00e9nero:\u00a0<span class=\"cap\">Masculino.<\/span><\/li>\n<li class=\"text-desctipcion-ficha\">Modalidad:\u00a0<span class=\"cap\">running<\/span><\/li>\n<\/ul>\n<\/div>\n<\/div>\n","protected":false},"excerpt":{"rendered":"<p>SOFTRIDE WIRED 2 Descubre las Softride Wired 2, un estilo moderno y urbano dise\u00f1ado para adaptarse al estilo de vida<\/p>\n","protected":false},"featured_media":86162,"comment_status":"open","ping_status":"closed","template":"","meta":{"nf_dc_page":""},"product_brand":[],"product_cat":[76],"product_tag":[],"class_list":{"0":"post-86161","1":"product","2":"type-product","3":"status-publish","4":"has-post-thumbnail","6":"product_cat-masculino","8":"first","9":"instock","10":"shipping-taxable","11":"purchasable","12":"product-type-simple"},"_links":{"self":[{"href":"https:\/\/brandss.com.py\/index\/wp-json\/wp\/v2\/product\/86161","targetHints":{"allow":["GET"]}}],"collection":[{"href":"https:\/\/brandss.com.py\/index\/wp-json\/wp\/v2\/product"}],"about":[{"href":"https:\/\/brandss.com.py\/index\/wp-json\/wp\/v2\/types\/product"}],"replies":[{"embeddable":true,"href":"https:\/\/brandss.com.py\/index\/wp-json\/wp\/v2\/comments?post=86161"}],"version-history":[{"count":1,"href":"https:\/\/brandss.com.py\/index\/wp-json\/wp\/v2\/product\/86161\/revisions"}],"predecessor-version":[{"id":86167,"href":"https:\/\/brandss.com.py\/index\/wp-json\/wp\/v2\/product\/86161\/revisions\/86167"}],"wp:featuredmedia":[{"embeddable":true,"href":"https:\/\/brandss.com.py\/index\/wp-json\/wp\/v2\/media\/86162"}],"wp:attachment":[{"href":"https:\/\/brandss.com.py\/index\/wp-json\/wp\/v2\/media?parent=86161"}],"wp:term":[{"taxonomy":"product_brand","embeddable":true,"href":"https:\/\/brandss.com.py\/index\/wp-json\/wp\/v2\/product_brand?post=86161"},{"taxonomy":"product_cat","embeddable":true,"href":"https:\/\/brandss.com.py\/index\/wp-json\/wp\/v2\/product_cat?post=86161"},{"taxonomy":"product_tag","embeddable":true,"href":"https:\/\/brandss.com.py\/index\/wp-json\/wp\/v2\/product_tag?post=86161"}],"curies":[{"name":"wp","href":"https:\/\/api.w.org\/{rel}","templated":true}]}}