{"id":86168,"date":"2025-07-12T13:26:13","date_gmt":"2025-07-12T13:26:13","guid":{"rendered":"https:\/\/brandss.com.py\/index\/?post_type=product&#038;p=86168"},"modified":"2026-01-08T18:00:36","modified_gmt":"2026-01-08T18:00:36","slug":"pelota-de-padel-unisex-bullpadel-fip-next-set-de-3","status":"publish","type":"product","link":"https:\/\/brandss.com.py\/index\/producto\/pelota-de-padel-unisex-bullpadel-fip-next-set-de-3\/","title":{"rendered":"PELOTA DE PADEL UNISEX BULLPADEL FIP NEXT SET DE 3"},"content":{"rendered":"<p><img loading=\"lazy\" decoding=\"async\" class=\"\" src=\"https:\/\/www.bullpadelpy.com\/web\/image\/website\/10\/logo\/BullpadelPy?unique=5436af3\" alt=\"BullPadel\u00ae Paraguay | Tienda Oficial\" width=\"116\" height=\"33\" \/><\/p>\n<h1>FIP NEXT<\/h1>\n<p>La gama NEXT ha sido desarrolladas junto a la FIP teniendo en cuenta las necesidades de todos los amantes de nuestro deporte. La pelota NEXT, est\u00e1 dirigida para aquellos jugadores que buscan versatilidad y equilibrio, Con una mezcla de felpa natural y sint\u00e9tica, estas bolas aseguran un rendimiento constante y adaptabilidad en cualquier estilo de juego. La presi\u00f3n moderada proporciona un equilibrio perfecto entre velocidad y control, haci\u00e9ndolas ideales para pistas r\u00e1pidas donde se necesita un toque extra de precisi\u00f3n. Adem\u00e1s, las bolas NEXT son las bolas oficiales para el circuito profesional Premier Padel y de la Federaci\u00f3n Internacional de P\u00e1del, teniendo un sello de calidad y rendimiento excepcional.<\/p>\n<p>La pelota Next FIP es una pelota de m\u00e1xima velocidad que permite agilizar los partidos adem\u00e1s tiene una gran durabilidad. Gracias a su fabricaci\u00f3n de m\u00e1xima calidad en fieltro natural, aumenta y garantiza una mejor sensaci\u00f3n de golpeo.\u00a0 Es una pelota de gran calidad pensada para competiciones y torneos. Adem\u00e1s, cuenta con un n\u00facleo de caucho de alta densidad que evita la p\u00e9rdida de la presi\u00f3n aumentando la durabilidad de la bola. Se define como un modelo premium de gran control que har\u00e1 las delicias del jugador de alto nivel permiti\u00e9ndole hacer todo tipo de jugadas.<\/p>\n<p><strong>Especificaciones<\/strong><\/p>\n<ul>\n<li>La pelota Next es una pelota de m\u00e1xima velocidad que agiliza los partidos y tiene una gran durabilidad.<\/li>\n<li>Fabricada con fieltro natural de m\u00e1xima calidad, proporciona una mejor sensaci\u00f3n al golpear.<\/li>\n<li>Ideal para competiciones y torneos, cuenta con un n\u00facleo de caucho de alta densidad que evita la p\u00e9rdida de presi\u00f3n, aumentando la durabilidad de la bola.<\/li>\n<li>Se define como un modelo premium de gran control, ideal para jugadores de alto nivel que buscan realizar todo tipo de jugadas.<\/li>\n<li>La Bullpadel Next es la bola utilizada por la FIP (Federaci\u00f3n Internacional de Padel)..<\/li>\n<li>Control: 8.<\/li>\n<li>Velocidad: 8.<\/li>\n<li>Durabilidad: 8.<\/li>\n<li>Condici\u00f3n de juego: Altitud Alta<\/li>\n<\/ul>\n","protected":false},"excerpt":{"rendered":"<p>FIP NEXT La gama NEXT ha sido desarrolladas junto a la FIP teniendo en cuenta las necesidades de todos los<\/p>\n","protected":false},"featured_media":86169,"comment_status":"open","ping_status":"closed","template":"","meta":{"nf_dc_page":""},"product_brand":[2309],"product_cat":[93],"product_tag":[2310],"class_list":{"0":"post-86168","1":"product","2":"type-product","3":"status-publish","4":"has-post-thumbnail","6":"product_brand-bullpadel","7":"product_cat-deportivo","8":"product_tag-2310","10":"first","11":"instock","12":"shipping-taxable","13":"purchasable","14":"product-type-simple"},"_links":{"self":[{"href":"https:\/\/brandss.com.py\/index\/wp-json\/wp\/v2\/product\/86168","targetHints":{"allow":["GET"]}}],"collection":[{"href":"https:\/\/brandss.com.py\/index\/wp-json\/wp\/v2\/product"}],"about":[{"href":"https:\/\/brandss.com.py\/index\/wp-json\/wp\/v2\/types\/product"}],"replies":[{"embeddable":true,"href":"https:\/\/brandss.com.py\/index\/wp-json\/wp\/v2\/comments?post=86168"}],"version-history":[{"count":1,"href":"https:\/\/brandss.com.py\/index\/wp-json\/wp\/v2\/product\/86168\/revisions"}],"predecessor-version":[{"id":86174,"href":"https:\/\/brandss.com.py\/index\/wp-json\/wp\/v2\/product\/86168\/revisions\/86174"}],"wp:featuredmedia":[{"embeddable":true,"href":"https:\/\/brandss.com.py\/index\/wp-json\/wp\/v2\/media\/86169"}],"wp:attachment":[{"href":"https:\/\/brandss.com.py\/index\/wp-json\/wp\/v2\/media?parent=86168"}],"wp:term":[{"taxonomy":"product_brand","embeddable":true,"href":"https:\/\/brandss.com.py\/index\/wp-json\/wp\/v2\/product_brand?post=86168"},{"taxonomy":"product_cat","embeddable":true,"href":"https:\/\/brandss.com.py\/index\/wp-json\/wp\/v2\/product_cat?post=86168"},{"taxonomy":"product_tag","embeddable":true,"href":"https:\/\/brandss.com.py\/index\/wp-json\/wp\/v2\/product_tag?post=86168"}],"curies":[{"name":"wp","href":"https:\/\/api.w.org\/{rel}","templated":true}]}}