{"id":86185,"date":"2025-07-12T14:30:44","date_gmt":"2025-07-12T14:30:44","guid":{"rendered":"https:\/\/brandss.com.py\/index\/?post_type=product&#038;p=86185"},"modified":"2026-02-13T10:59:53","modified_gmt":"2026-02-13T10:59:53","slug":"pelota-de-futbol-unisex-puma-prestige-ball-2","status":"publish","type":"product","link":"https:\/\/brandss.com.py\/index\/producto\/pelota-de-futbol-unisex-puma-prestige-ball-2\/","title":{"rendered":"PELOTA DE F\u00daTBOL UNISEX PUMA PRESTIGE BALL"},"content":{"rendered":"<p><img loading=\"lazy\" decoding=\"async\" class=\"\" src=\"https:\/\/1000marcas.net\/wp-content\/uploads\/2019\/12\/logo-Puma.png\" alt=\"Logo de Puma: la historia y el significado del logotipo, la marca y el  s\u00edmbolo. | png, vector\" width=\"154\" height=\"77\" \/><\/p>\n<h1>PRESTIGE BALL<\/h1>\n<div class=\"trix-content\">\n<div>Conquista la cancha con la Pelota Puma Prestige. Dise\u00f1ada para elevar tu juego a nuevas alturas, esta pelota de f\u00fatbol fusiona tecnolog\u00eda de vanguardia con un estilo impresionante. Su superficie con detalles gr\u00e1ficos vibrantes y llamativos resaltan en cada movimiento. La construcci\u00f3n de alta calidad garantiza durabilidad y un rendimiento excepcional en el campo. Con la Pelota Puma Prestige, experimenta la combinaci\u00f3n perfecta de estilo y funcionalidad, llevando tu juego a niveles inigualables. Domina la cancha con confianza y distinci\u00f3n, haciendo que cada toque sea inolvidable. Que se armen las retas con el nuevo\u00a0<span class=\"MuiTypography-root MuiTypography-strong css-wazo7p\">Bal\u00f3n Prestige de Puma<\/span>. cuenta con una cubierta TPU brillante cosida a m\u00e1quina. Dise\u00f1ado para entrenamiento de 32 paneles. Con el logotipo Puma Cat.<\/div>\n<\/div>\n<h4 class=\"mb-3 sc-description\">Detalles<\/h4>\n<div class=\"trix-content\">\n<div><strong>Modelo:<\/strong> 083992-01.<\/div>\n<div><strong>Modalidad:\u00a0<\/strong><span class=\"cap\">f\u00fatbol.\u00a0<\/span><\/div>\n<div><strong>Tama\u00f1o:<\/strong>\u00a05.<\/div>\n<div><strong>Color:<\/strong>\u00a0Blanco.<\/div>\n<\/div>\n","protected":false},"excerpt":{"rendered":"<p>PRESTIGE BALL Conquista la cancha con la Pelota Puma Prestige. Dise\u00f1ada para elevar tu juego a nuevas alturas, esta pelota<\/p>\n","protected":false},"featured_media":86186,"comment_status":"open","ping_status":"closed","template":"","meta":{"nf_dc_page":""},"product_brand":[2306],"product_cat":[93],"product_tag":[2317],"class_list":{"0":"post-86185","1":"product","2":"type-product","3":"status-publish","4":"has-post-thumbnail","6":"product_brand-puma","7":"product_cat-deportivo","8":"product_tag-083992-01","10":"first","11":"instock","12":"shipping-taxable","13":"purchasable","14":"product-type-simple"},"_links":{"self":[{"href":"https:\/\/brandss.com.py\/index\/wp-json\/wp\/v2\/product\/86185","targetHints":{"allow":["GET"]}}],"collection":[{"href":"https:\/\/brandss.com.py\/index\/wp-json\/wp\/v2\/product"}],"about":[{"href":"https:\/\/brandss.com.py\/index\/wp-json\/wp\/v2\/types\/product"}],"replies":[{"embeddable":true,"href":"https:\/\/brandss.com.py\/index\/wp-json\/wp\/v2\/comments?post=86185"}],"version-history":[{"count":1,"href":"https:\/\/brandss.com.py\/index\/wp-json\/wp\/v2\/product\/86185\/revisions"}],"predecessor-version":[{"id":86192,"href":"https:\/\/brandss.com.py\/index\/wp-json\/wp\/v2\/product\/86185\/revisions\/86192"}],"wp:featuredmedia":[{"embeddable":true,"href":"https:\/\/brandss.com.py\/index\/wp-json\/wp\/v2\/media\/86186"}],"wp:attachment":[{"href":"https:\/\/brandss.com.py\/index\/wp-json\/wp\/v2\/media?parent=86185"}],"wp:term":[{"taxonomy":"product_brand","embeddable":true,"href":"https:\/\/brandss.com.py\/index\/wp-json\/wp\/v2\/product_brand?post=86185"},{"taxonomy":"product_cat","embeddable":true,"href":"https:\/\/brandss.com.py\/index\/wp-json\/wp\/v2\/product_cat?post=86185"},{"taxonomy":"product_tag","embeddable":true,"href":"https:\/\/brandss.com.py\/index\/wp-json\/wp\/v2\/product_tag?post=86185"}],"curies":[{"name":"wp","href":"https:\/\/api.w.org\/{rel}","templated":true}]}}