{"id":86193,"date":"2025-07-12T14:52:31","date_gmt":"2025-07-12T14:52:31","guid":{"rendered":"https:\/\/brandss.com.py\/index\/?post_type=product&#038;p=86193"},"modified":"2026-01-08T18:33:44","modified_gmt":"2026-01-08T18:33:44","slug":"calzado-deportivo-unisex-puma-attacanto-tt","status":"publish","type":"product","link":"https:\/\/brandss.com.py\/index\/producto\/calzado-deportivo-unisex-puma-attacanto-tt\/","title":{"rendered":"CALZADO DEPORTIVO UNISEX PUMA ATTACANTO TT"},"content":{"rendered":"<p><img loading=\"lazy\" decoding=\"async\" class=\"\" src=\"https:\/\/1000marcas.net\/wp-content\/uploads\/2019\/12\/logo-Puma.png\" alt=\"Logo de Puma: la historia y el significado del logotipo, la marca y el  s\u00edmbolo. | png, vector\" width=\"92\" height=\"46\" \/><\/p>\n<h1>ATTACANTO TT<\/h1>\n<p>Los ATTACANTO, unos zapatos sencillos y sensatos dise\u00f1ados para satisfacer tus demandas en el campo, est\u00e1n construidos con una parte superior suave para mejorar el toque y el control del bal\u00f3n. La suela ligera te permitir\u00e1 correr y cambiar de direcci\u00f3n con absoluta facilidad. Empeine de material sint\u00e9tico con forro suave que se adapta al pie. Suela exterior de goma de perfil bajo con m\u00faltiples tacos. Aptas para usar en superficies naturales duras y en pasto artificial. TT: Entrenamiento en c\u00e9sped.<\/p>\n<h3>Detalles<\/h3>\n<p>Bota baja<\/p>\n<p>Cordones<\/p>\n<p>Parte superior sint\u00e9tica con forro suave que se adapta al pie.<\/p>\n<p>Suela de goma con m\u00faltiples tachuelas de perfil bajo. Adecuado para uso en superficies duras naturales y c\u00e9sped sint\u00e9tico.<\/p>\n<p>Contrarreloj: Entrenamiento en c\u00e9sped<\/p>\n<p>Color: Negro, Blanco.<\/p>\n<p>Modelo: 107478-01.<\/p>\n","protected":false},"excerpt":{"rendered":"<p>ATTACANTO TT Los ATTACANTO, unos zapatos sencillos y sensatos dise\u00f1ados para satisfacer tus demandas en el campo, est\u00e1n construidos con<\/p>\n","protected":false},"featured_media":86194,"comment_status":"open","ping_status":"closed","template":"","meta":{"nf_dc_page":""},"product_brand":[2306],"product_cat":[73,76],"product_tag":[2324],"class_list":{"0":"post-86193","1":"product","2":"type-product","3":"status-publish","4":"has-post-thumbnail","6":"product_brand-puma","7":"product_cat-femenino","8":"product_cat-masculino","9":"product_tag-107478-01","11":"first","12":"outofstock","13":"shipping-taxable","14":"purchasable","15":"product-type-simple"},"_links":{"self":[{"href":"https:\/\/brandss.com.py\/index\/wp-json\/wp\/v2\/product\/86193","targetHints":{"allow":["GET"]}}],"collection":[{"href":"https:\/\/brandss.com.py\/index\/wp-json\/wp\/v2\/product"}],"about":[{"href":"https:\/\/brandss.com.py\/index\/wp-json\/wp\/v2\/types\/product"}],"replies":[{"embeddable":true,"href":"https:\/\/brandss.com.py\/index\/wp-json\/wp\/v2\/comments?post=86193"}],"version-history":[{"count":1,"href":"https:\/\/brandss.com.py\/index\/wp-json\/wp\/v2\/product\/86193\/revisions"}],"predecessor-version":[{"id":86202,"href":"https:\/\/brandss.com.py\/index\/wp-json\/wp\/v2\/product\/86193\/revisions\/86202"}],"wp:featuredmedia":[{"embeddable":true,"href":"https:\/\/brandss.com.py\/index\/wp-json\/wp\/v2\/media\/86194"}],"wp:attachment":[{"href":"https:\/\/brandss.com.py\/index\/wp-json\/wp\/v2\/media?parent=86193"}],"wp:term":[{"taxonomy":"product_brand","embeddable":true,"href":"https:\/\/brandss.com.py\/index\/wp-json\/wp\/v2\/product_brand?post=86193"},{"taxonomy":"product_cat","embeddable":true,"href":"https:\/\/brandss.com.py\/index\/wp-json\/wp\/v2\/product_cat?post=86193"},{"taxonomy":"product_tag","embeddable":true,"href":"https:\/\/brandss.com.py\/index\/wp-json\/wp\/v2\/product_tag?post=86193"}],"curies":[{"name":"wp","href":"https:\/\/api.w.org\/{rel}","templated":true}]}}