{"id":86213,"date":"2025-07-12T17:25:54","date_gmt":"2025-07-12T17:25:54","guid":{"rendered":"https:\/\/brandss.com.py\/index\/?post_type=product&#038;p=86213"},"modified":"2026-01-09T11:05:26","modified_gmt":"2026-01-09T11:05:26","slug":"camiseta-deportivo-masculino-under-armour-sportstyle-left-chest-mangas-cortas-3","status":"publish","type":"product","link":"https:\/\/brandss.com.py\/index\/producto\/camiseta-deportivo-masculino-under-armour-sportstyle-left-chest-mangas-cortas-3\/","title":{"rendered":"CAMISETA DEPORTIVO MASCULINO UNDER ARMOUR SPORTSTYLE LEFT CHEST MANGAS CORTAS"},"content":{"rendered":"<p><img loading=\"lazy\" decoding=\"async\" class=\"\" src=\"https:\/\/upload.wikimedia.org\/wikipedia\/commons\/4\/44\/Under_armour_logo.svg\" alt=\"Archivo:Under armour logo.svg - Wikipedia, la enciclopedia libre\" width=\"114\" height=\"67\" \/><\/p>\n<h1>SPORTSTYLE LEFT CHEST<\/h1>\n<p><span>Impresionante look deportivo con la camiseta de manga corta Sportstyle Left Chest para hombre. Su\u00a0 <\/span><span>cuello<\/span><span>\u00a0\u00a0redondo te ofrece comodidad en el d\u00eda a d\u00eda. El estampado en el pecho completa el estilo.<\/span><\/p>\n<p><span>Caracter\u00edsticas:<\/span><\/p>\n<ul>\n<li><span>Tejido ultra suave para una comodidad incre\u00edble.<\/span><\/li>\n<li><span>Ajuste holgado.<\/span><\/li>\n<li><span>Composici\u00f3n: 60% Algod\u00f3n, 40% Poli\u00e9ster.<\/span><\/li>\n<li>Color: Negro, Blanco.<\/li>\n<li>Modelo: 1326799-016.<\/li>\n<\/ul>\n","protected":false},"excerpt":{"rendered":"<p>SPORTSTYLE LEFT CHEST Impresionante look deportivo con la camiseta de manga corta Sportstyle Left Chest para hombre. Su\u00a0 cuello\u00a0\u00a0redondo te<\/p>\n","protected":false},"featured_media":86214,"comment_status":"open","ping_status":"closed","template":"","meta":{"nf_dc_page":""},"product_brand":[2332],"product_cat":[76],"product_tag":[2337],"class_list":{"0":"post-86213","1":"product","2":"type-product","3":"status-publish","4":"has-post-thumbnail","6":"product_brand-under-armour","7":"product_cat-masculino","8":"product_tag-1326799-016","10":"first","11":"outofstock","12":"shipping-taxable","13":"purchasable","14":"product-type-simple"},"_links":{"self":[{"href":"https:\/\/brandss.com.py\/index\/wp-json\/wp\/v2\/product\/86213","targetHints":{"allow":["GET"]}}],"collection":[{"href":"https:\/\/brandss.com.py\/index\/wp-json\/wp\/v2\/product"}],"about":[{"href":"https:\/\/brandss.com.py\/index\/wp-json\/wp\/v2\/types\/product"}],"replies":[{"embeddable":true,"href":"https:\/\/brandss.com.py\/index\/wp-json\/wp\/v2\/comments?post=86213"}],"version-history":[{"count":1,"href":"https:\/\/brandss.com.py\/index\/wp-json\/wp\/v2\/product\/86213\/revisions"}],"predecessor-version":[{"id":86218,"href":"https:\/\/brandss.com.py\/index\/wp-json\/wp\/v2\/product\/86213\/revisions\/86218"}],"wp:featuredmedia":[{"embeddable":true,"href":"https:\/\/brandss.com.py\/index\/wp-json\/wp\/v2\/media\/86214"}],"wp:attachment":[{"href":"https:\/\/brandss.com.py\/index\/wp-json\/wp\/v2\/media?parent=86213"}],"wp:term":[{"taxonomy":"product_brand","embeddable":true,"href":"https:\/\/brandss.com.py\/index\/wp-json\/wp\/v2\/product_brand?post=86213"},{"taxonomy":"product_cat","embeddable":true,"href":"https:\/\/brandss.com.py\/index\/wp-json\/wp\/v2\/product_cat?post=86213"},{"taxonomy":"product_tag","embeddable":true,"href":"https:\/\/brandss.com.py\/index\/wp-json\/wp\/v2\/product_tag?post=86213"}],"curies":[{"name":"wp","href":"https:\/\/api.w.org\/{rel}","templated":true}]}}