{"id":86254,"date":"2025-07-14T11:04:11","date_gmt":"2025-07-14T11:04:11","guid":{"rendered":"https:\/\/brandss.com.py\/index\/?post_type=product&#038;p=86254"},"modified":"2026-01-09T11:54:25","modified_gmt":"2026-01-09T11:54:25","slug":"mochila-unisex-under-armour-hustle-sport","status":"publish","type":"product","link":"https:\/\/brandss.com.py\/index\/producto\/mochila-unisex-under-armour-hustle-sport\/","title":{"rendered":"MOCHILA UNISEX UNDER ARMOUR HUSTLE SPORT"},"content":{"rendered":"<p><img loading=\"lazy\" decoding=\"async\" class=\"\" src=\"https:\/\/upload.wikimedia.org\/wikipedia\/commons\/4\/44\/Under_armour_logo.svg\" alt=\"Archivo:Under armour logo.svg - Wikipedia, la enciclopedia libre\" width=\"101\" height=\"59\" \/><\/p>\n<h1>HUSTLE SPORT<\/h1>\n<p><span>Lleva tus pertenencias de forma segura y c\u00f3moda gracias a la mochila Under Armour Hustle Sport.\u00a0\u00a0<\/span><span>Fabricada<\/span><span>\u00a0con tecnolog\u00eda UA Storm, ofrece un acabado extremadamente repelente al agua y cuenta con correas de hombro ajustables para una comodidad m\u00e1xima. Siempre tendr\u00e1s lo que necesitas contigo gracias a sus m\u00faltiples compartimentos y bolsillos.<\/span><\/p>\n<h3><span>Caracter\u00edsticas:<\/span><\/h3>\n<ul>\n<li><span>Tecnolog\u00eda UA Storm: repelente al agua.<\/span><\/li>\n<li><span>Espalda acolchada y correas ergon\u00f3micas para mayor comodidad.<\/span><\/li>\n<li><span>Funda para port\u00e1til de hasta 15 pulgadas.<\/span><\/li>\n<li><span>Sistema de almacenamiento frontal con bandas de goma.<\/span><\/li>\n<li><span>Gran bolsillo frontal con cremallera.<\/span><\/li>\n<li><span>Tejido duradero.<\/span><\/li>\n<li><span>2 portabotellas en el lateral.<\/span><\/li>\n<li><span>Mango en la parte superior.<\/span><\/li>\n<li><span>Dimensiones: 32 x 19 x 47 cm.<\/span><\/li>\n<li><span>Capacidad: 26 L.<\/span><\/li>\n<li><span>Composici\u00f3n: 100% poli\u00e9ster.<\/span><\/li>\n<li>Color: Negro, Plata.<\/li>\n<li><span>Modelo: 1364181-001.<\/span><\/li>\n<\/ul>\n","protected":false},"excerpt":{"rendered":"<p>HUSTLE SPORT Lleva tus pertenencias de forma segura y c\u00f3moda gracias a la mochila Under Armour Hustle Sport.\u00a0\u00a0Fabricada\u00a0con tecnolog\u00eda UA<\/p>\n","protected":false},"featured_media":86255,"comment_status":"open","ping_status":"closed","template":"","meta":{"nf_dc_page":""},"product_brand":[2332],"product_cat":[74,77],"product_tag":[2350],"class_list":{"0":"post-86254","1":"product","2":"type-product","3":"status-publish","4":"has-post-thumbnail","6":"product_brand-under-armour","7":"product_cat-accesorios-fem","8":"product_cat-accesorios-masc","9":"product_tag-1364181-001","11":"first","12":"outofstock","13":"shipping-taxable","14":"purchasable","15":"product-type-simple"},"_links":{"self":[{"href":"https:\/\/brandss.com.py\/index\/wp-json\/wp\/v2\/product\/86254","targetHints":{"allow":["GET"]}}],"collection":[{"href":"https:\/\/brandss.com.py\/index\/wp-json\/wp\/v2\/product"}],"about":[{"href":"https:\/\/brandss.com.py\/index\/wp-json\/wp\/v2\/types\/product"}],"replies":[{"embeddable":true,"href":"https:\/\/brandss.com.py\/index\/wp-json\/wp\/v2\/comments?post=86254"}],"version-history":[{"count":1,"href":"https:\/\/brandss.com.py\/index\/wp-json\/wp\/v2\/product\/86254\/revisions"}],"predecessor-version":[{"id":86262,"href":"https:\/\/brandss.com.py\/index\/wp-json\/wp\/v2\/product\/86254\/revisions\/86262"}],"wp:featuredmedia":[{"embeddable":true,"href":"https:\/\/brandss.com.py\/index\/wp-json\/wp\/v2\/media\/86255"}],"wp:attachment":[{"href":"https:\/\/brandss.com.py\/index\/wp-json\/wp\/v2\/media?parent=86254"}],"wp:term":[{"taxonomy":"product_brand","embeddable":true,"href":"https:\/\/brandss.com.py\/index\/wp-json\/wp\/v2\/product_brand?post=86254"},{"taxonomy":"product_cat","embeddable":true,"href":"https:\/\/brandss.com.py\/index\/wp-json\/wp\/v2\/product_cat?post=86254"},{"taxonomy":"product_tag","embeddable":true,"href":"https:\/\/brandss.com.py\/index\/wp-json\/wp\/v2\/product_tag?post=86254"}],"curies":[{"name":"wp","href":"https:\/\/api.w.org\/{rel}","templated":true}]}}