{"id":86263,"date":"2025-07-14T11:22:14","date_gmt":"2025-07-14T11:22:14","guid":{"rendered":"https:\/\/brandss.com.py\/index\/?post_type=product&#038;p=86263"},"modified":"2026-01-09T11:55:41","modified_gmt":"2026-01-09T11:55:41","slug":"mochila-unisex-under-armour-hustle-sport-2","status":"publish","type":"product","link":"https:\/\/brandss.com.py\/index\/producto\/mochila-unisex-under-armour-hustle-sport-2\/","title":{"rendered":"MOCHILA UNISEX UNDER ARMOUR HUSTLE SPORT"},"content":{"rendered":"<p><img loading=\"lazy\" decoding=\"async\" class=\"\" src=\"https:\/\/upload.wikimedia.org\/wikipedia\/commons\/4\/44\/Under_armour_logo.svg\" alt=\"Archivo:Under armour logo.svg - Wikipedia, la enciclopedia libre\" width=\"154\" height=\"90\" \/><\/p>\n<h1>HUSTLE SPORT<\/h1>\n<p>Estas mochilas cuentan con un dise\u00f1o resistente y ligero que repele el agua y que incluye fundas el\u00e1sticas para guardar f\u00e1cil y r\u00e1pidamente tus cosas, como una chaqueta ligera.<\/p>\n<ul data-bullets=\"true\">\n<li>Tecnolog\u00eda UA Storm resistente al agua que mantiene tus cosas secas<\/li>\n<li>El panel trasero acolchado y las correas moldeadas hacen que sea m\u00e1s c\u00f3moda de transportar<\/li>\n<li>Funda para port\u00e1til con forro suave y panel organizador con capacidad para MacBook Pro\u00ae de 15&#8243; u ordenadores de tama\u00f1o similar<\/li>\n<li>Funda frontal con cierre de cord\u00f3n ajustable para guardar f\u00e1cilmente una chaqueta, un par de zapatillas o una pelota<\/li>\n<li>Bolsillo delantero grande y con cremallera para objetos de valor<\/li>\n<li>Parte inferior revestida, duradera y resistente a la abrasi\u00f3n<\/li>\n<\/ul>\n<h3>Detalles<\/h3>\n<ul data-bullets=\"true\">\n<li>Modelo: 1364181-200.<\/li>\n<li>Color: Taupe Dusk \/ Timberwolf Taupe \/ Anthracite.<\/li>\n<li>2 bolsillos laterales para botellas de agua.<\/li>\n<li>Asa superior.<\/li>\n<li>Dimensiones cuando el accesorio est\u00e1 lleno: 12,6 cm x 7,4 cm x 18,5 cm (ancho x alto x largo).<\/li>\n<li>Volumen: 26 l.<\/li>\n<li>100 % poli\u00e9ster.<\/li>\n<li>Producto importado.<\/li>\n<\/ul>\n","protected":false},"excerpt":{"rendered":"<p>HUSTLE SPORT Estas mochilas cuentan con un dise\u00f1o resistente y ligero que repele el agua y que incluye fundas el\u00e1sticas<\/p>\n","protected":false},"featured_media":86264,"comment_status":"open","ping_status":"closed","template":"","meta":{"nf_dc_page":""},"product_brand":[2332],"product_cat":[74,77],"product_tag":[2351],"class_list":{"0":"post-86263","1":"product","2":"type-product","3":"status-publish","4":"has-post-thumbnail","6":"product_brand-under-armour","7":"product_cat-accesorios-fem","8":"product_cat-accesorios-masc","9":"product_tag-1364181-200","11":"first","12":"outofstock","13":"shipping-taxable","14":"purchasable","15":"product-type-simple"},"_links":{"self":[{"href":"https:\/\/brandss.com.py\/index\/wp-json\/wp\/v2\/product\/86263","targetHints":{"allow":["GET"]}}],"collection":[{"href":"https:\/\/brandss.com.py\/index\/wp-json\/wp\/v2\/product"}],"about":[{"href":"https:\/\/brandss.com.py\/index\/wp-json\/wp\/v2\/types\/product"}],"replies":[{"embeddable":true,"href":"https:\/\/brandss.com.py\/index\/wp-json\/wp\/v2\/comments?post=86263"}],"version-history":[{"count":2,"href":"https:\/\/brandss.com.py\/index\/wp-json\/wp\/v2\/product\/86263\/revisions"}],"predecessor-version":[{"id":86272,"href":"https:\/\/brandss.com.py\/index\/wp-json\/wp\/v2\/product\/86263\/revisions\/86272"}],"wp:featuredmedia":[{"embeddable":true,"href":"https:\/\/brandss.com.py\/index\/wp-json\/wp\/v2\/media\/86264"}],"wp:attachment":[{"href":"https:\/\/brandss.com.py\/index\/wp-json\/wp\/v2\/media?parent=86263"}],"wp:term":[{"taxonomy":"product_brand","embeddable":true,"href":"https:\/\/brandss.com.py\/index\/wp-json\/wp\/v2\/product_brand?post=86263"},{"taxonomy":"product_cat","embeddable":true,"href":"https:\/\/brandss.com.py\/index\/wp-json\/wp\/v2\/product_cat?post=86263"},{"taxonomy":"product_tag","embeddable":true,"href":"https:\/\/brandss.com.py\/index\/wp-json\/wp\/v2\/product_tag?post=86263"}],"curies":[{"name":"wp","href":"https:\/\/api.w.org\/{rel}","templated":true}]}}