{"id":86273,"date":"2025-07-14T11:41:56","date_gmt":"2025-07-14T11:41:56","guid":{"rendered":"https:\/\/brandss.com.py\/index\/?post_type=product&#038;p=86273"},"modified":"2026-01-09T11:58:02","modified_gmt":"2026-01-09T11:58:02","slug":"pantalon-deportivo-masculino-under-armour-drive-tapered-de-golf","status":"publish","type":"product","link":"https:\/\/brandss.com.py\/index\/producto\/pantalon-deportivo-masculino-under-armour-drive-tapered-de-golf\/","title":{"rendered":"PANTAL\u00d3N DEPORTIVO MASCULINO UNDER ARMOUR DRIVE TAPERED DE GOLF"},"content":{"rendered":"<p><img loading=\"lazy\" decoding=\"async\" class=\"\" src=\"https:\/\/upload.wikimedia.org\/wikipedia\/commons\/4\/44\/Under_armour_logo.svg\" alt=\"Archivo:Under armour logo.svg - Wikipedia, la enciclopedia libre\" width=\"99\" height=\"58\" \/><\/p>\n<h1>DRIVE TAPERED<\/h1>\n<p>Pantal\u00f3n de golf Under Armour UA Drive Slim Tapered para hombre. Un pantal\u00f3n de golf confeccionado con un tejido suave y el\u00e1stico, dise\u00f1ado para la comodidad. <span>Fabricado con 56 % poli\u00e9ster y 44 % elastano, el pantal\u00f3n Drive Taper est\u00e1 dise\u00f1ado para ofrecer m\u00e1xima ventilaci\u00f3n y mayor comodidad. La tecnolog\u00eda de transporte de humedad de Under Armour te ayuda a mantenerte fresco y seco, desplazando el sudor de la piel hacia el exterior de la prenda para una r\u00e1pida evaporaci\u00f3n. La tecnolog\u00eda Storm repele el agua sin sacrificar la transpirabilidad, mientras que la cintura el\u00e1stica proporciona una movilidad superior con una comodidad inigualable.<\/span><\/p>\n<p><span>Los pantalones Drive Taper lucen un dise\u00f1o plano frontal de cuatro bolsillos y el logotipo de Under Armour en la parte trasera, debajo del bolsillo derecho. Los pantalones de golf Under Armour tienen un dise\u00f1o contempor\u00e1neo para crear la mejor ropa de golf de alto rendimiento para tu estilo de vida activo.<\/span><\/p>\n<h3>Detalles<\/h3>\n<ul>\n<li>La tecnolog\u00eda UA Storm repele el agua sin sacrificar la transpirabilidad.<\/li>\n<li>El tejido UA Microthread se seca m\u00e1s r\u00e1pido, no se adhiere al cuerpo, no roza y se estira sin absorber el sudor.<\/li>\n<li>El tejido de punto de alto rendimiento proporciona la comodidad y la elasticidad de un tejido de punto, con el aspecto y la estructura de un tejido.<\/li>\n<li>El material absorbe el sudor y se seca rapid\u00edsimo.<\/li>\n<li>La tecnolog\u00eda antiolor previene la proliferaci\u00f3n de microbios que causan mal olor.<\/li>\n<li>Cintura el\u00e1stica para una movilidad superior y una comodidad excepcional.<\/li>\n<li>Frente plano.<\/li>\n<li>Dise\u00f1o de 4 bolsillos.<\/li>\n<li>Acabado con la etiqueta tejida de Under Armour en el bolsillo trasero derecho.<\/li>\n<li>56 % poli\u00e9ster, 44 % elastano.<\/li>\n<li>Corte ajustado.<\/li>\n<li>Color: Acero.<\/li>\n<li>Modelo: 1364410-036<\/li>\n<\/ul>\n","protected":false},"excerpt":{"rendered":"<p>DRIVE TAPERED Pantal\u00f3n de golf Under Armour UA Drive Slim Tapered para hombre. Un pantal\u00f3n de golf confeccionado con un<\/p>\n","protected":false},"featured_media":86274,"comment_status":"open","ping_status":"closed","template":"","meta":{"nf_dc_page":""},"product_brand":[2332],"product_cat":[76],"product_tag":[2352],"class_list":{"0":"post-86273","1":"product","2":"type-product","3":"status-publish","4":"has-post-thumbnail","6":"product_brand-under-armour","7":"product_cat-masculino","8":"product_tag-1364410-036","10":"first","11":"instock","12":"shipping-taxable","13":"purchasable","14":"product-type-simple"},"_links":{"self":[{"href":"https:\/\/brandss.com.py\/index\/wp-json\/wp\/v2\/product\/86273","targetHints":{"allow":["GET"]}}],"collection":[{"href":"https:\/\/brandss.com.py\/index\/wp-json\/wp\/v2\/product"}],"about":[{"href":"https:\/\/brandss.com.py\/index\/wp-json\/wp\/v2\/types\/product"}],"replies":[{"embeddable":true,"href":"https:\/\/brandss.com.py\/index\/wp-json\/wp\/v2\/comments?post=86273"}],"version-history":[{"count":1,"href":"https:\/\/brandss.com.py\/index\/wp-json\/wp\/v2\/product\/86273\/revisions"}],"predecessor-version":[{"id":86281,"href":"https:\/\/brandss.com.py\/index\/wp-json\/wp\/v2\/product\/86273\/revisions\/86281"}],"wp:featuredmedia":[{"embeddable":true,"href":"https:\/\/brandss.com.py\/index\/wp-json\/wp\/v2\/media\/86274"}],"wp:attachment":[{"href":"https:\/\/brandss.com.py\/index\/wp-json\/wp\/v2\/media?parent=86273"}],"wp:term":[{"taxonomy":"product_brand","embeddable":true,"href":"https:\/\/brandss.com.py\/index\/wp-json\/wp\/v2\/product_brand?post=86273"},{"taxonomy":"product_cat","embeddable":true,"href":"https:\/\/brandss.com.py\/index\/wp-json\/wp\/v2\/product_cat?post=86273"},{"taxonomy":"product_tag","embeddable":true,"href":"https:\/\/brandss.com.py\/index\/wp-json\/wp\/v2\/product_tag?post=86273"}],"curies":[{"name":"wp","href":"https:\/\/api.w.org\/{rel}","templated":true}]}}