{"id":86282,"date":"2025-07-14T12:46:15","date_gmt":"2025-07-14T12:46:15","guid":{"rendered":"https:\/\/brandss.com.py\/index\/?post_type=product&#038;p=86282"},"modified":"2026-01-09T12:47:31","modified_gmt":"2026-01-09T12:47:31","slug":"mochila-femenino-under-armour-favorite","status":"publish","type":"product","link":"https:\/\/brandss.com.py\/index\/producto\/mochila-femenino-under-armour-favorite\/","title":{"rendered":"MOCHILA FEMENINO UNDER ARMOUR FAVORITE"},"content":{"rendered":"<p><img loading=\"lazy\" decoding=\"async\" class=\"\" src=\"https:\/\/upload.wikimedia.org\/wikipedia\/commons\/4\/44\/Under_armour_logo.svg\" alt=\"Archivo:Under armour logo.svg - Wikipedia, la enciclopedia libre\" width=\"113\" height=\"66\" \/><\/p>\n<h1>FAVORITE<\/h1>\n<p>Descubre la mochila UNDER ARMOUR para mujer, ideal para mujeres din\u00e1micas. Con un espacioso compartimento principal, funda para port\u00e1til de hasta 13&#8243;, dise\u00f1o ergon\u00f3mico para mayor comodidad en la espalda, bolsillos frontales seguros con cremallera para objetos personales y vers\u00e1tiles asas superiores. Perfecta para combinar practicidad y estilo en tu d\u00eda a d\u00eda.<\/p>\n<p><span>Descubre la mochila para mujer UNDER ARMOUR, dise\u00f1ada para acompa\u00f1ar tu estilo de vida din\u00e1mico con practicidad y comodidad.<\/span><\/p>\n<p><span>Su dise\u00f1o inteligente incluye un amplio compartimento principal con cierre de cord\u00f3n y solapa, ideal para guardar tus objetos esenciales de forma segura. La funda para port\u00e1til tiene capacidad para una MacBook Pro de 13&#8243; o un port\u00e1til de tama\u00f1o similar, lo que garantiza una protecci\u00f3n adicional para tus dispositivos electr\u00f3nicos. <\/span><span>Fabricada con un tama\u00f1o y forma ergon\u00f3micos dise\u00f1ados especialmente para la espalda de las mujeres, esta mochila ofrece un transporte c\u00f3modo durante todo el d\u00eda. <\/span><span>Adem\u00e1s, cuenta con dos bolsillos frontales con cremalleras para guardar objetos de valor de forma c\u00f3moda y segura. Las dos asas superiores ofrecen versatilidad, permiti\u00e9ndote elegir entre diferentes maneras de llevar la mochila, ya sea en las manos o al hombro. <\/span><span>Ideal para quienes buscan practicidad sin sacrificar el estilo, la mochila para mujer UNDER ARMOUR combina funcionalidad y elegancia en un solo producto.<\/span><\/p>\n<p><span>Prep\u00e1rate para afrontar tu d\u00eda a d\u00eda con un accesorio que se adapte a tus necesidades sin sacrificar la comodidad y durabilidad que mereces.<\/span><\/p>\n<p>Es uno de nuestros productos &#8220;Favorite&#8221; por varios motivos. Es resistente, puedes guardar todas tus cosas dentro, tiene un aspecto maravilloso, se adapta a tu espalda y repele la lluvia.<\/p>\n<p>&nbsp;<\/p>\n<h3>Detalles<\/h3>\n<ul>\n<li>Amplio compartimento principal con cierre con cord\u00f3n y solapa.<\/li>\n<li>Funda para port\u00e1til con capacidad para un MacBook Pro\u00ae de 13&#8243; o dispositivo de tama\u00f1o similar.<\/li>\n<li>Dise\u00f1o ergon\u00f3mico adaptado a la espalda de la mujer para una mayor comodidad de transporte.<\/li>\n<li>2 bolsillos delanteros para objetos de valor con tiradores de cremallera tejidos.<\/li>\n<li>Asas superiores dobles tipo tote para un transporte vers\u00e1til.<\/li>\n<li>Modelo: 1369211-014.<\/li>\n<li>Dimensiones: 25 cm x 35 cm x 16 cm (ancho x alto x largo).<\/li>\n<li>Volumen: 10L.<\/li>\n<li>100 % poli\u00e9ster<\/li>\n<li>Color: Gris, Morado.<\/li>\n<li>Producto importado.<\/li>\n<\/ul>\n","protected":false},"excerpt":{"rendered":"<p>FAVORITE Descubre la mochila UNDER ARMOUR para mujer, ideal para mujeres din\u00e1micas. Con un espacioso compartimento principal, funda para port\u00e1til<\/p>\n","protected":false},"featured_media":86283,"comment_status":"open","ping_status":"closed","template":"","meta":{"nf_dc_page":""},"product_brand":[2332],"product_cat":[74],"product_tag":[2354],"class_list":{"0":"post-86282","1":"product","2":"type-product","3":"status-publish","4":"has-post-thumbnail","6":"product_brand-under-armour","7":"product_cat-accesorios-fem","8":"product_tag-1369211-014","10":"first","11":"outofstock","12":"shipping-taxable","13":"purchasable","14":"product-type-simple"},"_links":{"self":[{"href":"https:\/\/brandss.com.py\/index\/wp-json\/wp\/v2\/product\/86282","targetHints":{"allow":["GET"]}}],"collection":[{"href":"https:\/\/brandss.com.py\/index\/wp-json\/wp\/v2\/product"}],"about":[{"href":"https:\/\/brandss.com.py\/index\/wp-json\/wp\/v2\/types\/product"}],"replies":[{"embeddable":true,"href":"https:\/\/brandss.com.py\/index\/wp-json\/wp\/v2\/comments?post=86282"}],"version-history":[{"count":1,"href":"https:\/\/brandss.com.py\/index\/wp-json\/wp\/v2\/product\/86282\/revisions"}],"predecessor-version":[{"id":86289,"href":"https:\/\/brandss.com.py\/index\/wp-json\/wp\/v2\/product\/86282\/revisions\/86289"}],"wp:featuredmedia":[{"embeddable":true,"href":"https:\/\/brandss.com.py\/index\/wp-json\/wp\/v2\/media\/86283"}],"wp:attachment":[{"href":"https:\/\/brandss.com.py\/index\/wp-json\/wp\/v2\/media?parent=86282"}],"wp:term":[{"taxonomy":"product_brand","embeddable":true,"href":"https:\/\/brandss.com.py\/index\/wp-json\/wp\/v2\/product_brand?post=86282"},{"taxonomy":"product_cat","embeddable":true,"href":"https:\/\/brandss.com.py\/index\/wp-json\/wp\/v2\/product_cat?post=86282"},{"taxonomy":"product_tag","embeddable":true,"href":"https:\/\/brandss.com.py\/index\/wp-json\/wp\/v2\/product_tag?post=86282"}],"curies":[{"name":"wp","href":"https:\/\/api.w.org\/{rel}","templated":true}]}}