{"id":86290,"date":"2025-07-14T13:24:17","date_gmt":"2025-07-14T13:24:17","guid":{"rendered":"https:\/\/brandss.com.py\/index\/?post_type=product&#038;p=86290"},"modified":"2026-01-09T12:53:55","modified_gmt":"2026-01-09T12:53:55","slug":"bolso-deportivo-unisex-under-armour-undeniable-5-0-md","status":"publish","type":"product","link":"https:\/\/brandss.com.py\/index\/producto\/bolso-deportivo-unisex-under-armour-undeniable-5-0-md\/","title":{"rendered":"BOLSO DEPORTIVO UNISEX UNDER ARMOUR UNDENIABLE 5.0 MD"},"content":{"rendered":"<p><img loading=\"lazy\" decoding=\"async\" class=\"\" src=\"https:\/\/upload.wikimedia.org\/wikipedia\/commons\/4\/44\/Under_armour_logo.svg\" alt=\"Archivo:Under armour logo.svg - Wikipedia, la enciclopedia libre\" width=\"95\" height=\"56\" \/><\/p>\n<h1>UNDENIABLE 5.0 MD<\/h1>\n<p><span class=\"ProductIntro_intro-text_bold__IwHc_\" data-testid=\"intro-emphasis\">Nuestra probada bolsa UA Undeniable contin\u00faa mejorando sus prestaciones.<\/span>\u00a0Esta bolsa de deporte ligera y confeccionada con materiales incre\u00edblemente duraderos resulta imprescindible para el d\u00eda a d\u00eda.<\/p>\n<h3>Caracter\u00edsticas<\/h3>\n<ul data-bullets=\"true\">\n<li>Tecnolog\u00eda UA Storm para proporcionar un acabado duradero y altamente repelente al agua<\/li>\n<li>Paneles laterales e inferiores con revestimiento de TPU y espuma para una mayor durabilidad y resistencia<\/li>\n<li>Bolsillo doble para botellas de agua<\/li>\n<li>Bolsillo de gran tama\u00f1o con ventilaci\u00f3n para ropa o calzado y bolsillos interiores que ofrecen m\u00e1s organizaci\u00f3n<\/li>\n<li>Bolsillo delantero grande con cremallera y puntos de enganche de tejido MOLLE<\/li>\n<li>Correa para el hombro HeatGear\u00ae acolchada y desmontable que se guarda f\u00e1cilmente en el bolsillo lateral<\/li>\n<li>Asa superior acolchada<\/li>\n<\/ul>\n<h3>Detalles<\/h3>\n<ul data-bullets=\"true\">\n<li>Modelo: 1369223-001.<\/li>\n<li>Color: Negro.<\/li>\n<li>Dimensiones cuando el accesorio est\u00e1 lleno: 31 cm x 29 cm x 62 cm (ancho x alto x largo).<\/li>\n<li>Volumen: 58L.<\/li>\n<li>100 % poli\u00e9ster.<\/li>\n<li>Producto importado.<\/li>\n<\/ul>\n","protected":false},"excerpt":{"rendered":"<p>UNDENIABLE 5.0 MD Nuestra probada bolsa UA Undeniable contin\u00faa mejorando sus prestaciones.\u00a0Esta bolsa de deporte ligera y confeccionada con materiales<\/p>\n","protected":false},"featured_media":86291,"comment_status":"open","ping_status":"closed","template":"","meta":{"nf_dc_page":""},"product_brand":[2332],"product_cat":[74,77],"product_tag":[2355],"class_list":{"0":"post-86290","1":"product","2":"type-product","3":"status-publish","4":"has-post-thumbnail","6":"product_brand-under-armour","7":"product_cat-accesorios-fem","8":"product_cat-accesorios-masc","9":"product_tag-1369223-001","11":"first","12":"outofstock","13":"shipping-taxable","14":"purchasable","15":"product-type-simple"},"_links":{"self":[{"href":"https:\/\/brandss.com.py\/index\/wp-json\/wp\/v2\/product\/86290","targetHints":{"allow":["GET"]}}],"collection":[{"href":"https:\/\/brandss.com.py\/index\/wp-json\/wp\/v2\/product"}],"about":[{"href":"https:\/\/brandss.com.py\/index\/wp-json\/wp\/v2\/types\/product"}],"replies":[{"embeddable":true,"href":"https:\/\/brandss.com.py\/index\/wp-json\/wp\/v2\/comments?post=86290"}],"version-history":[{"count":1,"href":"https:\/\/brandss.com.py\/index\/wp-json\/wp\/v2\/product\/86290\/revisions"}],"predecessor-version":[{"id":86299,"href":"https:\/\/brandss.com.py\/index\/wp-json\/wp\/v2\/product\/86290\/revisions\/86299"}],"wp:featuredmedia":[{"embeddable":true,"href":"https:\/\/brandss.com.py\/index\/wp-json\/wp\/v2\/media\/86291"}],"wp:attachment":[{"href":"https:\/\/brandss.com.py\/index\/wp-json\/wp\/v2\/media?parent=86290"}],"wp:term":[{"taxonomy":"product_brand","embeddable":true,"href":"https:\/\/brandss.com.py\/index\/wp-json\/wp\/v2\/product_brand?post=86290"},{"taxonomy":"product_cat","embeddable":true,"href":"https:\/\/brandss.com.py\/index\/wp-json\/wp\/v2\/product_cat?post=86290"},{"taxonomy":"product_tag","embeddable":true,"href":"https:\/\/brandss.com.py\/index\/wp-json\/wp\/v2\/product_tag?post=86290"}],"curies":[{"name":"wp","href":"https:\/\/api.w.org\/{rel}","templated":true}]}}