{"id":86305,"date":"2025-07-14T14:28:28","date_gmt":"2025-07-14T14:28:28","guid":{"rendered":"https:\/\/brandss.com.py\/index\/?post_type=product&#038;p=86305"},"modified":"2026-01-09T13:10:57","modified_gmt":"2026-01-09T13:10:57","slug":"camiseta-polo-doportivo-masculino-under-armour-performance-3-0-de-golf-mangas-cortas","status":"publish","type":"product","link":"https:\/\/brandss.com.py\/index\/producto\/camiseta-polo-doportivo-masculino-under-armour-performance-3-0-de-golf-mangas-cortas\/","title":{"rendered":"CAMISETA POLO DEPORTIVO MASCULINO UNDER ARMOUR PERFORMANCE 3.0 DE GOLF MANGAS CORTAS"},"content":{"rendered":"<p><img loading=\"lazy\" decoding=\"async\" class=\"\" src=\"https:\/\/upload.wikimedia.org\/wikipedia\/commons\/4\/44\/Under_armour_logo.svg\" alt=\"Archivo:Under armour logo.svg - Wikipedia, la enciclopedia libre\" width=\"123\" height=\"72\" \/><\/p>\n<h1>PERFORMANCE 3.0<\/h1>\n<p>Polo de golf Under Armour Matchplay para hombre. Una camiseta de golf de tejido resistente y duradero, con cuello de punto plano y tapeta de dos botones. De hecho, actualizamos uno de los polos m\u00e1s vendidos del mundo. El tejido ahora es m\u00e1s ligero y transpirable para mantenerte a\u00fan m\u00e1s fresco y concentrado.<\/p>\n<h3>Caracter\u00edsticas<\/h3>\n<ul class=\"nweb__bullets-lista\">\n<li>La tela texturizada, suave y antibolitas tiene un acabado que no se engancha<\/li>\n<li>Material el\u00e1stico 4-way strech, permite moverte mejor en todas las direcciones.<\/li>\n<li>El material absorbe el sudor y se seca muy r\u00e1pido.<\/li>\n<li>UPF 40 protege tu piel de los da\u00f1inos rayos del sol.<\/li>\n<li>Tapeta actualizada con botones de perfil bajo para una apariencia moderna y limpia.<\/li>\n<li>Cuello acanalado de punto plano<\/li>\n<\/ul>\n<h3>Detalles<\/h3>\n<ul class=\"nweb__bullets-lista\">\n<li>Modelo: 1377374-001.<\/li>\n<li>Color: Negro.<\/li>\n<li>93% poli\u00e9ster, 7% elastano.<\/li>\n<li>Importado.<\/li>\n<li>Tipo de Manga: Corta.<\/li>\n<li>Tipo de Cuello: Polo.<\/li>\n<li>Calce: Regular.<\/li>\n<li>Composici\u00f3n: 100% Poliester.<\/li>\n<\/ul>\n","protected":false},"excerpt":{"rendered":"<p>PERFORMANCE 3.0 Polo de golf Under Armour Matchplay para hombre. Una camiseta de golf de tejido resistente y duradero, con<\/p>\n","protected":false},"featured_media":86306,"comment_status":"open","ping_status":"closed","template":"","meta":{"nf_dc_page":""},"product_brand":[2332],"product_cat":[76],"product_tag":[1422],"class_list":{"0":"post-86305","1":"product","2":"type-product","3":"status-publish","4":"has-post-thumbnail","6":"product_brand-under-armour","7":"product_cat-masculino","8":"product_tag-1377374-001","10":"first","11":"outofstock","12":"shipping-taxable","13":"purchasable","14":"product-type-simple"},"_links":{"self":[{"href":"https:\/\/brandss.com.py\/index\/wp-json\/wp\/v2\/product\/86305","targetHints":{"allow":["GET"]}}],"collection":[{"href":"https:\/\/brandss.com.py\/index\/wp-json\/wp\/v2\/product"}],"about":[{"href":"https:\/\/brandss.com.py\/index\/wp-json\/wp\/v2\/types\/product"}],"replies":[{"embeddable":true,"href":"https:\/\/brandss.com.py\/index\/wp-json\/wp\/v2\/comments?post=86305"}],"version-history":[{"count":2,"href":"https:\/\/brandss.com.py\/index\/wp-json\/wp\/v2\/product\/86305\/revisions"}],"predecessor-version":[{"id":94004,"href":"https:\/\/brandss.com.py\/index\/wp-json\/wp\/v2\/product\/86305\/revisions\/94004"}],"wp:featuredmedia":[{"embeddable":true,"href":"https:\/\/brandss.com.py\/index\/wp-json\/wp\/v2\/media\/86306"}],"wp:attachment":[{"href":"https:\/\/brandss.com.py\/index\/wp-json\/wp\/v2\/media?parent=86305"}],"wp:term":[{"taxonomy":"product_brand","embeddable":true,"href":"https:\/\/brandss.com.py\/index\/wp-json\/wp\/v2\/product_brand?post=86305"},{"taxonomy":"product_cat","embeddable":true,"href":"https:\/\/brandss.com.py\/index\/wp-json\/wp\/v2\/product_cat?post=86305"},{"taxonomy":"product_tag","embeddable":true,"href":"https:\/\/brandss.com.py\/index\/wp-json\/wp\/v2\/product_tag?post=86305"}],"curies":[{"name":"wp","href":"https:\/\/api.w.org\/{rel}","templated":true}]}}