{"id":86330,"date":"2025-07-14T19:13:10","date_gmt":"2025-07-14T19:13:10","guid":{"rendered":"https:\/\/brandss.com.py\/index\/?post_type=product&#038;p=86330"},"modified":"2026-01-09T13:32:31","modified_gmt":"2026-01-09T13:32:31","slug":"boxer-masculino-under-armour-performance-tech-set-de-3-piezas","status":"publish","type":"product","link":"https:\/\/brandss.com.py\/index\/producto\/boxer-masculino-under-armour-performance-tech-set-de-3-piezas\/","title":{"rendered":"B\u00d3XER MASCULINO UNDER ARMOUR PERFORMANCE TECH SET DE 3 PIEZAS"},"content":{"rendered":"<p><img loading=\"lazy\" decoding=\"async\" class=\"\" src=\"https:\/\/upload.wikimedia.org\/wikipedia\/commons\/4\/44\/Under_armour_logo.svg\" alt=\"Archivo:Under armour logo.svg - Wikipedia, la enciclopedia libre\" width=\"112\" height=\"66\" \/><\/p>\n<h1>PERFORMANCE TECH<\/h1>\n<p>Hemos convertido nuestra tecnolog\u00eda absorbente de sudor y fresca en la mejor ropa interior del mercado. Nuestros b\u00f3xers para hombre son frescos, se mantienen en su lugar y ofrecen un ajuste ce\u00f1ido, sin distracciones, sin apretar.<\/p>\n<ul class=\"t-tabs_data\">\n<li class=\"t-tabs_list\"><span>Tejido incre\u00edblemente ligero, suave y duradero con zonas de malla transpirable para ventilaci\u00f3n donde m\u00e1s la necesitas.<\/span><\/li>\n<li class=\"t-tabs_list\"><span>El material el\u00e1stico en 4 direcciones se mueve mejor en todas las direcciones.<\/span><\/li>\n<li class=\"t-tabs_list\"><span>El material absorbe el sudor y se seca muy r\u00e1pido.<\/span><\/li>\n<li class=\"t-tabs_list\"><span>Cintura el\u00e1stica de alto rendimiento y sin costuras laterales ni traseras para m\u00e1xima comodidad.<\/span><\/li>\n<li class=\"t-tabs_list\"><span>La tecnolog\u00eda de control de olores reduce el olor en la ropa interior.<\/span><\/li>\n<li class=\"t-tabs_list\"><span>El dobladillo inferior extendido queda plano y se mantiene en su lugar, sin enrollarse ni subirse.<\/span><\/li>\n<li class=\"t-tabs_list\"><span>Cuerpo principal fabricado con al menos un 90 % de poli\u00e9ster reciclado (excluyendo adornos y ribetes).<\/span><\/li>\n<li class=\"t-tabs_list\"><span>Mosca trabajadora.<\/span><\/li>\n<\/ul>\n<h3>Detalles<\/h3>\n<ul class=\"t-tabs_data\">\n<li class=\"t-tabs_list\"><span>Modelo: 1383878-001.<\/span><\/li>\n<li>Color: Negro, Castlerock.<\/li>\n<li class=\"t-tabs_list\"><span>3 por paquete.<\/span><\/li>\n<li class=\"t-tabs_list\"><span>Entrepierna: 6&#8243;.<\/span><\/li>\n<li class=\"t-tabs_list\"><span>90% poli\u00e9ster\/10% elastano.<\/span><\/li>\n<li class=\"t-tabs_list\"><span>Importado.<\/span><\/li>\n<\/ul>\n","protected":false},"excerpt":{"rendered":"<p>PERFORMANCE TECH Hemos convertido nuestra tecnolog\u00eda absorbente de sudor y fresca en la mejor ropa interior del mercado. Nuestros b\u00f3xers<\/p>\n","protected":false},"featured_media":86331,"comment_status":"open","ping_status":"closed","template":"","meta":{"nf_dc_page":""},"product_brand":[2332],"product_cat":[76],"product_tag":[2371],"class_list":{"0":"post-86330","1":"product","2":"type-product","3":"status-publish","4":"has-post-thumbnail","6":"product_brand-under-armour","7":"product_cat-masculino","8":"product_tag-1383878-001","10":"first","11":"outofstock","12":"shipping-taxable","13":"purchasable","14":"product-type-simple"},"_links":{"self":[{"href":"https:\/\/brandss.com.py\/index\/wp-json\/wp\/v2\/product\/86330","targetHints":{"allow":["GET"]}}],"collection":[{"href":"https:\/\/brandss.com.py\/index\/wp-json\/wp\/v2\/product"}],"about":[{"href":"https:\/\/brandss.com.py\/index\/wp-json\/wp\/v2\/types\/product"}],"replies":[{"embeddable":true,"href":"https:\/\/brandss.com.py\/index\/wp-json\/wp\/v2\/comments?post=86330"}],"version-history":[{"count":1,"href":"https:\/\/brandss.com.py\/index\/wp-json\/wp\/v2\/product\/86330\/revisions"}],"predecessor-version":[{"id":86334,"href":"https:\/\/brandss.com.py\/index\/wp-json\/wp\/v2\/product\/86330\/revisions\/86334"}],"wp:featuredmedia":[{"embeddable":true,"href":"https:\/\/brandss.com.py\/index\/wp-json\/wp\/v2\/media\/86331"}],"wp:attachment":[{"href":"https:\/\/brandss.com.py\/index\/wp-json\/wp\/v2\/media?parent=86330"}],"wp:term":[{"taxonomy":"product_brand","embeddable":true,"href":"https:\/\/brandss.com.py\/index\/wp-json\/wp\/v2\/product_brand?post=86330"},{"taxonomy":"product_cat","embeddable":true,"href":"https:\/\/brandss.com.py\/index\/wp-json\/wp\/v2\/product_cat?post=86330"},{"taxonomy":"product_tag","embeddable":true,"href":"https:\/\/brandss.com.py\/index\/wp-json\/wp\/v2\/product_tag?post=86330"}],"curies":[{"name":"wp","href":"https:\/\/api.w.org\/{rel}","templated":true}]}}