{"id":86342,"date":"2025-07-15T11:31:49","date_gmt":"2025-07-15T11:31:49","guid":{"rendered":"https:\/\/brandss.com.py\/index\/?post_type=product&#038;p=86342"},"modified":"2026-01-09T13:33:59","modified_gmt":"2026-01-09T13:33:59","slug":"pantalon-deportivo-masculino-under-armour-legacy-crinkle","status":"publish","type":"product","link":"https:\/\/brandss.com.py\/index\/producto\/pantalon-deportivo-masculino-under-armour-legacy-crinkle\/","title":{"rendered":"PANTAL\u00d3N DEPORTIVO MASCULINO UNDER ARMOUR LEGACY CRINKLE"},"content":{"rendered":"<p><img loading=\"lazy\" decoding=\"async\" class=\"\" src=\"https:\/\/upload.wikimedia.org\/wikipedia\/commons\/4\/44\/Under_armour_logo.svg\" alt=\"Archivo:Under armour logo.svg - Wikipedia, la enciclopedia libre\" width=\"77\" height=\"45\" \/><\/p>\n<h1>LEGACY CRINKLE<\/h1>\n<p><span>Combinando un estilo cl\u00e1sico con tecnolog\u00eda de vanguardia, el pantal\u00f3n UA Legacy Crinkle de Under Armour es la opci\u00f3n ideal para el atleta moderno que busca el equilibrio perfecto entre comodidad y est\u00e9tica. Estos pantalones reflejan el esp\u00edritu innovador de la marca, ofreciendo prendas que no solo cumplen su funci\u00f3n, sino que tambi\u00e9n se distinguen del equipamiento deportivo tradicional con su estilo visual \u00fanico.<\/span><\/p>\n<p><span>Con la acentuada textura fruncida del material Crinkle, los pantalones no solo llaman la atenci\u00f3n, sino que tambi\u00e9n ofrecen una mayor durabilidad, manteniendo la ligereza y la transpirabilidad necesarias para entrenamientos c\u00f3modos y emocionantes aventuras al aire libre. Se secan r\u00e1pidamente gracias al uso de tejidos innovadores, lo que los hace c\u00f3modos en cualquier entorno.<\/span><\/p>\n<p><span>Su cintura el\u00e1stica con cord\u00f3n interno permite que el pantal\u00f3n UA Legacy Crinkle se adapte a una amplia gama de formas y tallas, proporcionando un ajuste seguro y c\u00f3modo. El corte recto ofrece amplia libertad de movimiento, mientras que los bajos el\u00e1sticos del tobillo ofrecen una silueta moderna que se adapta a diversas situaciones, desde el gimnasio hasta la calle.<\/span><\/p>\n<div class=\"b-product_description-main\">\n<div class=\"b-product_description-content\"><span>El objetivo de la colecci\u00f3n UA Woven era crear el conjunto perfecto de prendas de calentamiento que mantengan tus m\u00fasculos preparados, funcionen para cualquier deporte y, adem\u00e1s, sean muy peque\u00f1as en tu bolso para que puedas llevarlas a cualquier parte.<\/span><\/div>\n<div><\/div>\n<\/div>\n<div class=\"g-tabs--desktop\">\n<h3><span>Caracter\u00edsticas<\/span><\/h3>\n<ul class=\"t-tabs_data\">\n<li class=\"t-tabs_list\"><span>La tecnolog\u00eda UA Storm repele el agua sin sacrificar la transpirabilidad.<\/span><\/li>\n<li class=\"t-tabs_list\"><span>La tela tejida arrugada y antidesgarro es liviana y extremadamente duradera.<\/span><\/li>\n<li class=\"t-tabs_list\"><span>Cintura el\u00e1stica revestida con cord\u00f3n externo.<\/span><\/li>\n<li class=\"t-tabs_list\"><span>bolsillos abiertos para las manos.<\/span><\/li>\n<li class=\"t-tabs_list\"><span>Panel lateral a presi\u00f3n para mayor movilidad y ventilaci\u00f3n cuando la necesitas.<\/span><\/li>\n<li>100% Nailon.<\/li>\n<li>Color: Negro.<\/li>\n<li>Modelo: 1383975-001.<\/li>\n<\/ul>\n<\/div>\n","protected":false},"excerpt":{"rendered":"<p>LEGACY CRINKLE Combinando un estilo cl\u00e1sico con tecnolog\u00eda de vanguardia, el pantal\u00f3n UA Legacy Crinkle de Under Armour es la<\/p>\n","protected":false},"featured_media":86343,"comment_status":"open","ping_status":"closed","template":"","meta":{"nf_dc_page":""},"product_brand":[2332],"product_cat":[76],"product_tag":[2372],"class_list":{"0":"post-86342","1":"product","2":"type-product","3":"status-publish","4":"has-post-thumbnail","6":"product_brand-under-armour","7":"product_cat-masculino","8":"product_tag-1383975-001","10":"first","11":"outofstock","12":"shipping-taxable","13":"purchasable","14":"product-type-simple"},"_links":{"self":[{"href":"https:\/\/brandss.com.py\/index\/wp-json\/wp\/v2\/product\/86342","targetHints":{"allow":["GET"]}}],"collection":[{"href":"https:\/\/brandss.com.py\/index\/wp-json\/wp\/v2\/product"}],"about":[{"href":"https:\/\/brandss.com.py\/index\/wp-json\/wp\/v2\/types\/product"}],"replies":[{"embeddable":true,"href":"https:\/\/brandss.com.py\/index\/wp-json\/wp\/v2\/comments?post=86342"}],"version-history":[{"count":1,"href":"https:\/\/brandss.com.py\/index\/wp-json\/wp\/v2\/product\/86342\/revisions"}],"predecessor-version":[{"id":86348,"href":"https:\/\/brandss.com.py\/index\/wp-json\/wp\/v2\/product\/86342\/revisions\/86348"}],"wp:featuredmedia":[{"embeddable":true,"href":"https:\/\/brandss.com.py\/index\/wp-json\/wp\/v2\/media\/86343"}],"wp:attachment":[{"href":"https:\/\/brandss.com.py\/index\/wp-json\/wp\/v2\/media?parent=86342"}],"wp:term":[{"taxonomy":"product_brand","embeddable":true,"href":"https:\/\/brandss.com.py\/index\/wp-json\/wp\/v2\/product_brand?post=86342"},{"taxonomy":"product_cat","embeddable":true,"href":"https:\/\/brandss.com.py\/index\/wp-json\/wp\/v2\/product_cat?post=86342"},{"taxonomy":"product_tag","embeddable":true,"href":"https:\/\/brandss.com.py\/index\/wp-json\/wp\/v2\/product_tag?post=86342"}],"curies":[{"name":"wp","href":"https:\/\/api.w.org\/{rel}","templated":true}]}}