{"id":86349,"date":"2025-07-15T12:09:56","date_gmt":"2025-07-15T12:09:56","guid":{"rendered":"https:\/\/brandss.com.py\/index\/?post_type=product&#038;p=86349"},"modified":"2026-01-10T12:51:13","modified_gmt":"2026-01-10T12:51:13","slug":"calzado-deportivo-femenino-under-armour-charged-aurora-2","status":"publish","type":"product","link":"https:\/\/brandss.com.py\/index\/producto\/calzado-deportivo-femenino-under-armour-charged-aurora-2\/","title":{"rendered":"CALZADO DEPORTIVO FEMENINO UNDER ARMOUR CHARGED AURORA 2"},"content":{"rendered":"<p><img loading=\"lazy\" decoding=\"async\" class=\"\" src=\"https:\/\/upload.wikimedia.org\/wikipedia\/commons\/4\/44\/Under_armour_logo.svg\" alt=\"Archivo:Under armour logo.svg - Wikipedia, la enciclopedia libre\" width=\"84\" height=\"49\" \/><\/p>\n<h1>CHARGED AURORA 2<\/h1>\n<p>Los calzados<span> combinan dos ventajas \u00fanicas: una suela suave y reactiva y una parte superior ligera y transpirable. Con ellas, no hay necesidad de bajar el ritmo, ya sea corriendo o caminando.\u00a0<\/span><span>Los calzados tienen una construcci\u00f3n flexible que las hace vers\u00e1tiles y c\u00f3modas. La parte superior es de tela para una ventilaci\u00f3n \u00f3ptima. <\/span><span>La parte superior est\u00e1 reforzada con elementos\u00a0<\/span>de TPU en \u00e1reas clave para brindar resistencia y durabilidad. La entresuela est\u00e1 fabricada con tecnolog\u00eda\u00a0 Charged Cushioning<span>. Suaviza la pisada, devuelve la energ\u00eda y te impulsa hacia adelante. <\/span><span>La suela es flexible y el\u00e1stica gracias a sus ranuras especiales, lo que recrea el movimiento natural del pie.<\/span><\/p>\n<h5>Detalles<\/h5>\n<p><strong><span>Color:<\/span><\/strong><span> Celeste, White Clay, High Vis Yellow.<\/span><\/p>\n<p><strong><span>Composici\u00f3n: <\/span><\/strong><span>\u00a0Parte exterior &#8211; textil y otros materiales, Parte interior &#8211; textil.<\/span><\/p>\n<p><strong>Modelo:<\/strong> 3025060-504.<\/p>\n","protected":false},"excerpt":{"rendered":"<p>CHARGED AURORA 2 Los calzados combinan dos ventajas \u00fanicas: una suela suave y reactiva y una parte superior ligera y<\/p>\n","protected":false},"featured_media":86350,"comment_status":"open","ping_status":"closed","template":"","meta":{"nf_dc_page":""},"product_brand":[2332],"product_cat":[73],"product_tag":[2386],"class_list":{"0":"post-86349","1":"product","2":"type-product","3":"status-publish","4":"has-post-thumbnail","6":"product_brand-under-armour","7":"product_cat-femenino","8":"product_tag-3025060-504","10":"first","11":"instock","12":"shipping-taxable","13":"purchasable","14":"product-type-simple"},"_links":{"self":[{"href":"https:\/\/brandss.com.py\/index\/wp-json\/wp\/v2\/product\/86349","targetHints":{"allow":["GET"]}}],"collection":[{"href":"https:\/\/brandss.com.py\/index\/wp-json\/wp\/v2\/product"}],"about":[{"href":"https:\/\/brandss.com.py\/index\/wp-json\/wp\/v2\/types\/product"}],"replies":[{"embeddable":true,"href":"https:\/\/brandss.com.py\/index\/wp-json\/wp\/v2\/comments?post=86349"}],"version-history":[{"count":1,"href":"https:\/\/brandss.com.py\/index\/wp-json\/wp\/v2\/product\/86349\/revisions"}],"predecessor-version":[{"id":86359,"href":"https:\/\/brandss.com.py\/index\/wp-json\/wp\/v2\/product\/86349\/revisions\/86359"}],"wp:featuredmedia":[{"embeddable":true,"href":"https:\/\/brandss.com.py\/index\/wp-json\/wp\/v2\/media\/86350"}],"wp:attachment":[{"href":"https:\/\/brandss.com.py\/index\/wp-json\/wp\/v2\/media?parent=86349"}],"wp:term":[{"taxonomy":"product_brand","embeddable":true,"href":"https:\/\/brandss.com.py\/index\/wp-json\/wp\/v2\/product_brand?post=86349"},{"taxonomy":"product_cat","embeddable":true,"href":"https:\/\/brandss.com.py\/index\/wp-json\/wp\/v2\/product_cat?post=86349"},{"taxonomy":"product_tag","embeddable":true,"href":"https:\/\/brandss.com.py\/index\/wp-json\/wp\/v2\/product_tag?post=86349"}],"curies":[{"name":"wp","href":"https:\/\/api.w.org\/{rel}","templated":true}]}}