{"id":86360,"date":"2025-07-15T12:27:13","date_gmt":"2025-07-15T12:27:13","guid":{"rendered":"https:\/\/brandss.com.py\/index\/?post_type=product&#038;p=86360"},"modified":"2026-01-10T12:53:12","modified_gmt":"2026-01-10T12:53:12","slug":"calzado-deportivo-masculino-under-armour-infinite-runninig","status":"publish","type":"product","link":"https:\/\/brandss.com.py\/index\/producto\/calzado-deportivo-masculino-under-armour-infinite-runninig\/","title":{"rendered":"CALZADO DEPORTIVO MASCULINO UNDER ARMOUR INFINITE RUNNINIG"},"content":{"rendered":"<p><img loading=\"lazy\" decoding=\"async\" class=\"\" src=\"https:\/\/upload.wikimedia.org\/wikipedia\/commons\/4\/44\/Under_armour_logo.svg\" alt=\"Archivo:Under armour logo.svg - Wikipedia, la enciclopedia libre\" width=\"90\" height=\"53\" \/><\/p>\n<h1>INFINITE<\/h1>\n<p>Acumula m\u00e1s kil\u00f3metros en compa\u00f1\u00eda de UA y los nuevos tenis Infinite. El dise\u00f1o te ofrece total comodidad y amortiguaci\u00f3n gracias a su tecnolog\u00eda; adem\u00e1s, te brindan un look renovado que atraer\u00e1 todas las miradas. \u00bfEst\u00e1s listo para probarlos? La amortiguaci\u00f3n que necesitas para alcanzar ese \u00faltimo kil\u00f3metro adicional. Construidas con un ajuste seguro y una amortiguaci\u00f3n UA HOVR\u00bf suave y el\u00e1stica para mantener tus piernas frescas por m\u00e1s tiempo.<\/p>\n<div class=\"nweb__tecnologias\" data-titulo=\"Tecnolog\u00edas\">\n<h3 class=\"nweb__tecnologias-titulo\">Tecnolog\u00edas<\/h3>\n<ul class=\"nweb__tecnologias-lista\">\n<li>Ua Hovr\u00bf<\/li>\n<\/ul>\n<\/div>\n<div class=\"nweb__fitecare\" data-titulo=\"Fit &amp; Care\">\n<ul class=\"nweb__bullets-lista\">\n<li>NEUTRO: Para corredores que necesitan un equilibrio entre flexibilidad y amortiguaci\u00f3n.<\/li>\n<\/ul>\n<p>La amortiguaci\u00f3n que necesitas para alcanzar ese \u00faltimo kil\u00f3metro adicional. Construidas con un ajuste seguro y una amortiguaci\u00f3n UA HOVR\u00bf suave y el\u00e1stica para mantener tus piernas frescas por m\u00e1s tiempo.<\/p>\n<h3>Caracter\u00edsticas<\/h3>\n<ul class=\"nweb__bullets-lista\">\n<li>La parte superior tejida proporciona transpirabilidad, durabilidad y contenci\u00f3n ligera.<\/li>\n<li>La plantilla Deluxe Comfort System proporciona la m\u00e1xima comodidad al pisar.<\/li>\n<li>La amortiguaci\u00f3n reactiva UA HOVR\u00bf reduce el impacto, devuelve energ\u00eda y ayuda a impulsarte hacia adelante.<\/li>\n<li>Suela exterior de goma duradera que proporciona tracci\u00f3n, durabilidad y flexibilidad para un despegue adecuado.<\/li>\n<\/ul>\n<h3>Detalles<\/h3>\n<ul class=\"nweb__bullets-lista\">\n<li>Modelo: 3027523-004.<\/li>\n<li>Color: Negro, Rojo, Blanco.<\/li>\n<li>Desplazamiento: 8 mm.<\/li>\n<li>Peso: 9,8 onzas.<\/li>\n<li>Tipo de encaje: Cordones.<\/li>\n<li>Importado.<\/li>\n<li>Tipo de Ajuste: Cordones.<\/li>\n<li>Capellada: 100% Textil.<\/li>\n<li>Suela: 100% Caucho.<\/li>\n<li>Forma de la Punta: Redonda.<\/li>\n<\/ul>\n<\/div>\n","protected":false},"excerpt":{"rendered":"<p>INFINITE Acumula m\u00e1s kil\u00f3metros en compa\u00f1\u00eda de UA y los nuevos tenis Infinite. El dise\u00f1o te ofrece total comodidad y<\/p>\n","protected":false},"featured_media":86361,"comment_status":"open","ping_status":"closed","template":"","meta":{"nf_dc_page":""},"product_brand":[2332],"product_cat":[76],"product_tag":[2387],"class_list":{"0":"post-86360","1":"product","2":"type-product","3":"status-publish","4":"has-post-thumbnail","6":"product_brand-under-armour","7":"product_cat-masculino","8":"product_tag-3027523-004","10":"first","11":"instock","12":"shipping-taxable","13":"purchasable","14":"product-type-simple"},"_links":{"self":[{"href":"https:\/\/brandss.com.py\/index\/wp-json\/wp\/v2\/product\/86360","targetHints":{"allow":["GET"]}}],"collection":[{"href":"https:\/\/brandss.com.py\/index\/wp-json\/wp\/v2\/product"}],"about":[{"href":"https:\/\/brandss.com.py\/index\/wp-json\/wp\/v2\/types\/product"}],"replies":[{"embeddable":true,"href":"https:\/\/brandss.com.py\/index\/wp-json\/wp\/v2\/comments?post=86360"}],"version-history":[{"count":1,"href":"https:\/\/brandss.com.py\/index\/wp-json\/wp\/v2\/product\/86360\/revisions"}],"predecessor-version":[{"id":86366,"href":"https:\/\/brandss.com.py\/index\/wp-json\/wp\/v2\/product\/86360\/revisions\/86366"}],"wp:featuredmedia":[{"embeddable":true,"href":"https:\/\/brandss.com.py\/index\/wp-json\/wp\/v2\/media\/86361"}],"wp:attachment":[{"href":"https:\/\/brandss.com.py\/index\/wp-json\/wp\/v2\/media?parent=86360"}],"wp:term":[{"taxonomy":"product_brand","embeddable":true,"href":"https:\/\/brandss.com.py\/index\/wp-json\/wp\/v2\/product_brand?post=86360"},{"taxonomy":"product_cat","embeddable":true,"href":"https:\/\/brandss.com.py\/index\/wp-json\/wp\/v2\/product_cat?post=86360"},{"taxonomy":"product_tag","embeddable":true,"href":"https:\/\/brandss.com.py\/index\/wp-json\/wp\/v2\/product_tag?post=86360"}],"curies":[{"name":"wp","href":"https:\/\/api.w.org\/{rel}","templated":true}]}}