{"id":86374,"date":"2025-07-15T13:38:54","date_gmt":"2025-07-15T13:38:54","guid":{"rendered":"https:\/\/brandss.com.py\/index\/?post_type=product&#038;p=86374"},"modified":"2026-04-09T10:44:09","modified_gmt":"2026-04-09T10:44:09","slug":"calzado-deportivo-masculino-under-armour-phantom-4-running","status":"publish","type":"product","link":"https:\/\/brandss.com.py\/index\/producto\/calzado-deportivo-masculino-under-armour-phantom-4-running\/","title":{"rendered":"CALZADO DEPORTIVO MASCULINO UNDER ARMOUR PHANTOM 4 RUNNING"},"content":{"rendered":"<p><img loading=\"lazy\" decoding=\"async\" class=\"\" src=\"https:\/\/upload.wikimedia.org\/wikipedia\/commons\/4\/44\/Under_armour_logo.svg\" alt=\"Archivo:Under armour logo.svg - Wikipedia, la enciclopedia libre\" width=\"125\" height=\"73\" \/><\/p>\n<h1>PHANTOM 4<\/h1>\n<p>La temporada baja es para mejorar. Eso significa correr mucho. El UA HOVR\u2122 Phantom 4, r\u00e1pido y el\u00e1stico, te ayuda a explotar intervalo tras intervalo con la amortiguaci\u00f3n UA HOVR\u2122 que recupera a\u00fan m\u00e1s energ\u00eda. Corre ahora&#8230; gana despu\u00e9s. Con la comodidad y durabilidad de una zapatilla de rendimiento t\u00e9cnico m\u00e1s la apariencia limpia y la sensaci\u00f3n de una zapatilla de calle, UA Phantom 4 es el complemento definitivo para cualquier outfit.<\/p>\n<h3 class=\"nweb__tecnologias-titulo\">Tecnolog\u00edas<\/h3>\n<ul class=\"nweb__tecnologias-lista\">\n<li>Ua Hovr\u2122<\/li>\n<\/ul>\n<h3>Caracter\u00edsticas<\/h3>\n<ul class=\"nweb__bullets-lista\">\n<li>Material moldeado, suave y estructurado para mayor comodidad por dentro y por fuera.<\/li>\n<li>Cuello tejido para un ajuste y una sensaci\u00f3n similares a los de un calcet\u00edn y una comodidad excepcional al calzarse<\/li>\n<li>Elegante contrafuerte del tal\u00f3n de TPU y tirador del tal\u00f3n para pon\u00e9rselos y quit\u00e1rselos f\u00e1cilmente.<\/li>\n<li>Plantilla moldeada y afelpada para mayor comodidad.<\/li>\n<li>La amortiguaci\u00f3n extra el\u00e1stica UA HOVR\u2122+ reduce el impacto, devuelve energ\u00eda y ayuda a impulsarte hacia adelante.<\/li>\n<li>Suela de goma para mayor tracci\u00f3n y durabilidad.<\/li>\n<\/ul>\n<h3>Detalles<\/h3>\n<ul class=\"nweb__bullets-lista\">\n<li>Modelo: 3027593-001.<\/li>\n<li>Color: Negro, Blanco.<\/li>\n<li>Plantilla: extra\u00edble.<\/li>\n<li>Peso: 11.146 onzas.<\/li>\n<li>Tipo de encaje: Cordones.<\/li>\n<li>Importado.<\/li>\n<li>Tipo de Ajuste: Cordones.<\/li>\n<li>Capellada: 100% Textil.<\/li>\n<li>Suela: 100% Caucho.<\/li>\n<li>Forma de la Punta: Redonda.<\/li>\n<\/ul>\n","protected":false},"excerpt":{"rendered":"<p>PHANTOM 4 La temporada baja es para mejorar. Eso significa correr mucho. El UA HOVR\u2122 Phantom 4, r\u00e1pido y el\u00e1stico,<\/p>\n","protected":false},"featured_media":86375,"comment_status":"open","ping_status":"closed","template":"","meta":{"nf_dc_page":""},"product_brand":[2332],"product_cat":[76],"product_tag":[2389],"class_list":{"0":"post-86374","1":"product","2":"type-product","3":"status-publish","4":"has-post-thumbnail","6":"product_brand-under-armour","7":"product_cat-masculino","8":"product_tag-3027593-001","10":"first","11":"instock","12":"shipping-taxable","13":"purchasable","14":"product-type-simple"},"_links":{"self":[{"href":"https:\/\/brandss.com.py\/index\/wp-json\/wp\/v2\/product\/86374","targetHints":{"allow":["GET"]}}],"collection":[{"href":"https:\/\/brandss.com.py\/index\/wp-json\/wp\/v2\/product"}],"about":[{"href":"https:\/\/brandss.com.py\/index\/wp-json\/wp\/v2\/types\/product"}],"replies":[{"embeddable":true,"href":"https:\/\/brandss.com.py\/index\/wp-json\/wp\/v2\/comments?post=86374"}],"version-history":[{"count":1,"href":"https:\/\/brandss.com.py\/index\/wp-json\/wp\/v2\/product\/86374\/revisions"}],"predecessor-version":[{"id":86380,"href":"https:\/\/brandss.com.py\/index\/wp-json\/wp\/v2\/product\/86374\/revisions\/86380"}],"wp:featuredmedia":[{"embeddable":true,"href":"https:\/\/brandss.com.py\/index\/wp-json\/wp\/v2\/media\/86375"}],"wp:attachment":[{"href":"https:\/\/brandss.com.py\/index\/wp-json\/wp\/v2\/media?parent=86374"}],"wp:term":[{"taxonomy":"product_brand","embeddable":true,"href":"https:\/\/brandss.com.py\/index\/wp-json\/wp\/v2\/product_brand?post=86374"},{"taxonomy":"product_cat","embeddable":true,"href":"https:\/\/brandss.com.py\/index\/wp-json\/wp\/v2\/product_cat?post=86374"},{"taxonomy":"product_tag","embeddable":true,"href":"https:\/\/brandss.com.py\/index\/wp-json\/wp\/v2\/product_tag?post=86374"}],"curies":[{"name":"wp","href":"https:\/\/api.w.org\/{rel}","templated":true}]}}