{"id":86381,"date":"2025-07-15T14:28:19","date_gmt":"2025-07-15T14:28:19","guid":{"rendered":"https:\/\/brandss.com.py\/index\/?post_type=product&#038;p=86381"},"modified":"2026-01-10T12:59:13","modified_gmt":"2026-01-10T12:59:13","slug":"calzado-deportivo-femenino-under-armour-phantom-4-running","status":"publish","type":"product","link":"https:\/\/brandss.com.py\/index\/producto\/calzado-deportivo-femenino-under-armour-phantom-4-running\/","title":{"rendered":"CALZADO DEPORTIVO FEMENINO UNDER ARMOUR PHANTOM 4 RUNNING"},"content":{"rendered":"<p><img loading=\"lazy\" decoding=\"async\" class=\"\" src=\"https:\/\/upload.wikimedia.org\/wikipedia\/commons\/4\/44\/Under_armour_logo.svg\" alt=\"Archivo:Under armour logo.svg - Wikipedia, la enciclopedia libre\" width=\"123\" height=\"72\" \/><\/p>\n<h1>PHANTOM 4<\/h1>\n<p>Luce tu mejor conjunto, gracias a los nuevos tenis\u00a0<span class=\"MuiTypography-root MuiTypography-strong css-wazo7p\">Under Armour Phantom 4<\/span>\u00a0para mujer. Desarrollados con un material moldeado, suave y estructurado para una mayor comodidad, el cuello de punto te ofrece una sensaci\u00f3n similar a la de un calcet\u00edn. La amortiguaci\u00f3n UA HOVR+ reduce los impactos y devuelve la energ\u00eda para impulsarte hacia adelante. La suela de goma te brinda tracci\u00f3n y durabilidad al caminar.<\/p>\n<p class=\"MuiTypography-root MuiTypography-body1 css-1hrnfcf\">Redefine el concepto de \u201cestilo\u201d con los PHANTOM 4. Dise\u00f1ados para ofrecerte comodidad, resistencia y durabilidad de alto rendimiento. Adem\u00e1s, cuenta con un impecable estilo urbano. Cuenta con su dise\u00f1o ergon\u00f3mico que se adapta perfectamente al pie, proporcionando soporte durante todo el d\u00eda.<\/p>\n<p>Sin duda, estos tenis son ideales para quienes buscan combinar funcionalidad y moda en su d\u00eda a d\u00eda.<\/p>\n<h2 class=\"MuiTypography-root MuiTypography-body1 css-143nuqy\">Caracter\u00edsticas que no debes dejar pasar:<\/h2>\n<ul>\n<li class=\"MuiTypography-root MuiTypography-body1 css-s568tp\">Desarrollados con un material moldeado, suave y estructurado para ofrecer comodidad por dentro y por fuera.<\/li>\n<li class=\"MuiTypography-root MuiTypography-body1 css-s568tp\">La zona del tobillo tejido aportar un ajuste tipo calcet\u00edn y una pisada excepcionalmente c\u00f3moda.<\/li>\n<li class=\"MuiTypography-root MuiTypography-body1 css-s568tp\">Tiene un dise\u00f1o elegante con TPU en el tal\u00f3n y el contrafuerte para que sean f\u00e1ciles de poner y quitar.<\/li>\n<li class=\"MuiTypography-root MuiTypography-body1 css-s568tp\">Su plantilla moldeada ofrece una comodidad mejorada.<\/li>\n<li class=\"MuiTypography-root MuiTypography-body1 css-s568tp\">La ic\u00f3nica amortiguaci\u00f3n UA HOVR\u2122+ es m\u00e1s reactiva, reduce el impacto, devuelve energ\u00eda y te impulsa hacia delante.<\/li>\n<li class=\"MuiTypography-root MuiTypography-body1 css-s568tp\">La suela de goma brinda mayor tracci\u00f3n y durabilidad.<\/li>\n<li>Color: Negro, Blanco.<\/li>\n<li>Modelo: 3027594-001.<\/li>\n<\/ul>\n<p class=\"MuiTypography-root MuiTypography-body1 css-1hrnfcf\">\nNo dejes pasar la oportunidad de hacerte con los nuevos tenis Phantom 4 de Under Armour. Estos incre\u00edbles tenis est\u00e1n dise\u00f1ados para ofrecer un rendimiento excepcional y un estilo sin igual.<\/p>\n<p>Los Phantom 4 te brindar\u00e1n una comodidad inigualable y un ajuste perfecto. Ya sea que est\u00e9s corriendo o caminando por la ciudad, estos tenis te mantendr\u00e1n c\u00f3modo y seguro en todo momento.<\/p>\n","protected":false},"excerpt":{"rendered":"<p>PHANTOM 4 Luce tu mejor conjunto, gracias a los nuevos tenis\u00a0Under Armour Phantom 4\u00a0para mujer. Desarrollados con un material moldeado,<\/p>\n","protected":false},"featured_media":86382,"comment_status":"open","ping_status":"closed","template":"","meta":{"nf_dc_page":""},"product_brand":[2332],"product_cat":[73],"product_tag":[2390],"class_list":{"0":"post-86381","1":"product","2":"type-product","3":"status-publish","4":"has-post-thumbnail","6":"product_brand-under-armour","7":"product_cat-femenino","8":"product_tag-3027594-001","10":"first","11":"instock","12":"shipping-taxable","13":"purchasable","14":"product-type-simple"},"_links":{"self":[{"href":"https:\/\/brandss.com.py\/index\/wp-json\/wp\/v2\/product\/86381","targetHints":{"allow":["GET"]}}],"collection":[{"href":"https:\/\/brandss.com.py\/index\/wp-json\/wp\/v2\/product"}],"about":[{"href":"https:\/\/brandss.com.py\/index\/wp-json\/wp\/v2\/types\/product"}],"replies":[{"embeddable":true,"href":"https:\/\/brandss.com.py\/index\/wp-json\/wp\/v2\/comments?post=86381"}],"version-history":[{"count":1,"href":"https:\/\/brandss.com.py\/index\/wp-json\/wp\/v2\/product\/86381\/revisions"}],"predecessor-version":[{"id":86389,"href":"https:\/\/brandss.com.py\/index\/wp-json\/wp\/v2\/product\/86381\/revisions\/86389"}],"wp:featuredmedia":[{"embeddable":true,"href":"https:\/\/brandss.com.py\/index\/wp-json\/wp\/v2\/media\/86382"}],"wp:attachment":[{"href":"https:\/\/brandss.com.py\/index\/wp-json\/wp\/v2\/media?parent=86381"}],"wp:term":[{"taxonomy":"product_brand","embeddable":true,"href":"https:\/\/brandss.com.py\/index\/wp-json\/wp\/v2\/product_brand?post=86381"},{"taxonomy":"product_cat","embeddable":true,"href":"https:\/\/brandss.com.py\/index\/wp-json\/wp\/v2\/product_cat?post=86381"},{"taxonomy":"product_tag","embeddable":true,"href":"https:\/\/brandss.com.py\/index\/wp-json\/wp\/v2\/product_tag?post=86381"}],"curies":[{"name":"wp","href":"https:\/\/api.w.org\/{rel}","templated":true}]}}