{"id":86390,"date":"2025-07-15T17:31:25","date_gmt":"2025-07-15T17:31:25","guid":{"rendered":"https:\/\/brandss.com.py\/index\/?post_type=product&#038;p=86390"},"modified":"2026-01-10T17:03:28","modified_gmt":"2026-01-10T17:03:28","slug":"calzado-deportivo-masculino-puma-hypnotic-2","status":"publish","type":"product","link":"https:\/\/brandss.com.py\/index\/producto\/calzado-deportivo-masculino-puma-hypnotic-2\/","title":{"rendered":"CALZADO DEPORTIVO MASCULINO PUMA HYPNOTIC"},"content":{"rendered":"<p><img loading=\"lazy\" decoding=\"async\" class=\"\" src=\"https:\/\/1000marcas.net\/wp-content\/uploads\/2019\/12\/logo-Puma.png\" alt=\"Logo de Puma: la historia y el significado del logotipo, la marca y el  s\u00edmbolo. | png, vector\" width=\"91\" height=\"45\" \/><\/p>\n<h1>HYPNOTIC<\/h1>\n<div class=\"col-span-full\">\n<div>\n<p>El calzado definitivo para el consumidor moderno que siempre est\u00e1 en movimiento, pero que busca darle un toque de estilo a su estilo de vida. Este calzado est\u00e1 dise\u00f1ado pensando tanto en la comodidad como en el estilo, lo que lo convierte en la opci\u00f3n perfecta para cualquier persona activa que busca mantenerse de pie todo el d\u00eda. Con su innovadora tecnolog\u00eda de espuma Softride, este calzado ofrece comodidad y soporte inigualables, ayudando a reducir la fatiga y a mantener los pies frescos y con energ\u00eda, incluso despu\u00e9s de un largo d\u00eda de caminata o carrera.<\/p>\n<\/div>\n<\/div>\n<div>\n<h4>Caracter\u00edsticas<\/h4>\n<ul>\n<li>La parte superior de los zapatos est\u00e1 hecha con al menos un 30% de materiales reciclados.<\/li>\n<\/ul>\n<\/div>\n<div>\n<h4>Detalles<\/h4>\n<ul>\n<li>Zapatos bajos.<\/li>\n<li>Entresuela Softride.<\/li>\n<li>Suela de goma.<\/li>\n<li>Parte superior: textil, piel sint\u00e9tica.<\/li>\n<li>Forro: textil<\/li>\n<li>Suela: espuma SoftRide, goma.<\/li>\n<li>Cierre de encaje.<\/li>\n<li>Logotipo de PUMA Cat en la leng\u00fceta y el tal\u00f3n.<\/li>\n<li>Modelo: 395235-01.<\/li>\n<li>Color: PUMA Black-Shadow Gray<\/li>\n<\/ul>\n<\/div>\n","protected":false},"excerpt":{"rendered":"<p>HYPNOTIC El calzado definitivo para el consumidor moderno que siempre est\u00e1 en movimiento, pero que busca darle un toque de<\/p>\n","protected":false},"featured_media":86391,"comment_status":"open","ping_status":"closed","template":"","meta":{"nf_dc_page":""},"product_brand":[2306],"product_cat":[76],"product_tag":[2395],"class_list":{"0":"post-86390","1":"product","2":"type-product","3":"status-publish","4":"has-post-thumbnail","6":"product_brand-puma","7":"product_cat-masculino","8":"product_tag-395235-01","10":"first","11":"outofstock","12":"shipping-taxable","13":"purchasable","14":"product-type-simple"},"_links":{"self":[{"href":"https:\/\/brandss.com.py\/index\/wp-json\/wp\/v2\/product\/86390","targetHints":{"allow":["GET"]}}],"collection":[{"href":"https:\/\/brandss.com.py\/index\/wp-json\/wp\/v2\/product"}],"about":[{"href":"https:\/\/brandss.com.py\/index\/wp-json\/wp\/v2\/types\/product"}],"replies":[{"embeddable":true,"href":"https:\/\/brandss.com.py\/index\/wp-json\/wp\/v2\/comments?post=86390"}],"version-history":[{"count":2,"href":"https:\/\/brandss.com.py\/index\/wp-json\/wp\/v2\/product\/86390\/revisions"}],"predecessor-version":[{"id":86402,"href":"https:\/\/brandss.com.py\/index\/wp-json\/wp\/v2\/product\/86390\/revisions\/86402"}],"wp:featuredmedia":[{"embeddable":true,"href":"https:\/\/brandss.com.py\/index\/wp-json\/wp\/v2\/media\/86391"}],"wp:attachment":[{"href":"https:\/\/brandss.com.py\/index\/wp-json\/wp\/v2\/media?parent=86390"}],"wp:term":[{"taxonomy":"product_brand","embeddable":true,"href":"https:\/\/brandss.com.py\/index\/wp-json\/wp\/v2\/product_brand?post=86390"},{"taxonomy":"product_cat","embeddable":true,"href":"https:\/\/brandss.com.py\/index\/wp-json\/wp\/v2\/product_cat?post=86390"},{"taxonomy":"product_tag","embeddable":true,"href":"https:\/\/brandss.com.py\/index\/wp-json\/wp\/v2\/product_tag?post=86390"}],"curies":[{"name":"wp","href":"https:\/\/api.w.org\/{rel}","templated":true}]}}