{"id":86411,"date":"2025-07-15T19:07:38","date_gmt":"2025-07-15T19:07:38","guid":{"rendered":"https:\/\/brandss.com.py\/index\/?post_type=product&#038;p=86411"},"modified":"2026-01-10T17:29:51","modified_gmt":"2026-01-10T17:29:51","slug":"calzado-deportivo-infantil-kelme-surpass-de-padel","status":"publish","type":"product","link":"https:\/\/brandss.com.py\/index\/producto\/calzado-deportivo-infantil-kelme-surpass-de-padel\/","title":{"rendered":"CALZADO DEPORTIVO INFANTIL KELME SURPASS DE P\u00c1DEL"},"content":{"rendered":"<p><img loading=\"lazy\" decoding=\"async\" class=\"\" src=\"https:\/\/upload.wikimedia.org\/wikipedia\/commons\/5\/58\/Kelme_new_logo.png\" alt=\"Archivo:Kelme new logo.png - Wikipedia, la enciclopedia libre\" width=\"64\" height=\"80\" \/><\/p>\n<h1>SURPASS<\/h1>\n<p>Modelo estrella de esta nueva colecci\u00f3n de p\u00e1del de KELME, equipada con las \u00faltimas tecnolog\u00edas para dar el 100% sobre la cancha. Un calzado que busca el equilibrio perfecto entre adherencia a la cancha, sujeci\u00f3n del pie y ligereza. El calzado Surpass Padel busca el equilibrio perfecto entre adherencia a la cancha, sujeci\u00f3n del pie y ligereza. Confeccionada con las \u00faltimas tecnolog\u00edas para dar el 100% durante su uso. La suela cuenta con dise\u00f1o de espiga para garantizar la m\u00e1xima adherencia, con una pieza r\u00edgida en el puente central y talonera t\u00e9cnica pensada para dotar de mayor estabilidad en la pisada. El upper est\u00e1 fabricado con termosellados que ayudan al soporte del pie<\/p>\n<p>Gracias a que carece de costuras, y que esta constituido en mesh que cubre el pie y logra una mayor ventilaci\u00f3n. El peso del calzado es 350 gr., siendo muy ligero en su categor\u00eda. Puntera reforzada en sint\u00e9tico para evitar un mayor desgaste. Suela en espiga confeccionada en Phylon, con una placa de rubber para dar un plus en amortizaci\u00f3n y comodidad y una pieza de PVC en el arco plantar para asegurar estabilidad en la pisada y en el desplazamiento.<\/p>\n<h3>Detalles<\/h3>\n<p>Material Exterior: Piel sint\u00e9tica y textil.<\/p>\n<p>Material Suela: Goma.<\/p>\n<p>Revestimiento: Textil.<\/p>\n<p>Tipo Cierre: Cordones.<\/p>\n<p>Altura Tacon: Plano.<\/p>\n<p>Tipo Tacon: Plano.<\/p>\n<p>Color: Negro, Verde, Blanco.<\/p>\n<p>Modelo: 52380-88.<\/p>\n","protected":false},"excerpt":{"rendered":"<p>SURPASS Modelo estrella de esta nueva colecci\u00f3n de p\u00e1del de KELME, equipada con las \u00faltimas tecnolog\u00edas para dar el 100%<\/p>\n","protected":false},"featured_media":86412,"comment_status":"open","ping_status":"closed","template":"","meta":{"nf_dc_page":""},"product_brand":[],"product_cat":[75],"product_tag":[2402],"class_list":{"0":"post-86411","1":"product","2":"type-product","3":"status-publish","4":"has-post-thumbnail","6":"product_cat-infantil","7":"product_tag-52380-88","9":"first","10":"instock","11":"shipping-taxable","12":"purchasable","13":"product-type-simple"},"_links":{"self":[{"href":"https:\/\/brandss.com.py\/index\/wp-json\/wp\/v2\/product\/86411","targetHints":{"allow":["GET"]}}],"collection":[{"href":"https:\/\/brandss.com.py\/index\/wp-json\/wp\/v2\/product"}],"about":[{"href":"https:\/\/brandss.com.py\/index\/wp-json\/wp\/v2\/types\/product"}],"replies":[{"embeddable":true,"href":"https:\/\/brandss.com.py\/index\/wp-json\/wp\/v2\/comments?post=86411"}],"version-history":[{"count":1,"href":"https:\/\/brandss.com.py\/index\/wp-json\/wp\/v2\/product\/86411\/revisions"}],"predecessor-version":[{"id":86416,"href":"https:\/\/brandss.com.py\/index\/wp-json\/wp\/v2\/product\/86411\/revisions\/86416"}],"wp:featuredmedia":[{"embeddable":true,"href":"https:\/\/brandss.com.py\/index\/wp-json\/wp\/v2\/media\/86412"}],"wp:attachment":[{"href":"https:\/\/brandss.com.py\/index\/wp-json\/wp\/v2\/media?parent=86411"}],"wp:term":[{"taxonomy":"product_brand","embeddable":true,"href":"https:\/\/brandss.com.py\/index\/wp-json\/wp\/v2\/product_brand?post=86411"},{"taxonomy":"product_cat","embeddable":true,"href":"https:\/\/brandss.com.py\/index\/wp-json\/wp\/v2\/product_cat?post=86411"},{"taxonomy":"product_tag","embeddable":true,"href":"https:\/\/brandss.com.py\/index\/wp-json\/wp\/v2\/product_tag?post=86411"}],"curies":[{"name":"wp","href":"https:\/\/api.w.org\/{rel}","templated":true}]}}