{"id":86417,"date":"2025-07-16T11:23:28","date_gmt":"2025-07-16T11:23:28","guid":{"rendered":"https:\/\/brandss.com.py\/index\/?post_type=product&#038;p=86417"},"modified":"2026-01-10T17:30:26","modified_gmt":"2026-01-10T17:30:26","slug":"calzado-deportivo-infantil-kelme-precision-de-futsal","status":"publish","type":"product","link":"https:\/\/brandss.com.py\/index\/producto\/calzado-deportivo-infantil-kelme-precision-de-futsal\/","title":{"rendered":"CALZADO DEPORTIVO INFANTIL KELME PRECISION DE FUTSAL"},"content":{"rendered":"<p><img loading=\"lazy\" decoding=\"async\" class=\"\" src=\"https:\/\/upload.wikimedia.org\/wikipedia\/commons\/5\/58\/Kelme_new_logo.png\" alt=\"Archivo:Kelme new logo.png - Wikipedia, la enciclopedia libre\" width=\"61\" height=\"76\" \/><\/p>\n<h1>PRECISION<\/h1>\n<p>Con m\u00e1s diez a\u00f1os de experiencia, el modelo Precision de Kelme es una referencia en el sector por su durabilidad, flexibilidad y ligereza. Est\u00e1 fabricado en Hisking (el color puede migrar al lavarlo con agua), un tejido sint\u00e9tico similar al serraje que le otorga comodidad y transpiraci\u00f3n al calzado, mientras que el cosido en Estrobel a\u00f1ade resistencia, flexibilidad y la m\u00e1xima seguridad en cada pisada, evitando las tan temidas lesiones en frenados o cambios bruscos de direcci\u00f3n. La mediasuela Phylon Tech proporciona la amortiguaci\u00f3n perfecta para ofrecer una gran comodidad. Se recomienda su uso en pistas de f\u00fatbol sala homologadas.<\/p>\n<h3 class=\"yikes-custom-woo-tab-title yikes-custom-woo-tab-title-caracteristicas\">Caracter\u00edsticas<\/h3>\n<ul>\n<li>Fabricada en Hisking para proporcionar comodidad y ligereza.<\/li>\n<li>Suela con sistema K-Flex para mayor flexibilidad.<\/li>\n<li>El cosido Estrobel otorga resistencia y flexibilidad. Phylon Tech para mayor amortiguaci\u00f3n.<\/li>\n<li>Dos puntos de pivotaje para favorecer los giros.<\/li>\n<li>Puntera con serraje para reforzar su resistencia.<\/li>\n<\/ul>\n<h3>Detalles<\/h3>\n<ul>\n<li>Tecnolog\u00eda: Phylon Tech (Amortiguaci\u00f3n).<\/li>\n<li>Textil Upper (Confort y Transpirabilidad).<\/li>\n<li>Estrobel (Flexibilidad).<\/li>\n<li>K-Flex (M\u00e1xima Flexibilidad).<\/li>\n<li>Hisking (Flexibilidad, Transpiraci\u00f3n y Resistencia).<\/li>\n<li>Non Marking (Suela antimarcas).<\/li>\n<li>Suela exclusiva KELME.<\/li>\n<li>Color: Lima, Negro.<\/li>\n<li>Modelo: 55211-032.<\/li>\n<\/ul>\n","protected":false},"excerpt":{"rendered":"<p>PRECISION Con m\u00e1s diez a\u00f1os de experiencia, el modelo Precision de Kelme es una referencia en el sector por su<\/p>\n","protected":false},"featured_media":86418,"comment_status":"open","ping_status":"closed","template":"","meta":{"nf_dc_page":""},"product_brand":[],"product_cat":[75],"product_tag":[2403],"class_list":{"0":"post-86417","1":"product","2":"type-product","3":"status-publish","4":"has-post-thumbnail","6":"product_cat-infantil","7":"product_tag-55211-032","9":"first","10":"instock","11":"shipping-taxable","12":"purchasable","13":"product-type-simple"},"_links":{"self":[{"href":"https:\/\/brandss.com.py\/index\/wp-json\/wp\/v2\/product\/86417","targetHints":{"allow":["GET"]}}],"collection":[{"href":"https:\/\/brandss.com.py\/index\/wp-json\/wp\/v2\/product"}],"about":[{"href":"https:\/\/brandss.com.py\/index\/wp-json\/wp\/v2\/types\/product"}],"replies":[{"embeddable":true,"href":"https:\/\/brandss.com.py\/index\/wp-json\/wp\/v2\/comments?post=86417"}],"version-history":[{"count":1,"href":"https:\/\/brandss.com.py\/index\/wp-json\/wp\/v2\/product\/86417\/revisions"}],"predecessor-version":[{"id":86424,"href":"https:\/\/brandss.com.py\/index\/wp-json\/wp\/v2\/product\/86417\/revisions\/86424"}],"wp:featuredmedia":[{"embeddable":true,"href":"https:\/\/brandss.com.py\/index\/wp-json\/wp\/v2\/media\/86418"}],"wp:attachment":[{"href":"https:\/\/brandss.com.py\/index\/wp-json\/wp\/v2\/media?parent=86417"}],"wp:term":[{"taxonomy":"product_brand","embeddable":true,"href":"https:\/\/brandss.com.py\/index\/wp-json\/wp\/v2\/product_brand?post=86417"},{"taxonomy":"product_cat","embeddable":true,"href":"https:\/\/brandss.com.py\/index\/wp-json\/wp\/v2\/product_cat?post=86417"},{"taxonomy":"product_tag","embeddable":true,"href":"https:\/\/brandss.com.py\/index\/wp-json\/wp\/v2\/product_tag?post=86417"}],"curies":[{"name":"wp","href":"https:\/\/api.w.org\/{rel}","templated":true}]}}