{"id":86425,"date":"2025-07-16T11:55:27","date_gmt":"2025-07-16T11:55:27","guid":{"rendered":"https:\/\/brandss.com.py\/index\/?post_type=product&#038;p=86425"},"modified":"2026-01-10T17:26:36","modified_gmt":"2026-01-10T17:26:36","slug":"calzado-deportivo-infantil-kelme-indor-copa-de-futsal","status":"publish","type":"product","link":"https:\/\/brandss.com.py\/index\/producto\/calzado-deportivo-infantil-kelme-indor-copa-de-futsal\/","title":{"rendered":"CALZADO DEPORTIVO INFANTIL KELME INDOR COPA DE FUTSAL"},"content":{"rendered":"<p><img loading=\"lazy\" decoding=\"async\" class=\"\" src=\"https:\/\/upload.wikimedia.org\/wikipedia\/commons\/5\/58\/Kelme_new_logo.png\" alt=\"Archivo:Kelme new logo.png - Wikipedia, la enciclopedia libre\" width=\"62\" height=\"77\" \/><\/p>\n<h1>INDOR COPA<\/h1>\n<p>Se presenta uno de los modelos m\u00e1s vendidos de Kelme en toda su historia, todo un referente en el futsal por su flexibilidad y ligereza. Calzado montado en una suela de perfil intermedio que har\u00e1 que se adapte a la perfecci\u00f3n a la mayor\u00eda de jugadores. Adem\u00e1s, incorpora una malla en el lateral del upper que posibilita una gran transpirabilidad. Confeccionada en serraje sint\u00e9tico.<\/p>\n<p>Color: Rojo, Negro.<\/p>\n<p>Modelo: 552570-145.<\/p>\n","protected":false},"excerpt":{"rendered":"<p>INDOR COPA Se presenta uno de los modelos m\u00e1s vendidos de Kelme en toda su historia, todo un referente en<\/p>\n","protected":false},"featured_media":86426,"comment_status":"open","ping_status":"closed","template":"","meta":{"nf_dc_page":""},"product_brand":[],"product_cat":[75],"product_tag":[],"class_list":{"0":"post-86425","1":"product","2":"type-product","3":"status-publish","4":"has-post-thumbnail","6":"product_cat-infantil","8":"first","9":"outofstock","10":"shipping-taxable","11":"purchasable","12":"product-type-simple"},"_links":{"self":[{"href":"https:\/\/brandss.com.py\/index\/wp-json\/wp\/v2\/product\/86425","targetHints":{"allow":["GET"]}}],"collection":[{"href":"https:\/\/brandss.com.py\/index\/wp-json\/wp\/v2\/product"}],"about":[{"href":"https:\/\/brandss.com.py\/index\/wp-json\/wp\/v2\/types\/product"}],"replies":[{"embeddable":true,"href":"https:\/\/brandss.com.py\/index\/wp-json\/wp\/v2\/comments?post=86425"}],"version-history":[{"count":1,"href":"https:\/\/brandss.com.py\/index\/wp-json\/wp\/v2\/product\/86425\/revisions"}],"predecessor-version":[{"id":86429,"href":"https:\/\/brandss.com.py\/index\/wp-json\/wp\/v2\/product\/86425\/revisions\/86429"}],"wp:featuredmedia":[{"embeddable":true,"href":"https:\/\/brandss.com.py\/index\/wp-json\/wp\/v2\/media\/86426"}],"wp:attachment":[{"href":"https:\/\/brandss.com.py\/index\/wp-json\/wp\/v2\/media?parent=86425"}],"wp:term":[{"taxonomy":"product_brand","embeddable":true,"href":"https:\/\/brandss.com.py\/index\/wp-json\/wp\/v2\/product_brand?post=86425"},{"taxonomy":"product_cat","embeddable":true,"href":"https:\/\/brandss.com.py\/index\/wp-json\/wp\/v2\/product_cat?post=86425"},{"taxonomy":"product_tag","embeddable":true,"href":"https:\/\/brandss.com.py\/index\/wp-json\/wp\/v2\/product_tag?post=86425"}],"curies":[{"name":"wp","href":"https:\/\/api.w.org\/{rel}","templated":true}]}}