{"id":86430,"date":"2025-07-16T12:48:17","date_gmt":"2025-07-16T12:48:17","guid":{"rendered":"https:\/\/brandss.com.py\/index\/?post_type=product&#038;p=86430"},"modified":"2026-01-10T17:27:58","modified_gmt":"2026-01-10T17:27:58","slug":"calzado-deportivo-infantil-kelme-scalpel-de-futsal","status":"publish","type":"product","link":"https:\/\/brandss.com.py\/index\/producto\/calzado-deportivo-infantil-kelme-scalpel-de-futsal\/","title":{"rendered":"CALZADO DEPORTIVO INFANTIL KELME SCALPEL DE FUTSAL"},"content":{"rendered":"<p><img loading=\"lazy\" decoding=\"async\" class=\"\" src=\"https:\/\/upload.wikimedia.org\/wikipedia\/commons\/5\/58\/Kelme_new_logo.png\" alt=\"Archivo:Kelme new logo.png - Wikipedia, la enciclopedia libre\" width=\"74\" height=\"91\" \/><\/p>\n<h1>SCALPEL<\/h1>\n<p>El modelo Scalpel est\u00e1 pensado para los jugadores que buscan m\u00e1xima ligereza y una excelente ventilaci\u00f3n del pie debido a la tecnolog\u00eda Kelme Breathability System. Calzado que tiene una gran amortiguaci\u00f3n gracias a su suela personalizada, fabricada en poliuretano y caucho de alta calidad.<\/p>\n<h6 class=\"product-title\">Tecnolog\u00edas<\/h6>\n<div class=\"row\">\n<div class=\"col-lg-2 col-md-2 col-sm-4 col-xs-4\"><a title=\"THERMOTECH\" href=\"https:\/\/www.kelme.com.py\/producto\/360000000200_360000000200#\"><img loading=\"lazy\" decoding=\"async\" class=\"img img-responsive pop-box alignleft\" src=\"https:\/\/www.kelme.com.py\/files\/website%20-%20miniaturas%20tecnologias%20(9).png\" alt=\"THERMOTECH\" width=\"60\" height=\"60\" \/><\/a><\/div>\n<div class=\"col-lg-2 col-md-2 col-sm-4 col-xs-4\"><a title=\"ESTROBEL\" href=\"https:\/\/www.kelme.com.py\/producto\/360000000200_360000000200#\"><img loading=\"lazy\" decoding=\"async\" class=\"img img-responsive pop-box alignleft\" src=\"https:\/\/www.kelme.com.py\/files\/Recurso%2020@4x.png\" alt=\"ESTROBEL\" width=\"60\" height=\"82\" \/><\/a><\/div>\n<div class=\"col-lg-2 col-md-2 col-sm-4 col-xs-4\"><a title=\"NON-MARKING\" href=\"https:\/\/www.kelme.com.py\/producto\/360000000200_360000000200#\"><img loading=\"lazy\" decoding=\"async\" class=\"img img-responsive pop-box alignleft\" src=\"https:\/\/www.kelme.com.py\/files\/Recurso%2017@4x.png\" alt=\"NON-MARKING\" width=\"60\" height=\"67\" \/><\/a><\/div>\n<div class=\"col-lg-2 col-md-2 col-sm-4 col-xs-4\"><a title=\"POLYURETANE\" href=\"https:\/\/www.kelme.com.py\/producto\/360000000200_360000000200#\"><img loading=\"lazy\" decoding=\"async\" class=\"img img-responsive pop-box alignleft\" src=\"https:\/\/www.kelme.com.py\/files\/Recurso%2031@4x.png\" alt=\"POLYURETANE\" width=\"60\" height=\"55\" \/><\/a><\/div>\n<div class=\"col-lg-2 col-md-2 col-sm-4 col-xs-4\"><a title=\"PRO LACE\" href=\"https:\/\/www.kelme.com.py\/producto\/360000000200_360000000200#\"><img loading=\"lazy\" decoding=\"async\" class=\"img img-responsive pop-box alignleft\" src=\"https:\/\/www.kelme.com.py\/files\/website%20-%20miniaturas%20tecnologias%20(4).png\" alt=\"PRO LACE\" width=\"60\" height=\"60\" \/><\/a><\/div>\n<div class=\"col-lg-2 col-md-2 col-sm-4 col-xs-4\"><a title=\"ULTRA GRIP\" href=\"https:\/\/www.kelme.com.py\/producto\/360000000200_360000000200#\"><img loading=\"lazy\" decoding=\"async\" class=\"img img-responsive pop-box alignleft\" src=\"https:\/\/www.kelme.com.py\/files\/ultragrip_icono.png\" alt=\"ULTRA GRIP\" width=\"60\" height=\"60\" \/><\/a><\/div>\n<div class=\"col-lg-2 col-md-2 col-sm-4 col-xs-4\"><a title=\"DOUBLE DENSITY\" href=\"https:\/\/www.kelme.com.py\/producto\/360000000200_360000000200#\"><img loading=\"lazy\" decoding=\"async\" class=\"img img-responsive pop-box alignleft\" src=\"https:\/\/www.kelme.com.py\/files\/Recurso%2027@4x.png\" alt=\"DOUBLE DENSITY\" width=\"60\" height=\"60\" \/><\/a><\/div>\n<div class=\"col-lg-2 col-md-2 col-sm-4 col-xs-4\"><a title=\"K-FLEX\" href=\"https:\/\/www.kelme.com.py\/producto\/360000000200_360000000200#\"><img loading=\"lazy\" decoding=\"async\" class=\"img img-responsive pop-box alignleft\" src=\"https:\/\/www.kelme.com.py\/files\/Recurso%2028@4x.png\" alt=\"K-FLEX\" width=\"60\" height=\"77\" \/><\/a><\/div>\n<div class=\"col-lg-2 col-md-2 col-sm-4 col-xs-4\"><a title=\"KBS (Kelme Breathability System)\" href=\"https:\/\/www.kelme.com.py\/producto\/360000000200_360000000200#\"><img loading=\"lazy\" decoding=\"async\" class=\"img img-responsive pop-box\" src=\"https:\/\/www.kelme.com.py\/files\/website%20-%20miniaturas%20tecnologias%20(1).png\" alt=\"KBS (Kelme Breathability System)\" width=\"60\" height=\"60\" \/><\/a><\/div>\n<\/div>\n<div><\/div>\n<div><\/div>\n<div>Color: Verde El\u00e9ctrico.<\/div>\n<div>Modelo: 55436-031.<\/div>\n","protected":false},"excerpt":{"rendered":"<p>SCALPEL El modelo Scalpel est\u00e1 pensado para los jugadores que buscan m\u00e1xima ligereza y una excelente ventilaci\u00f3n del pie debido<\/p>\n","protected":false},"featured_media":86431,"comment_status":"open","ping_status":"closed","template":"","meta":{"nf_dc_page":""},"product_brand":[],"product_cat":[75],"product_tag":[],"class_list":{"0":"post-86430","1":"product","2":"type-product","3":"status-publish","4":"has-post-thumbnail","6":"product_cat-infantil","8":"first","9":"outofstock","10":"shipping-taxable","11":"purchasable","12":"product-type-simple"},"_links":{"self":[{"href":"https:\/\/brandss.com.py\/index\/wp-json\/wp\/v2\/product\/86430","targetHints":{"allow":["GET"]}}],"collection":[{"href":"https:\/\/brandss.com.py\/index\/wp-json\/wp\/v2\/product"}],"about":[{"href":"https:\/\/brandss.com.py\/index\/wp-json\/wp\/v2\/types\/product"}],"replies":[{"embeddable":true,"href":"https:\/\/brandss.com.py\/index\/wp-json\/wp\/v2\/comments?post=86430"}],"version-history":[{"count":1,"href":"https:\/\/brandss.com.py\/index\/wp-json\/wp\/v2\/product\/86430\/revisions"}],"predecessor-version":[{"id":86435,"href":"https:\/\/brandss.com.py\/index\/wp-json\/wp\/v2\/product\/86430\/revisions\/86435"}],"wp:featuredmedia":[{"embeddable":true,"href":"https:\/\/brandss.com.py\/index\/wp-json\/wp\/v2\/media\/86431"}],"wp:attachment":[{"href":"https:\/\/brandss.com.py\/index\/wp-json\/wp\/v2\/media?parent=86430"}],"wp:term":[{"taxonomy":"product_brand","embeddable":true,"href":"https:\/\/brandss.com.py\/index\/wp-json\/wp\/v2\/product_brand?post=86430"},{"taxonomy":"product_cat","embeddable":true,"href":"https:\/\/brandss.com.py\/index\/wp-json\/wp\/v2\/product_cat?post=86430"},{"taxonomy":"product_tag","embeddable":true,"href":"https:\/\/brandss.com.py\/index\/wp-json\/wp\/v2\/product_tag?post=86430"}],"curies":[{"name":"wp","href":"https:\/\/api.w.org\/{rel}","templated":true}]}}