{"id":86466,"date":"2025-07-16T18:38:22","date_gmt":"2025-07-16T18:38:22","guid":{"rendered":"https:\/\/brandss.com.py\/index\/?post_type=product&#038;p=86466"},"modified":"2026-01-10T17:46:53","modified_gmt":"2026-01-10T17:46:53","slug":"hoddie-deportivo-masculino-puma-better-sportswear","status":"publish","type":"product","link":"https:\/\/brandss.com.py\/index\/producto\/hoddie-deportivo-masculino-puma-better-sportswear\/","title":{"rendered":"HODDIE DEPORTIVO MASCULINO PUMA BETTER SPORTSWEAR"},"content":{"rendered":"<p><img loading=\"lazy\" decoding=\"async\" class=\"\" src=\"https:\/\/1000marcas.net\/wp-content\/uploads\/2019\/12\/logo-Puma.png\" alt=\"Logo de Puma: la historia y el significado del logotipo, la marca y el  s\u00edmbolo. | png, vector\" width=\"87\" height=\"43\" \/><\/p>\n<h1>BETTER SPORTSWEAR<\/h1>\n<p>Con la colecci\u00f3n Better Essentials, los b\u00e1sicos se vuelven un poco mejores, un poco m\u00e1s ecol\u00f3gicos. Esta sudadera con capucha est\u00e1 dise\u00f1ada para entrenar y relajarse. El tejido de algod\u00f3n te ayuda a concentrarte, mientras que el bolsillo tipo canguro mantiene tus objetos esenciales seguros.<\/p>\n<h3>Detalles<\/h3>\n<p>Material: 85 % algod\u00f3n reciclado, 15 % viscosa.<\/p>\n<p>Corte regular. 300 g\/m\u00b2, felpa francesa, sin forro polar.<\/p>\n<p>Capucha con cord\u00f3n.<\/p>\n<p>Mangas largas.<\/p>\n<p>Bolsillo tipo canguro.<\/p>\n<p>Estampado gr\u00e1fico de goma.<\/p>\n<p>Color: Negro<\/p>\n<p>Modelo: 679002-01.<\/p>\n","protected":false},"excerpt":{"rendered":"<p>BETTER SPORTSWEAR Con la colecci\u00f3n Better Essentials, los b\u00e1sicos se vuelven un poco mejores, un poco m\u00e1s ecol\u00f3gicos. Esta sudadera<\/p>\n","protected":false},"featured_media":86467,"comment_status":"open","ping_status":"closed","template":"","meta":{"nf_dc_page":""},"product_brand":[2306],"product_cat":[76],"product_tag":[2407],"class_list":{"0":"post-86466","1":"product","2":"type-product","3":"status-publish","4":"has-post-thumbnail","6":"product_brand-puma","7":"product_cat-masculino","8":"product_tag-679002-01","10":"first","11":"instock","12":"shipping-taxable","13":"purchasable","14":"product-type-simple"},"_links":{"self":[{"href":"https:\/\/brandss.com.py\/index\/wp-json\/wp\/v2\/product\/86466","targetHints":{"allow":["GET"]}}],"collection":[{"href":"https:\/\/brandss.com.py\/index\/wp-json\/wp\/v2\/product"}],"about":[{"href":"https:\/\/brandss.com.py\/index\/wp-json\/wp\/v2\/types\/product"}],"replies":[{"embeddable":true,"href":"https:\/\/brandss.com.py\/index\/wp-json\/wp\/v2\/comments?post=86466"}],"version-history":[{"count":1,"href":"https:\/\/brandss.com.py\/index\/wp-json\/wp\/v2\/product\/86466\/revisions"}],"predecessor-version":[{"id":86474,"href":"https:\/\/brandss.com.py\/index\/wp-json\/wp\/v2\/product\/86466\/revisions\/86474"}],"wp:featuredmedia":[{"embeddable":true,"href":"https:\/\/brandss.com.py\/index\/wp-json\/wp\/v2\/media\/86467"}],"wp:attachment":[{"href":"https:\/\/brandss.com.py\/index\/wp-json\/wp\/v2\/media?parent=86466"}],"wp:term":[{"taxonomy":"product_brand","embeddable":true,"href":"https:\/\/brandss.com.py\/index\/wp-json\/wp\/v2\/product_brand?post=86466"},{"taxonomy":"product_cat","embeddable":true,"href":"https:\/\/brandss.com.py\/index\/wp-json\/wp\/v2\/product_cat?post=86466"},{"taxonomy":"product_tag","embeddable":true,"href":"https:\/\/brandss.com.py\/index\/wp-json\/wp\/v2\/product_tag?post=86466"}],"curies":[{"name":"wp","href":"https:\/\/api.w.org\/{rel}","templated":true}]}}