{"id":86501,"date":"2025-07-17T12:48:21","date_gmt":"2025-07-17T12:48:21","guid":{"rendered":"https:\/\/brandss.com.py\/index\/?post_type=product&#038;p=86501"},"modified":"2025-12-09T17:27:24","modified_gmt":"2025-12-09T17:27:24","slug":"perfume-masculino-mush-mush-aristocrat-edp-100ml","status":"publish","type":"product","link":"https:\/\/brandss.com.py\/index\/producto\/perfume-masculino-mush-mush-aristocrat-edp-100ml\/","title":{"rendered":"PERFUME MASCULINO MUSH MUSH ARISTOCRAT EDP 100ML"},"content":{"rendered":"<p><img loading=\"lazy\" decoding=\"async\" class=\"\" src=\"https:\/\/mushmushperfumes.com\/cdn\/shop\/files\/Mush_mush_logo_4.png?v=1723831141&amp;width=240\" width=\"77\" height=\"77\" \/><\/p>\n<h1>ARISTOCRAT<\/h1>\n<p>Realza tu estilo diario y exuda un aire de nobleza con el perfume Aristocrat Men. Deja que la lujosa mezcla de c\u00edtricos, frutas, almizcle, vainilla y \u00e1mbar defina tu presencia y deje una huella memorable dondequiera que vayas. Sum\u00e9rgete en la esencia de la aristocracia y llama la atenci\u00f3n con cada rociado de esta distinguida fragancia.<\/p>\n<h3>Notas Olfativas<\/h3>\n<p>Define tu presencia con el noble aroma del perfume Aristocrat Men. Una lujosa fusi\u00f3n de c\u00edtricos, frutas, almizcle, vainilla y \u00e1mbar crea un sendero inolvidable, elevando tu estilo diario con un aire de distinci\u00f3n.<\/p>\n<div class=\"pyramid grid row\"><strong><span class=\"title-note\">Notas de salida: <\/span><\/strong>Naranja, Bergamota, Lim\u00f3n siciliano.<\/div>\n<div class=\"pyramid grid row\"><span class=\"title-note\"><span><strong>Notas de coraz\u00f3n:<\/strong> <\/span><\/span>Frutas.<\/div>\n<div class=\"pyramid grid row\"><strong><span class=\"title-note\">Notas de fondo: <\/span><\/strong>Almizcle blanco, Vainilla de Madagascar, \u00c1mbar.<\/div>\n","protected":false},"excerpt":{"rendered":"<p>ARISTOCRAT Realza tu estilo diario y exuda un aire de nobleza con el perfume Aristocrat Men. Deja que la lujosa<\/p>\n","protected":false},"featured_media":86502,"comment_status":"open","ping_status":"closed","template":"","meta":{"nf_dc_page":""},"product_brand":[96],"product_cat":[84],"product_tag":[149],"class_list":{"0":"post-86501","1":"product","2":"type-product","3":"status-publish","4":"has-post-thumbnail","6":"product_brand-mush-mush","7":"product_cat-perfumeria","8":"product_tag-149","10":"first","11":"instock","12":"sale","13":"shipping-taxable","14":"purchasable","15":"product-type-simple"},"_links":{"self":[{"href":"https:\/\/brandss.com.py\/index\/wp-json\/wp\/v2\/product\/86501","targetHints":{"allow":["GET"]}}],"collection":[{"href":"https:\/\/brandss.com.py\/index\/wp-json\/wp\/v2\/product"}],"about":[{"href":"https:\/\/brandss.com.py\/index\/wp-json\/wp\/v2\/types\/product"}],"replies":[{"embeddable":true,"href":"https:\/\/brandss.com.py\/index\/wp-json\/wp\/v2\/comments?post=86501"}],"version-history":[{"count":1,"href":"https:\/\/brandss.com.py\/index\/wp-json\/wp\/v2\/product\/86501\/revisions"}],"predecessor-version":[{"id":86506,"href":"https:\/\/brandss.com.py\/index\/wp-json\/wp\/v2\/product\/86501\/revisions\/86506"}],"wp:featuredmedia":[{"embeddable":true,"href":"https:\/\/brandss.com.py\/index\/wp-json\/wp\/v2\/media\/86502"}],"wp:attachment":[{"href":"https:\/\/brandss.com.py\/index\/wp-json\/wp\/v2\/media?parent=86501"}],"wp:term":[{"taxonomy":"product_brand","embeddable":true,"href":"https:\/\/brandss.com.py\/index\/wp-json\/wp\/v2\/product_brand?post=86501"},{"taxonomy":"product_cat","embeddable":true,"href":"https:\/\/brandss.com.py\/index\/wp-json\/wp\/v2\/product_cat?post=86501"},{"taxonomy":"product_tag","embeddable":true,"href":"https:\/\/brandss.com.py\/index\/wp-json\/wp\/v2\/product_tag?post=86501"}],"curies":[{"name":"wp","href":"https:\/\/api.w.org\/{rel}","templated":true}]}}