{"id":86526,"date":"2025-07-17T16:57:54","date_gmt":"2025-07-17T16:57:54","guid":{"rendered":"https:\/\/brandss.com.py\/index\/?post_type=product&#038;p=86526"},"modified":"2025-12-09T17:21:43","modified_gmt":"2025-12-09T17:21:43","slug":"perfume-femenino-mush-mush-nibres-orient-edp-100ml","status":"publish","type":"product","link":"https:\/\/brandss.com.py\/index\/producto\/perfume-femenino-mush-mush-nibres-orient-edp-100ml\/","title":{"rendered":"PERFUME FEMENINO MUSH MUSH NIBRES ORIENT EDP 100ML"},"content":{"rendered":"<p><img loading=\"lazy\" decoding=\"async\" class=\"\" src=\"https:\/\/mushmushperfumes.com\/cdn\/shop\/files\/Mush_mush_logo_4.png?v=1723831141&amp;width=240\" width=\"81\" height=\"81\" \/><\/p>\n<h1>NIBRES ORIENT<\/h1>\n<p><span>Presentamos Oriental Nibres, un cautivador perfume para mujer que irradia el encanto ex\u00f3tico de Oriente, combinando deliciosas frutas, delicadas flores y maderas c\u00e1lidas para crear una fragancia misteriosa y seductora. <\/span><span>El perfume de mujer Oriental Nibres es una fusi\u00f3n de ingredientes ex\u00f3ticos que cautivan y cautivan, dise\u00f1ado para la mujer moderna que busca una fragancia que sea misteriosa e inolvidable. Este perfume femenino de larga duraci\u00f3n es ideal tanto para uso diario como para ocasiones especiales. La combinaci\u00f3n de frescura frutal, elegancia floral y c\u00e1lidos acordes amaderados y dulces crea una fragancia sofisticada y memorable.<\/span><\/p>\n<h3>Notas Olfativas<\/h3>\n<p data-start=\"94\" data-end=\"529\"><span>Oriental Nibres es una fragancia floral-frutal que combina c\u00edtricos frescos, delicados florales y c\u00e1lidos matices dulces para un aroma equilibrado y duradero. Las notas de salida de flor de peral, frutos rojos y mandarina crean una salida refrescante y vibrante. Las notas de coraz\u00f3n de gardenia, jazm\u00edn y frangipani aportan una suave profundidad floral, mientras que el fondo de az\u00facar moreno y pachul\u00ed aporta calidez y una sutil dulzura.<\/span><\/p>\n<h4 data-start=\"531\" data-end=\"558\"><span>Notas de fragancia:<\/span><\/h4>\n<p data-start=\"559\" data-end=\"708\"><span>\u2714 <strong>Notas de salida:<\/strong> flor de peral, frutos rojos, mandarina.<\/span><br data-start=\"611\" data-end=\"614\" \/><span>\u2714 <strong>Notas de coraz\u00f3n:<\/strong> gardenia, jazm\u00edn, frangipani.<\/span><br data-start=\"663\" data-end=\"666\" \/><span>\u2714 <strong>Notas de fondo:<\/strong> az\u00facar moreno, pachul\u00ed.<\/span><\/p>\n<p data-start=\"710\" data-end=\"933\">\n","protected":false},"excerpt":{"rendered":"<p>NIBRES ORIENT Presentamos Oriental Nibres, un cautivador perfume para mujer que irradia el encanto ex\u00f3tico de Oriente, combinando deliciosas frutas,<\/p>\n","protected":false},"featured_media":86527,"comment_status":"open","ping_status":"closed","template":"","meta":{"nf_dc_page":""},"product_brand":[96],"product_cat":[84],"product_tag":[1460],"class_list":{"0":"post-86526","1":"product","2":"type-product","3":"status-publish","4":"has-post-thumbnail","6":"product_brand-mush-mush","7":"product_cat-perfumeria","8":"product_tag-1460","10":"first","11":"instock","12":"sale","13":"shipping-taxable","14":"purchasable","15":"product-type-simple"},"_links":{"self":[{"href":"https:\/\/brandss.com.py\/index\/wp-json\/wp\/v2\/product\/86526","targetHints":{"allow":["GET"]}}],"collection":[{"href":"https:\/\/brandss.com.py\/index\/wp-json\/wp\/v2\/product"}],"about":[{"href":"https:\/\/brandss.com.py\/index\/wp-json\/wp\/v2\/types\/product"}],"replies":[{"embeddable":true,"href":"https:\/\/brandss.com.py\/index\/wp-json\/wp\/v2\/comments?post=86526"}],"version-history":[{"count":1,"href":"https:\/\/brandss.com.py\/index\/wp-json\/wp\/v2\/product\/86526\/revisions"}],"predecessor-version":[{"id":86531,"href":"https:\/\/brandss.com.py\/index\/wp-json\/wp\/v2\/product\/86526\/revisions\/86531"}],"wp:featuredmedia":[{"embeddable":true,"href":"https:\/\/brandss.com.py\/index\/wp-json\/wp\/v2\/media\/86527"}],"wp:attachment":[{"href":"https:\/\/brandss.com.py\/index\/wp-json\/wp\/v2\/media?parent=86526"}],"wp:term":[{"taxonomy":"product_brand","embeddable":true,"href":"https:\/\/brandss.com.py\/index\/wp-json\/wp\/v2\/product_brand?post=86526"},{"taxonomy":"product_cat","embeddable":true,"href":"https:\/\/brandss.com.py\/index\/wp-json\/wp\/v2\/product_cat?post=86526"},{"taxonomy":"product_tag","embeddable":true,"href":"https:\/\/brandss.com.py\/index\/wp-json\/wp\/v2\/product_tag?post=86526"}],"curies":[{"name":"wp","href":"https:\/\/api.w.org\/{rel}","templated":true}]}}