{"id":86543,"date":"2025-07-17T19:22:26","date_gmt":"2025-07-17T19:22:26","guid":{"rendered":"https:\/\/brandss.com.py\/index\/?post_type=product&#038;p=86543"},"modified":"2025-12-09T17:18:17","modified_gmt":"2025-12-09T17:18:17","slug":"perfume-femenino-mush-mush-glamorous-bouquet-edp-100ml","status":"publish","type":"product","link":"https:\/\/brandss.com.py\/index\/producto\/perfume-femenino-mush-mush-glamorous-bouquet-edp-100ml\/","title":{"rendered":"PERFUME FEMENINO MUSH MUSH GLAMOROUS BOUQUET EDP 100ML"},"content":{"rendered":"<p><img loading=\"lazy\" decoding=\"async\" class=\"\" src=\"https:\/\/mushmushperfumes.com\/cdn\/shop\/files\/Mush_mush_logo_4.png?v=1723831141&amp;width=240\" width=\"112\" height=\"112\" \/><\/p>\n<h1>GLAMOROUS BOUQUET<\/h1>\n<p>Despierte sus sentidos y sum\u00e9rjase en el cautivador encanto de Glamorous Bouquet, una fragancia dise\u00f1ada para la mujer que irradia sofisticaci\u00f3n, gracia y glamour. Impregnada de opulencia y lujo, esta cautivadora fragancia es una sinfon\u00eda de notas florales y frutales que la envuelve en un velo de elegancia y seducci\u00f3n. Este perfume femenino de larga duraci\u00f3n es ideal tanto para el uso diario como para ocasiones especiales, y ofrece una mezcla equilibrada de frescura c\u00edtrica, elegancia floral y c\u00e1lidos acordes amaderados.<\/p>\n<h3>Notas Olfativas<\/h3>\n<p data-start=\"108\" data-end=\"588\"><span>Glamorous Bouquet es una fragancia floral-frutal con una rica composici\u00f3n de c\u00edtricos, rosa, jazm\u00edn, vainilla y almizcle. La fragancia se abre con naranja fresca, mandarina, bergamota y flor de azahar, ofreciendo un comienzo brillante y c\u00edtrico. Las notas de coraz\u00f3n de rosa turca, jazm\u00edn, mimosa e ylang-ylang aportan un suave toque floral. Las notas de fondo de pachul\u00ed, almizcle blanco, vainilla, vetiver, haba tonka y opop\u00f3naco aportan calidez y profundidad para un final duradero.<\/span><\/p>\n<p data-start=\"618\" data-end=\"833\"><span>\u2714 <strong>Notas de salida:<\/strong> naranja, mandarina, bergamota, flor de azahar.<\/span><br data-start=\"684\" data-end=\"687\" \/><span>\u2714 <strong>Notas de coraz\u00f3n:<\/strong> rosa turca, jazm\u00edn, mimosa, ylang-ylang.<\/span><br data-start=\"749\" data-end=\"752\" \/><span>\u2714<strong> Notas de fondo:<\/strong> pachul\u00ed, almizcle blanco, vainilla, vetiver, haba tonka, opop\u00f3naco.<\/span><\/p>\n","protected":false},"excerpt":{"rendered":"<p>GLAMOROUS BOUQUET Despierte sus sentidos y sum\u00e9rjase en el cautivador encanto de Glamorous Bouquet, una fragancia dise\u00f1ada para la mujer<\/p>\n","protected":false},"featured_media":86544,"comment_status":"open","ping_status":"closed","template":"","meta":{"nf_dc_page":""},"product_brand":[96],"product_cat":[84],"product_tag":[1456],"class_list":{"0":"post-86543","1":"product","2":"type-product","3":"status-publish","4":"has-post-thumbnail","6":"product_brand-mush-mush","7":"product_cat-perfumeria","8":"product_tag-1456","10":"first","11":"instock","12":"sale","13":"shipping-taxable","14":"purchasable","15":"product-type-simple"},"_links":{"self":[{"href":"https:\/\/brandss.com.py\/index\/wp-json\/wp\/v2\/product\/86543","targetHints":{"allow":["GET"]}}],"collection":[{"href":"https:\/\/brandss.com.py\/index\/wp-json\/wp\/v2\/product"}],"about":[{"href":"https:\/\/brandss.com.py\/index\/wp-json\/wp\/v2\/types\/product"}],"replies":[{"embeddable":true,"href":"https:\/\/brandss.com.py\/index\/wp-json\/wp\/v2\/comments?post=86543"}],"version-history":[{"count":1,"href":"https:\/\/brandss.com.py\/index\/wp-json\/wp\/v2\/product\/86543\/revisions"}],"predecessor-version":[{"id":86548,"href":"https:\/\/brandss.com.py\/index\/wp-json\/wp\/v2\/product\/86543\/revisions\/86548"}],"wp:featuredmedia":[{"embeddable":true,"href":"https:\/\/brandss.com.py\/index\/wp-json\/wp\/v2\/media\/86544"}],"wp:attachment":[{"href":"https:\/\/brandss.com.py\/index\/wp-json\/wp\/v2\/media?parent=86543"}],"wp:term":[{"taxonomy":"product_brand","embeddable":true,"href":"https:\/\/brandss.com.py\/index\/wp-json\/wp\/v2\/product_brand?post=86543"},{"taxonomy":"product_cat","embeddable":true,"href":"https:\/\/brandss.com.py\/index\/wp-json\/wp\/v2\/product_cat?post=86543"},{"taxonomy":"product_tag","embeddable":true,"href":"https:\/\/brandss.com.py\/index\/wp-json\/wp\/v2\/product_tag?post=86543"}],"curies":[{"name":"wp","href":"https:\/\/api.w.org\/{rel}","templated":true}]}}