{"id":86549,"date":"2025-07-18T11:34:04","date_gmt":"2025-07-18T11:34:04","guid":{"rendered":"https:\/\/brandss.com.py\/index\/?post_type=product&#038;p=86549"},"modified":"2026-01-10T17:57:31","modified_gmt":"2026-01-10T17:57:31","slug":"conjunto-deportivo-femenino-puma-loungewear-moleton-pantalon","status":"publish","type":"product","link":"https:\/\/brandss.com.py\/index\/producto\/conjunto-deportivo-femenino-puma-loungewear-moleton-pantalon\/","title":{"rendered":"CONJUNTO DEPORTIVO FEMENINO PUMA LOUNGEWEAR MOLET\u00d3N + PANTAL\u00d3N"},"content":{"rendered":"<p><img loading=\"lazy\" decoding=\"async\" class=\"\" src=\"https:\/\/1000marcas.net\/wp-content\/uploads\/2019\/12\/logo-Puma.png\" alt=\"Logo de Puma: la historia y el significado del logotipo, la marca y el  s\u00edmbolo. | png, vector\" width=\"115\" height=\"57\" \/><\/p>\n<h1>LOUNGEWEAR<\/h1>\n<p>Sum\u00e9rgete en vibraciones sin esfuerzo con el conjunto deportivo relajado de PUMA. Con el logotipo bordado PUMA No. 1, cintura acanalada con cord\u00f3n y pu\u00f1os acanalados, este conjunto es perfecto para d\u00edas relajados. Disfruta de la m\u00e1xima comodidad y estilo de una sola vez.<\/p>\n<p><strong>Caracter\u00edsticas:<\/strong><\/p>\n<ul>\n<li>Corte c\u00f3modo.<\/li>\n<li>Tejido French Terry.<\/li>\n<li>Largo normal.<\/li>\n<li>Mangas largas.<\/li>\n<li>Tiro medio.<\/li>\n<li>Mangas largas.<\/li>\n<li>Bolsillos laterales<\/li>\n<li>Color: Azul marino.<\/li>\n<li>Modelo: 685074A02.\n<p><strong>Especificaciones:<\/strong><\/p>\n<p>&#8211; Exterior: 68% algod\u00f3n, 32% poli\u00e9ster<br \/>\n&#8211; Canal\u00e9: 97% algod\u00f3n, 3% elastano<\/p>\n<p><strong>Cuidado:<\/strong><\/p>\n<p>&#8211; Lavar con colores similares<br \/>\n&#8211; Lavar y planchar del rev\u00e9s<br \/>\n&#8211; Exclusivo de decoraci\u00f3n<br \/>\n&#8211; Usar detergente para ropa de color<\/li>\n<\/ul>\n","protected":false},"excerpt":{"rendered":"<p>LOUNGEWEAR Sum\u00e9rgete en vibraciones sin esfuerzo con el conjunto deportivo relajado de PUMA. Con el logotipo bordado PUMA No. 1,<\/p>\n","protected":false},"featured_media":86550,"comment_status":"open","ping_status":"closed","template":"","meta":{"nf_dc_page":""},"product_brand":[2306],"product_cat":[73],"product_tag":[2410],"class_list":{"0":"post-86549","1":"product","2":"type-product","3":"status-publish","4":"has-post-thumbnail","6":"product_brand-puma","7":"product_cat-femenino","8":"product_tag-685074a02","10":"first","11":"outofstock","12":"shipping-taxable","13":"purchasable","14":"product-type-simple"},"_links":{"self":[{"href":"https:\/\/brandss.com.py\/index\/wp-json\/wp\/v2\/product\/86549","targetHints":{"allow":["GET"]}}],"collection":[{"href":"https:\/\/brandss.com.py\/index\/wp-json\/wp\/v2\/product"}],"about":[{"href":"https:\/\/brandss.com.py\/index\/wp-json\/wp\/v2\/types\/product"}],"replies":[{"embeddable":true,"href":"https:\/\/brandss.com.py\/index\/wp-json\/wp\/v2\/comments?post=86549"}],"version-history":[{"count":1,"href":"https:\/\/brandss.com.py\/index\/wp-json\/wp\/v2\/product\/86549\/revisions"}],"predecessor-version":[{"id":86551,"href":"https:\/\/brandss.com.py\/index\/wp-json\/wp\/v2\/product\/86549\/revisions\/86551"}],"wp:featuredmedia":[{"embeddable":true,"href":"https:\/\/brandss.com.py\/index\/wp-json\/wp\/v2\/media\/86550"}],"wp:attachment":[{"href":"https:\/\/brandss.com.py\/index\/wp-json\/wp\/v2\/media?parent=86549"}],"wp:term":[{"taxonomy":"product_brand","embeddable":true,"href":"https:\/\/brandss.com.py\/index\/wp-json\/wp\/v2\/product_brand?post=86549"},{"taxonomy":"product_cat","embeddable":true,"href":"https:\/\/brandss.com.py\/index\/wp-json\/wp\/v2\/product_cat?post=86549"},{"taxonomy":"product_tag","embeddable":true,"href":"https:\/\/brandss.com.py\/index\/wp-json\/wp\/v2\/product_tag?post=86549"}],"curies":[{"name":"wp","href":"https:\/\/api.w.org\/{rel}","templated":true}]}}