{"id":86563,"date":"2025-07-18T12:25:15","date_gmt":"2025-07-18T12:25:15","guid":{"rendered":"https:\/\/brandss.com.py\/index\/?post_type=product&#038;p=86563"},"modified":"2026-01-10T18:05:50","modified_gmt":"2026-01-10T18:05:50","slug":"conjunto-deportivo-femenino-puma-poly-moleton-pantalon-2","status":"publish","type":"product","link":"https:\/\/brandss.com.py\/index\/producto\/conjunto-deportivo-femenino-puma-poly-moleton-pantalon-2\/","title":{"rendered":"CONJUNTO DEPORTIVO FEMENINO PUMA POLY MOLET\u00d3N + PANTAL\u00d3N"},"content":{"rendered":"<p><img loading=\"lazy\" decoding=\"async\" class=\"\" src=\"https:\/\/1000marcas.net\/wp-content\/uploads\/2019\/12\/logo-Puma.png\" alt=\"Logo de Puma: la historia y el significado del logotipo, la marca y el  s\u00edmbolo. | png, vector\" width=\"64\" height=\"32\" \/><\/p>\n<h1>POLY<\/h1>\n<p style=\"font-weight: 400\">Prep\u00e1rate para conquistar el d\u00eda con el din\u00e1mico ch\u00e1ndal de PUMA. Con estampados de goma del logo del n.\u00b0 1, capucha ajustable y pu\u00f1os el\u00e1sticos, este conjunto ofrece estilo y funcionalidad. Las cinturillas el\u00e1sticas con cordones garantizan un ajuste perfecto para cualquier actividad.<\/p>\n<p style=\"font-weight: 400\">\n<h3 style=\"font-weight: 400\"><strong>Detalles<\/strong><\/h3>\n<ul>\n<li style=\"font-weight: 400\">Corte est\u00e1ndar.<\/li>\n<li style=\"font-weight: 400\">Tela tricotada.<\/li>\n<li style=\"font-weight: 400\">Longitud normal.<\/li>\n<li style=\"font-weight: 400\">Cierre de cremallera completo.<\/li>\n<li style=\"font-weight: 400\">Mangas largas.<\/li>\n<li style=\"font-weight: 400\">Cintura media.<\/li>\n<li style=\"font-weight: 400\">Cintura el\u00e1stica con cord\u00f3n interior.<\/li>\n<li style=\"font-weight: 400\">Bolsillos laterales.<\/li>\n<li style=\"font-weight: 400\">Bolsillo de fieltro..<\/li>\n<li style=\"font-weight: 400\">Material principal: 100 % poli\u00e9ster reciclado.<\/li>\n<li>Color: Morado, Negro.<\/li>\n<li>Modelo: 68507547.<\/li>\n<\/ul>\n","protected":false},"excerpt":{"rendered":"<p>POLY Prep\u00e1rate para conquistar el d\u00eda con el din\u00e1mico ch\u00e1ndal de PUMA. Con estampados de goma del logo del n.\u00b0<\/p>\n","protected":false},"featured_media":86564,"comment_status":"open","ping_status":"closed","template":"","meta":{"nf_dc_page":""},"product_brand":[2306],"product_cat":[73],"product_tag":[2413],"class_list":{"0":"post-86563","1":"product","2":"type-product","3":"status-publish","4":"has-post-thumbnail","6":"product_brand-puma","7":"product_cat-femenino","8":"product_tag-2413","10":"first","11":"outofstock","12":"shipping-taxable","13":"purchasable","14":"product-type-simple"},"_links":{"self":[{"href":"https:\/\/brandss.com.py\/index\/wp-json\/wp\/v2\/product\/86563","targetHints":{"allow":["GET"]}}],"collection":[{"href":"https:\/\/brandss.com.py\/index\/wp-json\/wp\/v2\/product"}],"about":[{"href":"https:\/\/brandss.com.py\/index\/wp-json\/wp\/v2\/types\/product"}],"replies":[{"embeddable":true,"href":"https:\/\/brandss.com.py\/index\/wp-json\/wp\/v2\/comments?post=86563"}],"version-history":[{"count":1,"href":"https:\/\/brandss.com.py\/index\/wp-json\/wp\/v2\/product\/86563\/revisions"}],"predecessor-version":[{"id":86570,"href":"https:\/\/brandss.com.py\/index\/wp-json\/wp\/v2\/product\/86563\/revisions\/86570"}],"wp:featuredmedia":[{"embeddable":true,"href":"https:\/\/brandss.com.py\/index\/wp-json\/wp\/v2\/media\/86564"}],"wp:attachment":[{"href":"https:\/\/brandss.com.py\/index\/wp-json\/wp\/v2\/media?parent=86563"}],"wp:term":[{"taxonomy":"product_brand","embeddable":true,"href":"https:\/\/brandss.com.py\/index\/wp-json\/wp\/v2\/product_brand?post=86563"},{"taxonomy":"product_cat","embeddable":true,"href":"https:\/\/brandss.com.py\/index\/wp-json\/wp\/v2\/product_cat?post=86563"},{"taxonomy":"product_tag","embeddable":true,"href":"https:\/\/brandss.com.py\/index\/wp-json\/wp\/v2\/product_tag?post=86563"}],"curies":[{"name":"wp","href":"https:\/\/api.w.org\/{rel}","templated":true}]}}