{"id":86574,"date":"2025-07-18T13:16:50","date_gmt":"2025-07-18T13:16:50","guid":{"rendered":"https:\/\/brandss.com.py\/index\/?post_type=product&#038;p=86574"},"modified":"2026-01-10T18:08:49","modified_gmt":"2026-01-10T18:08:49","slug":"hoddie-deportivo-masculino-puma-tr","status":"publish","type":"product","link":"https:\/\/brandss.com.py\/index\/producto\/hoddie-deportivo-masculino-puma-tr\/","title":{"rendered":"HODDIE DEPORTIVO FEMENINO PUMA TR"},"content":{"rendered":"<p><img loading=\"lazy\" decoding=\"async\" class=\"\" src=\"https:\/\/1000marcas.net\/wp-content\/uploads\/2019\/12\/logo-Puma.png\" alt=\"Logo de Puma: la historia y el significado del logotipo, la marca y el s\u00edmbolo. | png, vector\" width=\"90\" height=\"45\" \/><\/p>\n<h1>TR<\/h1>\n<p data-start=\"178\" data-end=\"355\">Dise\u00f1ado para ofrecer comodidad, estilo y funcionalidad, este hoodie femenino de PUMA es una prenda esencial para quienes buscan un look deportivo y moderno sin perder confort.<\/p>\n<h4 data-start=\"362\" data-end=\"402\"><strong data-start=\"370\" data-end=\"402\">Caracter\u00edsticas<\/strong><\/h4>\n<ul data-start=\"404\" data-end=\"739\">\n<li data-start=\"404\" data-end=\"513\">\n<p data-start=\"406\" data-end=\"513\"><strong data-start=\"406\" data-end=\"417\">Dise\u00f1o:<\/strong> Corte cl\u00e1sico con capucha ajustable mediante cordones, ideal para proteger del fr\u00edo con estilo.<\/p>\n<\/li>\n<li data-start=\"514\" data-end=\"636\">\n<p data-start=\"516\" data-end=\"636\"><strong data-start=\"516\" data-end=\"526\">Color:<\/strong> Azul vibrante, que resalta y aporta un toque fresco y juvenil. Logo del felino PUMA en blanco sobre el pecho.<\/p>\n<\/li>\n<li data-start=\"637\" data-end=\"739\">\n<p data-start=\"639\" data-end=\"739\"><strong data-start=\"639\" data-end=\"650\">Estilo:<\/strong> Deportivo casual, perfecto para uso diario, entrenamientos ligeros o salidas informales.<\/p>\n<\/li>\n<li data-start=\"637\" data-end=\"739\"><strong>Modelo:<\/strong> 685398A03.<\/li>\n<\/ul>\n<h4 data-start=\"746\" data-end=\"769\"><strong data-start=\"754\" data-end=\"769\">Materiales:<\/strong><\/h4>\n<ul data-start=\"771\" data-end=\"981\">\n<li data-start=\"771\" data-end=\"827\">\n<p data-start=\"773\" data-end=\"827\"><strong data-start=\"773\" data-end=\"798\">Composici\u00f3n estimada:<\/strong> 66% algod\u00f3n \/ 34% poli\u00e9ster.<\/p>\n<\/li>\n<li data-start=\"828\" data-end=\"981\">\n<p data-start=\"830\" data-end=\"981\"><strong data-start=\"830\" data-end=\"854\">Ventajas del tejido:<\/strong> El algod\u00f3n brinda suavidad y transpirabilidad, mientras que el poli\u00e9ster aporta resistencia, durabilidad y menor encogimiento.<\/p>\n<\/li>\n<\/ul>\n<h4 data-start=\"988\" data-end=\"1022\"><strong data-start=\"996\" data-end=\"1022\">Cuidados Recomendados:<\/strong><\/h4>\n<ul data-start=\"1024\" data-end=\"1287\">\n<li data-start=\"1024\" data-end=\"1081\">\n<p data-start=\"1026\" data-end=\"1081\">Lavar a m\u00e1quina en ciclo delicado con agua fr\u00eda (30\u00b0C).<\/p>\n<\/li>\n<li data-start=\"1082\" data-end=\"1125\">\n<p data-start=\"1084\" data-end=\"1125\">No usar blanqueador ni suavizante fuerte.<\/p>\n<\/li>\n<li data-start=\"1126\" data-end=\"1177\">\n<p data-start=\"1128\" data-end=\"1177\">Lavar y planchar del rev\u00e9s para proteger el logo.<\/p>\n<\/li>\n<li data-start=\"1178\" data-end=\"1220\">\n<p data-start=\"1180\" data-end=\"1220\">Secar al aire libre; evitar la secadora.<\/p>\n<\/li>\n<li data-start=\"1221\" data-end=\"1267\">\n<p data-start=\"1223\" data-end=\"1267\">Planchar a baja temperatura si es necesario.<\/p>\n<\/li>\n<li data-start=\"1268\" data-end=\"1287\">\n<p data-start=\"1270\" data-end=\"1287\">No lavar en seco.<\/p>\n<\/li>\n<\/ul>\n<p data-start=\"1294\" data-end=\"1470\">Este hoodie es ideal para acompa\u00f1arte en tus actividades cotidianas o momentos de relajaci\u00f3n, combinando el dise\u00f1o ic\u00f3nico de PUMA con un ajuste c\u00f3modo y materiales de calidad.<\/p>\n","protected":false},"excerpt":{"rendered":"<p>TR Dise\u00f1ado para ofrecer comodidad, estilo y funcionalidad, este hoodie femenino de PUMA es una prenda esencial para quienes buscan<\/p>\n","protected":false},"featured_media":86575,"comment_status":"open","ping_status":"closed","template":"","meta":{"nf_dc_page":""},"product_brand":[2306],"product_cat":[73],"product_tag":[2415],"class_list":{"0":"post-86574","1":"product","2":"type-product","3":"status-publish","4":"has-post-thumbnail","6":"product_brand-puma","7":"product_cat-femenino","8":"product_tag-685398a03","10":"first","11":"instock","12":"shipping-taxable","13":"purchasable","14":"product-type-simple"},"_links":{"self":[{"href":"https:\/\/brandss.com.py\/index\/wp-json\/wp\/v2\/product\/86574","targetHints":{"allow":["GET"]}}],"collection":[{"href":"https:\/\/brandss.com.py\/index\/wp-json\/wp\/v2\/product"}],"about":[{"href":"https:\/\/brandss.com.py\/index\/wp-json\/wp\/v2\/types\/product"}],"replies":[{"embeddable":true,"href":"https:\/\/brandss.com.py\/index\/wp-json\/wp\/v2\/comments?post=86574"}],"version-history":[{"count":3,"href":"https:\/\/brandss.com.py\/index\/wp-json\/wp\/v2\/product\/86574\/revisions"}],"predecessor-version":[{"id":86578,"href":"https:\/\/brandss.com.py\/index\/wp-json\/wp\/v2\/product\/86574\/revisions\/86578"}],"wp:featuredmedia":[{"embeddable":true,"href":"https:\/\/brandss.com.py\/index\/wp-json\/wp\/v2\/media\/86575"}],"wp:attachment":[{"href":"https:\/\/brandss.com.py\/index\/wp-json\/wp\/v2\/media?parent=86574"}],"wp:term":[{"taxonomy":"product_brand","embeddable":true,"href":"https:\/\/brandss.com.py\/index\/wp-json\/wp\/v2\/product_brand?post=86574"},{"taxonomy":"product_cat","embeddable":true,"href":"https:\/\/brandss.com.py\/index\/wp-json\/wp\/v2\/product_cat?post=86574"},{"taxonomy":"product_tag","embeddable":true,"href":"https:\/\/brandss.com.py\/index\/wp-json\/wp\/v2\/product_tag?post=86574"}],"curies":[{"name":"wp","href":"https:\/\/api.w.org\/{rel}","templated":true}]}}