{"id":86579,"date":"2025-07-18T13:40:00","date_gmt":"2025-07-18T13:40:00","guid":{"rendered":"https:\/\/brandss.com.py\/index\/?post_type=product&#038;p=86579"},"modified":"2025-07-18T14:01:15","modified_gmt":"2025-07-18T14:01:15","slug":"media-unisex-puma-teamfinal-de-futbol","status":"publish","type":"product","link":"https:\/\/brandss.com.py\/index\/producto\/media-unisex-puma-teamfinal-de-futbol\/","title":{"rendered":"MEDIA DEPORTIVO UNISEX PUMA TEAMFINAL 21 DE F\u00daTBOL"},"content":{"rendered":"<p><img loading=\"lazy\" decoding=\"async\" class=\"\" src=\"https:\/\/1000marcas.net\/wp-content\/uploads\/2019\/12\/logo-Puma.png\" alt=\"Logo de Puma: la historia y el significado del logotipo, la marca y el s\u00edmbolo. | png, vector\" width=\"90\" height=\"45\" \/><\/p>\n<h1>TEAMFINAL<\/h1>\n<div class=\"trix-content\">\n<div>\n<p>La colecci\u00f3n TeamFinal est\u00e1 dise\u00f1ada para el m\u00e1s alto nivel de rendimiento. Las prendas est\u00e1n confeccionadas con ingenier\u00eda altamente transpirable. Las medias de f\u00fatbol Puma est\u00e1n dise\u00f1adas para ofrecer comodidad y soporte a los j\u00f3venes futbolistas. Confeccionadas con materiales el\u00e1sticos y transpirables, aseguran un ajuste perfecto y una \u00f3ptima ventilaci\u00f3n. El dise\u00f1o incluye zonas acolchadas estrat\u00e9gicamente ubicadas para mayor protecci\u00f3n y confort durante el juego. Adem\u00e1s, la tecnolog\u00eda de control de humedad ayuda a mantener los pies secos. Estas medias combinan funcionalidad y estilo, con el distintivo logo de Puma, siendo ideales para los peque\u00f1os atletas en el campo.<\/p>\n<\/div>\n<\/div>\n<div class=\"trix-content\">\n<div><strong>&#8211; Modelo:<\/strong> 704157-04.<\/div>\n<div><strong>&#8211; Deporte:<\/strong>\u00a0Futbol.<\/div>\n<div><strong>&#8211; Material:\u00a0<\/strong>98% Nailon, 2% Elastano.<\/div>\n<div><strong>&#8211; Color:<\/strong>\u00a0Blanco.<\/div>\n<\/div>\n","protected":false},"excerpt":{"rendered":"<p>TEAMFINAL La colecci\u00f3n TeamFinal est\u00e1 dise\u00f1ada para el m\u00e1s alto nivel de rendimiento. Las prendas est\u00e1n confeccionadas con ingenier\u00eda altamente<\/p>\n","protected":false},"featured_media":86580,"comment_status":"open","ping_status":"closed","template":"","meta":{"nf_dc_page":""},"product_brand":[],"product_cat":[73,76],"product_tag":[],"class_list":{"0":"post-86579","1":"product","2":"type-product","3":"status-publish","4":"has-post-thumbnail","6":"product_cat-femenino","7":"product_cat-masculino","9":"first","10":"instock","11":"shipping-taxable","12":"purchasable","13":"product-type-simple"},"_links":{"self":[{"href":"https:\/\/brandss.com.py\/index\/wp-json\/wp\/v2\/product\/86579","targetHints":{"allow":["GET"]}}],"collection":[{"href":"https:\/\/brandss.com.py\/index\/wp-json\/wp\/v2\/product"}],"about":[{"href":"https:\/\/brandss.com.py\/index\/wp-json\/wp\/v2\/types\/product"}],"replies":[{"embeddable":true,"href":"https:\/\/brandss.com.py\/index\/wp-json\/wp\/v2\/comments?post=86579"}],"version-history":[{"count":4,"href":"https:\/\/brandss.com.py\/index\/wp-json\/wp\/v2\/product\/86579\/revisions"}],"predecessor-version":[{"id":86591,"href":"https:\/\/brandss.com.py\/index\/wp-json\/wp\/v2\/product\/86579\/revisions\/86591"}],"wp:featuredmedia":[{"embeddable":true,"href":"https:\/\/brandss.com.py\/index\/wp-json\/wp\/v2\/media\/86580"}],"wp:attachment":[{"href":"https:\/\/brandss.com.py\/index\/wp-json\/wp\/v2\/media?parent=86579"}],"wp:term":[{"taxonomy":"product_brand","embeddable":true,"href":"https:\/\/brandss.com.py\/index\/wp-json\/wp\/v2\/product_brand?post=86579"},{"taxonomy":"product_cat","embeddable":true,"href":"https:\/\/brandss.com.py\/index\/wp-json\/wp\/v2\/product_cat?post=86579"},{"taxonomy":"product_tag","embeddable":true,"href":"https:\/\/brandss.com.py\/index\/wp-json\/wp\/v2\/product_tag?post=86579"}],"curies":[{"name":"wp","href":"https:\/\/api.w.org\/{rel}","templated":true}]}}