{"id":86586,"date":"2025-07-18T14:00:13","date_gmt":"2025-07-18T14:00:13","guid":{"rendered":"https:\/\/brandss.com.py\/index\/?post_type=product&#038;p=86586"},"modified":"2025-08-16T19:19:24","modified_gmt":"2025-08-16T19:19:24","slug":"media-deportivo-unisex-puma-teamfinal-21-de-futbol","status":"publish","type":"product","link":"https:\/\/brandss.com.py\/index\/producto\/media-deportivo-unisex-puma-teamfinal-21-de-futbol\/","title":{"rendered":"MEDIA DEPORTIVO UNISEX PUMA TEAMFINAL 21 DE F\u00daTBOL"},"content":{"rendered":"<p><img loading=\"lazy\" decoding=\"async\" class=\"\" src=\"https:\/\/1000marcas.net\/wp-content\/uploads\/2019\/12\/logo-Puma.png\" alt=\"Logo de Puma: la historia y el significado del logotipo, la marca y el  s\u00edmbolo. | png, vector\" width=\"88\" height=\"44\" \/><\/p>\n<h1>TEAMFINAL 21<\/h1>\n<p>El f\u00fatbol es, sin duda, el deporte de pelota m\u00e1s bonito y elegante del mundo. Mejora tu juego y luce tus colores favoritos dondequiera que vayas. Desde la camiseta hasta las medias, Puma te ayuda a demostrar tu pasi\u00f3n por el deporte. Calcetines de f\u00fatbol hasta la rodilla de un par Puma con compresi\u00f3n cruzada en el tobillo y zona de agarre Logotipos tejidos. 65% poli\u00e9ster 33% poliamida 2% elastano. Ribete de confort de doble capa. Zona de tobillo flexible. Soporte de tobillo de compresi\u00f3n cruzada. Zona de agarre en el antepi\u00e9 y el tal\u00f3n. Malla para una mejor ventilaci\u00f3n.<\/p>\n<p class=\"product-info__detail\"><strong><span>Detalles<\/span><\/strong><\/p>\n<ul class=\"product-info__features\">\n<li id=\"pd1\" class=\"product-info__feature\"><span>Calcetines de f\u00fatbol Puma de un par hasta la rodilla con compresi\u00f3n cruzada en el tobillo y zona de agarre.\u00a0<\/span><\/li>\n<li id=\"pd2\" class=\"product-info__feature\"><span>Logotipos tejidos.<\/span><\/li>\n<li id=\"pd3\" class=\"product-info__feature\"><span>65% poli\u00e9ster 33% poliamida 2% elastano.<\/span><\/li>\n<li id=\"pd4\" class=\"product-info__feature\"><span>Ribete de confort de doble capa.<\/span><\/li>\n<li id=\"pd5\" class=\"product-info__feature\"><span>Zona de tobillo flexible.<\/span><\/li>\n<li id=\"pd6\" class=\"product-info__feature\"><span>Soporte de tobillo de compresi\u00f3n cruzada.<\/span><\/li>\n<li id=\"pd7\" class=\"product-info__feature\"><span>Zona de agarre en el antepi\u00e9 y el tal\u00f3n.<\/span><\/li>\n<li id=\"pd8\" class=\"product-info__feature\"><span>Malla para una mejor ventilaci\u00f3n.<\/span><\/li>\n<li id=\"pd9\" class=\"product-info__feature\"><span>Puntera acolchada.<\/span><\/li>\n<li>Modelo: 704157-06.<\/li>\n<li>Color:Azul.<\/li>\n<\/ul>\n<p class=\"product-info__special\"><strong><span>Instrucciones especiales:<\/span><\/strong><br \/>\n<span>Lavar a m\u00e1quina a 40 grados C.<\/span><\/p>\n","protected":false},"excerpt":{"rendered":"<p>TEAMFINAL 21 El f\u00fatbol es, sin duda, el deporte de pelota m\u00e1s bonito y elegante del mundo. Mejora tu juego<\/p>\n","protected":false},"featured_media":86587,"comment_status":"open","ping_status":"closed","template":"","meta":{"nf_dc_page":""},"product_brand":[],"product_cat":[73,76],"product_tag":[],"class_list":{"0":"post-86586","1":"product","2":"type-product","3":"status-publish","4":"has-post-thumbnail","6":"product_cat-femenino","7":"product_cat-masculino","9":"first","10":"instock","11":"shipping-taxable","12":"purchasable","13":"product-type-simple"},"_links":{"self":[{"href":"https:\/\/brandss.com.py\/index\/wp-json\/wp\/v2\/product\/86586","targetHints":{"allow":["GET"]}}],"collection":[{"href":"https:\/\/brandss.com.py\/index\/wp-json\/wp\/v2\/product"}],"about":[{"href":"https:\/\/brandss.com.py\/index\/wp-json\/wp\/v2\/types\/product"}],"replies":[{"embeddable":true,"href":"https:\/\/brandss.com.py\/index\/wp-json\/wp\/v2\/comments?post=86586"}],"version-history":[{"count":1,"href":"https:\/\/brandss.com.py\/index\/wp-json\/wp\/v2\/product\/86586\/revisions"}],"predecessor-version":[{"id":86590,"href":"https:\/\/brandss.com.py\/index\/wp-json\/wp\/v2\/product\/86586\/revisions\/86590"}],"wp:featuredmedia":[{"embeddable":true,"href":"https:\/\/brandss.com.py\/index\/wp-json\/wp\/v2\/media\/86587"}],"wp:attachment":[{"href":"https:\/\/brandss.com.py\/index\/wp-json\/wp\/v2\/media?parent=86586"}],"wp:term":[{"taxonomy":"product_brand","embeddable":true,"href":"https:\/\/brandss.com.py\/index\/wp-json\/wp\/v2\/product_brand?post=86586"},{"taxonomy":"product_cat","embeddable":true,"href":"https:\/\/brandss.com.py\/index\/wp-json\/wp\/v2\/product_cat?post=86586"},{"taxonomy":"product_tag","embeddable":true,"href":"https:\/\/brandss.com.py\/index\/wp-json\/wp\/v2\/product_tag?post=86586"}],"curies":[{"name":"wp","href":"https:\/\/api.w.org\/{rel}","templated":true}]}}