{"id":86623,"date":"2025-07-19T12:43:23","date_gmt":"2025-07-19T12:43:23","guid":{"rendered":"https:\/\/brandss.com.py\/index\/?post_type=product&#038;p=86623"},"modified":"2026-01-12T13:13:38","modified_gmt":"2026-01-12T13:13:38","slug":"media-deportivo-unisex-wilson-felpa-set-de-3-2","status":"publish","type":"product","link":"https:\/\/brandss.com.py\/index\/producto\/media-deportivo-unisex-wilson-felpa-set-de-3-2\/","title":{"rendered":"MEDIA DEPORTIVO UNISEX WILSON FELPA SET DE 3"},"content":{"rendered":"<p><img loading=\"lazy\" decoding=\"async\" class=\"\" src=\"https:\/\/1000logos.net\/wp-content\/uploads\/2020\/09\/Wilson-Logo.png\" alt=\"Wilson logo and symbol, meaning, history, PNG\" width=\"105\" height=\"66\" \/><\/p>\n<h1>FELPA<\/h1>\n<p>Las calcetas de Wilson est\u00e1n confeccionadas con fibras textiles de \u201cMultifilamento\u201d de gran durabilidad y elasticidad como es 97% poli\u00e9ster y 3% elastano, lo que te brindar\u00e1 una mayor comodidad por su dise\u00f1o.<br \/>\nLa calceta cuenta con tejido afelpado que lo hace ideal para uso diario.<br \/>\nEstas calcetas de Wilson absorben la humedad para mantener tus pies secos, cuentan con puntas y talones reforzadas para una mayor durabilidad \u00a1Esencial para tu calzado!<\/p>\n<p><strong>Caracter\u00edsticas<\/strong><\/p>\n<ul>\n<li>Composici\u00f3n: 97% poli\u00e9ster y 3% elastano.<\/li>\n<li>Producto confeccionado con fibras textiles de &#8220;Multifilamento\u201d con felpa que las hacen extremadamente c\u00f3modas.<\/li>\n<li>La tecnolog\u00eda y los materiales que se utilizan permite que la piel de tus pies respire, controlando el sudor y evitando malos olores.<\/li>\n<li>Producto de gran durabilidad, lo que significa que los puedes usar de manera diaria y lavarlos sin que se da\u00f1en.<\/li>\n<li>Producto eficiente con ajuste suave y reforzado que no se desliza al caminar.<\/li>\n<li>Ideales para uso casual o deportivo.<\/li>\n<li>Color: Negro, Blanco.<\/li>\n<li>Modelo: C5870<\/li>\n<\/ul>\n<p><strong>Recomendaciones de uso<\/strong><\/p>\n<p>No remojar, no lavar en seco, no usar cloro ni blanqueador, no usar suavizantes, no exprimir, no planchar, lavar con colores similares, lavar a mano con agua fr\u00eda a 30 \u00b0C, usar jab\u00f3n o detergente, secado en l\u00ednea a la sombra.<\/p>\n<p>Si\u00e9ntete c\u00f3modo al realizar tus tareas diarias, vistiendo con estas calcetas de Wilson.<br \/>\n\u00a1Disfruta cada paso con las calcetas que Wilson tiene para ti!<\/p>\n","protected":false},"excerpt":{"rendered":"<p>FELPA Las calcetas de Wilson est\u00e1n confeccionadas con fibras textiles de \u201cMultifilamento\u201d de gran durabilidad y elasticidad como es 97%<\/p>\n","protected":false},"featured_media":86624,"comment_status":"open","ping_status":"closed","template":"","meta":{"nf_dc_page":""},"product_brand":[2322],"product_cat":[73,76],"product_tag":[2441],"class_list":{"0":"post-86623","1":"product","2":"type-product","3":"status-publish","4":"has-post-thumbnail","6":"product_brand-wilson","7":"product_cat-femenino","8":"product_cat-masculino","9":"product_tag-2441","11":"first","12":"outofstock","13":"shipping-taxable","14":"purchasable","15":"product-type-simple"},"_links":{"self":[{"href":"https:\/\/brandss.com.py\/index\/wp-json\/wp\/v2\/product\/86623","targetHints":{"allow":["GET"]}}],"collection":[{"href":"https:\/\/brandss.com.py\/index\/wp-json\/wp\/v2\/product"}],"about":[{"href":"https:\/\/brandss.com.py\/index\/wp-json\/wp\/v2\/types\/product"}],"replies":[{"embeddable":true,"href":"https:\/\/brandss.com.py\/index\/wp-json\/wp\/v2\/comments?post=86623"}],"version-history":[{"count":1,"href":"https:\/\/brandss.com.py\/index\/wp-json\/wp\/v2\/product\/86623\/revisions"}],"predecessor-version":[{"id":86628,"href":"https:\/\/brandss.com.py\/index\/wp-json\/wp\/v2\/product\/86623\/revisions\/86628"}],"wp:featuredmedia":[{"embeddable":true,"href":"https:\/\/brandss.com.py\/index\/wp-json\/wp\/v2\/media\/86624"}],"wp:attachment":[{"href":"https:\/\/brandss.com.py\/index\/wp-json\/wp\/v2\/media?parent=86623"}],"wp:term":[{"taxonomy":"product_brand","embeddable":true,"href":"https:\/\/brandss.com.py\/index\/wp-json\/wp\/v2\/product_brand?post=86623"},{"taxonomy":"product_cat","embeddable":true,"href":"https:\/\/brandss.com.py\/index\/wp-json\/wp\/v2\/product_cat?post=86623"},{"taxonomy":"product_tag","embeddable":true,"href":"https:\/\/brandss.com.py\/index\/wp-json\/wp\/v2\/product_tag?post=86623"}],"curies":[{"name":"wp","href":"https:\/\/api.w.org\/{rel}","templated":true}]}}