{"id":86646,"date":"2025-07-19T15:31:34","date_gmt":"2025-07-19T15:31:34","guid":{"rendered":"https:\/\/brandss.com.py\/index\/?post_type=product&#038;p=86646"},"modified":"2026-01-12T13:28:29","modified_gmt":"2026-01-12T13:28:29","slug":"short-deportivo-femenino-nike-pro-365-2","status":"publish","type":"product","link":"https:\/\/brandss.com.py\/index\/producto\/short-deportivo-femenino-nike-pro-365-2\/","title":{"rendered":"SHORT DEPORTIVO FEMENINO NIKE PRO 365"},"content":{"rendered":"<p><img loading=\"lazy\" decoding=\"async\" class=\"\" src=\"https:\/\/www.liderlogo.es\/wp-content\/uploads\/2022\/12\/pasted-image-0-1024x576.png\" alt=\"Significado E Historia Del Logo De Nike\" width=\"100\" height=\"56\" \/><\/p>\n<h1>PRO 365<\/h1>\n<div class=\"vtex-store-components-3-x-productDescriptionContainer\">\n<div class=\"vtex-store-components-3-x-productDescriptionText c-muted-1\"><b>FLEXIBILIDAD CON SUJECI\u00d3N.<\/b><br \/>\nLos shorts Nike Pro 365 te envuelven en tela el\u00e1stica con tecnolog\u00eda Dri-FIT para mantener la sujeci\u00f3n y la transpirabilidad durante los entrenamientos intensos. Este producto est\u00e1 fabricado con al menos un 50% de fibras de poli\u00e9ster reciclado.<\/div>\n<\/div>\n<div class=\"vtex-flex-layout-0-x-flexRow vtex-flex-layout-0-x-flexRow--productSpecificationGroup\" aria-label=\"Secci\u00f3n fila\">\n<div class=\"flex mt0 mb0 pt0 pb0 justify-start vtex-flex-layout-0-x-flexRowContent vtex-flex-layout-0-x-flexRowContent--productSpecificationGroup items-stretch w-100\">\n<div class=\"pr0 items-stretch vtex-flex-layout-0-x-stretchChildrenWidth flex\">\n<div class=\"vtex-flex-layout-0-x-flexCol ml0 mr0 pl0 pr0 flex flex-column h-100 w-100\">\n<div class=\"vtex-flex-layout-0-x-flexColChild pb0\">\n<div class=\"vtex-flex-layout-0-x-flexRow vtex-flex-layout-0-x-flexRow--productSpecificationGroupName\" aria-label=\"Secci\u00f3n fila\">\n<div class=\"flex mt0 mb0 pt0 pb0 justify-start vtex-flex-layout-0-x-flexRowContent vtex-flex-layout-0-x-flexRowContent--productSpecificationGroupName items-stretch w-100\">\n<div class=\"pr0 items-stretch vtex-flex-layout-0-x-stretchChildrenWidth flex\"><\/div>\n<\/div>\n<\/div>\n<\/div>\n<div class=\"vtex-flex-layout-0-x-flexColChild pb0\">\n<div class=\"vtex-flex-layout-0-x-flexRow vtex-flex-layout-0-x-flexRow--productSpecification\" aria-label=\"Secci\u00f3n fila\">\n<div class=\"flex mt0 mb0 pt0 pb0 justify-start vtex-flex-layout-0-x-flexRowContent vtex-flex-layout-0-x-flexRowContent--productSpecification items-stretch w-100\">\n<div class=\"pr7 items-stretch vtex-flex-layout-0-x-stretchChildrenWidth flex\">\n<div class=\"vtex-flex-layout-0-x-flexCol vtex-flex-layout-0-x-flexCol--productSpecificationName ml0 mr0 pl0 pr0 flex flex-column h-100 w-100\">\n<div class=\"vtex-flex-layout-0-x-flexColChild vtex-flex-layout-0-x-flexColChild--productSpecificationName pb0\"><span class=\"vtex-product-specifications-1-x-specificationName\" data-specification-group=\"Especificaciones de filtro\" data-specification-name=\"Informaci\u00f3n General\">Informaci\u00f3n General<\/span><\/div>\n<\/div>\n<\/div>\n<div class=\"pr0 items-stretch vtex-flex-layout-0-x-stretchChildrenWidth flex\">\n<div class=\"vtex-flex-layout-0-x-flexCol vtex-flex-layout-0-x-flexCol--productSpecificationValue ml0 mr0 pl0 pr0 flex flex-column h-100 w-100\">\n<div class=\"vtex-flex-layout-0-x-flexColChild vtex-flex-layout-0-x-flexColChild--productSpecificationValue pb0\">\n<div class=\"pi-tier3\">\n<div class=\"pi-pdpmainbody\"><b>Sujeci\u00f3n absorbente de sudor<\/b>La tela el\u00e1stica con tecnolog\u00eda Dri-FIT mantiene la transpirabilidad, la comodidad y la sujeci\u00f3n.&nbsp;<\/p>\n<p><b>Ajuste con sujeci\u00f3n<\/b><\/p>\n<p>El dise\u00f1o de tiro medio luce una pretina ancha y el\u00e1stica que rodea el tronco y ofrece comodidad con sujeci\u00f3n.<\/p>\n<p><b>Corte que favorece la concentraci\u00f3n<\/b><\/p>\n<p>Las costuras curvas realzan tu silueta natural a la vez que reducen las distracciones.<\/p>\n<p><b>Datos del producto<\/b><\/p>\n<ul>\n<li>Corte ajustado que se adapta al cuerpo<\/li>\n<li>Entrepierna: 13 cm<\/li>\n<li>83% poli\u00e9ster, 17% spandex<\/li>\n<li>Lavar a m\u00e1quina<\/li>\n<li>Producto importado<\/li>\n<li>Color: Morado.<\/li>\n<li>G\u00e9nero: Femenino.<\/li>\n<li>Deporte:\u00a0<span class=\"vtex-product-specifications-1-x-specificationValue vtex-product-specifications-1-x-specificationValue--first\" data-specification-group=\"Especificaciones de filtro\" data-specification-name=\"Deporte\" data-specification-value=\"Entrenamiento y gym\">Entrenamiento y gym\u00a0<\/span><span class=\"vtex-product-specifications-1-x-specificationValue vtex-product-specifications-1-x-specificationValue--last\" data-specification-group=\"Especificaciones de filtro\" data-specification-name=\"Deporte\" data-specification-value=\"Yoga\">Yoga.<\/span><\/li>\n<li>Modelo: CZ9831-495.<\/li>\n<\/ul>\n<\/div>\n<\/div>\n<\/div>\n<\/div>\n<\/div>\n<\/div>\n<\/div>\n<\/div>\n<\/div>\n<\/div>\n<\/div>\n<\/div>\n","protected":false},"excerpt":{"rendered":"<p>PRO 365 FLEXIBILIDAD CON SUJECI\u00d3N. Los shorts Nike Pro 365 te envuelven en tela el\u00e1stica con tecnolog\u00eda Dri-FIT para mantener<\/p>\n","protected":false},"featured_media":86647,"comment_status":"open","ping_status":"closed","template":"","meta":{"nf_dc_page":""},"product_brand":[1333],"product_cat":[73],"product_tag":[2446],"class_list":{"0":"post-86646","1":"product","2":"type-product","3":"status-publish","4":"has-post-thumbnail","6":"product_brand-nike","7":"product_cat-femenino","8":"product_tag-cz9831-495","10":"first","11":"outofstock","12":"shipping-taxable","13":"purchasable","14":"product-type-simple"},"_links":{"self":[{"href":"https:\/\/brandss.com.py\/index\/wp-json\/wp\/v2\/product\/86646","targetHints":{"allow":["GET"]}}],"collection":[{"href":"https:\/\/brandss.com.py\/index\/wp-json\/wp\/v2\/product"}],"about":[{"href":"https:\/\/brandss.com.py\/index\/wp-json\/wp\/v2\/types\/product"}],"replies":[{"embeddable":true,"href":"https:\/\/brandss.com.py\/index\/wp-json\/wp\/v2\/comments?post=86646"}],"version-history":[{"count":1,"href":"https:\/\/brandss.com.py\/index\/wp-json\/wp\/v2\/product\/86646\/revisions"}],"predecessor-version":[{"id":86653,"href":"https:\/\/brandss.com.py\/index\/wp-json\/wp\/v2\/product\/86646\/revisions\/86653"}],"wp:featuredmedia":[{"embeddable":true,"href":"https:\/\/brandss.com.py\/index\/wp-json\/wp\/v2\/media\/86647"}],"wp:attachment":[{"href":"https:\/\/brandss.com.py\/index\/wp-json\/wp\/v2\/media?parent=86646"}],"wp:term":[{"taxonomy":"product_brand","embeddable":true,"href":"https:\/\/brandss.com.py\/index\/wp-json\/wp\/v2\/product_brand?post=86646"},{"taxonomy":"product_cat","embeddable":true,"href":"https:\/\/brandss.com.py\/index\/wp-json\/wp\/v2\/product_cat?post=86646"},{"taxonomy":"product_tag","embeddable":true,"href":"https:\/\/brandss.com.py\/index\/wp-json\/wp\/v2\/product_tag?post=86646"}],"curies":[{"name":"wp","href":"https:\/\/api.w.org\/{rel}","templated":true}]}}