{"id":86654,"date":"2025-07-19T15:51:20","date_gmt":"2025-07-19T15:51:20","guid":{"rendered":"https:\/\/brandss.com.py\/index\/?post_type=product&#038;p=86654"},"modified":"2026-04-30T13:00:41","modified_gmt":"2026-04-30T13:00:41","slug":"calzado-deportivo-masculino-nike-court-air-zoom-vapor-pro-2","status":"publish","type":"product","link":"https:\/\/brandss.com.py\/index\/producto\/calzado-deportivo-masculino-nike-court-air-zoom-vapor-pro-2\/","title":{"rendered":"CALZADO DEPORTIVO MASCULINO NIKE COURT AIR ZOOM VAPOR PRO 2"},"content":{"rendered":"<p><img loading=\"lazy\" decoding=\"async\" class=\"\" src=\"https:\/\/www.liderlogo.es\/wp-content\/uploads\/2022\/12\/pasted-image-0-1024x576.png\" alt=\"Significado E Historia Del Logo De Nike\" width=\"147\" height=\"83\" \/><\/p>\n<h1>COURT AIR ZOOM VAPOR PRO 2<\/h1>\n<div class=\"nikeco-nikeco-nike-2-x-productSizes_container\">\n<div class=\"nikeco-nikeco-nike-2-x-productSizes_header\">\n<div class=\"nikeco-nikeco-nike-2-x-productSizes_content\">\n<h3 class=\"nikeco-nikeco-nike-2-x-productSizes_name\">Calzado de tennis de cancha dura.<\/h3>\n<div class=\"vtex-store-components-3-x-priceContainer nikeco-nikeco-nike-2-x-price_className\">\n<div class=\"vtex-store-components-3-x-sellingPrice vtex-store-components-3-x-sellingPriceContainer nikeco-nikeco-nike-2-x-price_sellingPriceContainer\"><\/div>\n<\/div>\n<\/div>\n<\/div>\n<\/div>\n<div class=\"vtex-store-components-3-x-productDescriptionContainer\">\n<div class=\"vtex-store-components-3-x-productDescriptionText c-muted-1\">\n<div>Ya sea para el peloteo interminable o el partido marat\u00f3nico que debe terminar a tu favor, elige el Vapor Pro 2. Recuperamos todos los elementos que disfrutaste en el Pro original: el dise\u00f1o pegado al suelo y la amortiguaci\u00f3n el\u00e1stica Zoom Air que te ayudan a romper desde una l\u00ednea de fondo hasta la otra, con esa comodidad estilo Vapor familiar que te permite mantener la frescura en superficies implacables.<\/div>\n<\/div>\n<\/div>\n<div class=\"vtex-flex-layout-0-x-flexRow vtex-flex-layout-0-x-flexRow--productSpecificationGroup\" aria-label=\"Secci\u00f3n fila\">\n<div class=\"flex mt0 mb0 pt0 pb0    justify-start vtex-flex-layout-0-x-flexRowContent vtex-flex-layout-0-x-flexRowContent--productSpecificationGroup items-stretch w-100\">\n<div class=\"pr0 items-stretch vtex-flex-layout-0-x-stretchChildrenWidth   flex\">\n<div class=\"vtex-flex-layout-0-x-flexCol  ml0 mr0 pl0 pr0      flex flex-column h-100 w-100\">\n<div class=\"vtex-flex-layout-0-x-flexColChild pb0\">\n<div class=\"vtex-flex-layout-0-x-flexRow vtex-flex-layout-0-x-flexRow--productSpecificationGroupName\" aria-label=\"Secci\u00f3n fila\">\n<div class=\"flex mt0 mb0 pt0 pb0    justify-start vtex-flex-layout-0-x-flexRowContent vtex-flex-layout-0-x-flexRowContent--productSpecificationGroupName items-stretch w-100\">\n<div class=\"pr0 items-stretch vtex-flex-layout-0-x-stretchChildrenWidth   flex\"><\/div>\n<\/div>\n<\/div>\n<\/div>\n<div class=\"vtex-flex-layout-0-x-flexColChild pb0\">\n<div class=\"vtex-flex-layout-0-x-flexRow vtex-flex-layout-0-x-flexRow--productSpecification\" aria-label=\"Secci\u00f3n fila\">\n<div class=\"flex mt0 mb0 pt0 pb0    justify-start vtex-flex-layout-0-x-flexRowContent vtex-flex-layout-0-x-flexRowContent--productSpecification items-stretch w-100\">\n<div class=\"pr7 items-stretch vtex-flex-layout-0-x-stretchChildrenWidth   flex\">\n<div class=\"vtex-flex-layout-0-x-flexCol vtex-flex-layout-0-x-flexCol--productSpecificationName  ml0 mr0 pl0 pr0      flex flex-column h-100 w-100\">\n<div class=\"vtex-flex-layout-0-x-flexColChild vtex-flex-layout-0-x-flexColChild--productSpecificationName pb0\"><\/div>\n<\/div>\n<\/div>\n<div class=\"pr0 items-stretch vtex-flex-layout-0-x-stretchChildrenWidth   flex\">\n<div class=\"vtex-flex-layout-0-x-flexCol vtex-flex-layout-0-x-flexCol--productSpecificationValue  ml0 mr0 pl0 pr0      flex flex-column h-100 w-100\">\n<div class=\"vtex-flex-layout-0-x-flexColChild vtex-flex-layout-0-x-flexColChild--productSpecificationValue pb0\"><span class=\"vtex-product-specifications-1-x-specificationValue vtex-product-specifications-1-x-specificationValue--first vtex-product-specifications-1-x-specificationValue--last\" data-specification-group=\"Especificaciones de filtro\" data-specification-name=\"Informaci\u00f3n General\" data-specification-value=\"&lt;b&gt;Corte low para altas velocidades&lt;\/b&gt;&lt;br&gt;Este dise\u00f1o es de perfil m\u00e1s bajo y ofrece una incre\u00edble ligereza en la cancha para los movimientos r\u00e1pidos.&lt;\/p&gt;&lt;br&gt;&lt;p&gt;&lt;b&gt;Ponte en acci\u00f3n&lt;\/b&gt;&lt;br&gt;La unidad Zoom Air en el antepi\u00e9 ofrece elasticidad desde la primera pisada para ayudarte a lanzar una derecha ganadora desde la l\u00ednea de fondo o llegar a la red de forma inmediata. La entresuela con amortiguaci\u00f3n ofrece soporte sin agregar peso innecesario.&lt;\/p&gt;&lt;br&gt;&lt;p&gt;&lt;b&gt;Ligereza, transpirabilidad y durabilidad&lt;\/b&gt;&lt;br&gt;La malla reforzada y duradera ayuda a mantener los pies frescos y agrega m\u00e1s soporte.&lt;\/p&gt;&lt;br&gt;&lt;p&gt;&lt;b&gt;M\u00e1s beneficios&lt;\/b&gt;&lt;\/p&gt;&lt;ul&gt;&lt;li&gt;La manga interna el\u00e1stica envuelve el pie para brindar un ajuste similar al de una media.&lt;\/li&gt;&lt;li&gt;La suela de espiguilla usa un dise\u00f1o basado en datos para crear un agarre sin afectar tu capacidad de moverte.&lt;\/li&gt;&lt;li&gt;La goma se elimin\u00f3 en las \u00e1reas de menor desgaste para reducir el peso.&lt;\/li&gt;&lt;li&gt;La estructura de largo completo en la parte exterior del calzado ayuda a estabilizar el pie durante los cortes r\u00e1pidos.&lt;\/li&gt;&lt;\/ul&gt;&lt;br&gt;&lt;b&gt;Datos del producto&lt;\/b&gt;&lt;br&gt;&lt;ul&gt;&lt;li&gt;Dise\u00f1ado para superficies de cancha dura&lt;\/li&gt;&lt;li&gt;Cuello de malla&lt;\/li&gt;&lt;\/ul&gt;&lt;\/div&gt;&lt;\/div&gt;\"><b>Corte low para altas velocidades<\/b><br \/>\nEste dise\u00f1o es de perfil m\u00e1s bajo y ofrece una incre\u00edble ligereza en la cancha para los movimientos r\u00e1pidos.<\/span><b>Ponte en acci\u00f3n<\/b><br \/>\nLa unidad Zoom Air en el antepi\u00e9 ofrece elasticidad desde la primera pisada para ayudarte a lanzar una derecha ganadora desde la l\u00ednea de fondo o llegar a la red de forma inmediata. La entresuela con amortiguaci\u00f3n ofrece soporte sin agregar peso innecesario.<\/p>\n<p><b>Ligereza, transpirabilidad y durabilidad<\/b><br \/>\nLa malla reforzada y duradera ayuda a mantener los pies frescos y agrega m\u00e1s soporte.<\/p>\n<p><span class=\"vtex-product-specifications-1-x-specificationValue vtex-product-specifications-1-x-specificationValue--first vtex-product-specifications-1-x-specificationValue--last\" data-specification-group=\"Especificaciones de filtro\" data-specification-name=\"Informaci\u00f3n General\" data-specification-value=\"&lt;b&gt;Corte low para altas velocidades&lt;\/b&gt;&lt;br&gt;Este dise\u00f1o es de perfil m\u00e1s bajo y ofrece una incre\u00edble ligereza en la cancha para los movimientos r\u00e1pidos.&lt;\/p&gt;&lt;br&gt;&lt;p&gt;&lt;b&gt;Ponte en acci\u00f3n&lt;\/b&gt;&lt;br&gt;La unidad Zoom Air en el antepi\u00e9 ofrece elasticidad desde la primera pisada para ayudarte a lanzar una derecha ganadora desde la l\u00ednea de fondo o llegar a la red de forma inmediata. La entresuela con amortiguaci\u00f3n ofrece soporte sin agregar peso innecesario.&lt;\/p&gt;&lt;br&gt;&lt;p&gt;&lt;b&gt;Ligereza, transpirabilidad y durabilidad&lt;\/b&gt;&lt;br&gt;La malla reforzada y duradera ayuda a mantener los pies frescos y agrega m\u00e1s soporte.&lt;\/p&gt;&lt;br&gt;&lt;p&gt;&lt;b&gt;M\u00e1s beneficios&lt;\/b&gt;&lt;\/p&gt;&lt;ul&gt;&lt;li&gt;La manga interna el\u00e1stica envuelve el pie para brindar un ajuste similar al de una media.&lt;\/li&gt;&lt;li&gt;La suela de espiguilla usa un dise\u00f1o basado en datos para crear un agarre sin afectar tu capacidad de moverte.&lt;\/li&gt;&lt;li&gt;La goma se elimin\u00f3 en las \u00e1reas de menor desgaste para reducir el peso.&lt;\/li&gt;&lt;li&gt;La estructura de largo completo en la parte exterior del calzado ayuda a estabilizar el pie durante los cortes r\u00e1pidos.&lt;\/li&gt;&lt;\/ul&gt;&lt;br&gt;&lt;b&gt;Datos del producto&lt;\/b&gt;&lt;br&gt;&lt;ul&gt;&lt;li&gt;Dise\u00f1ado para superficies de cancha dura&lt;\/li&gt;&lt;li&gt;Cuello de malla&lt;\/li&gt;&lt;\/ul&gt;&lt;\/div&gt;&lt;\/div&gt;\"><br \/>\n<\/span><b>M\u00e1s beneficios<\/b><\/p>\n<ul>\n<li>La manga interna el\u00e1stica envuelve el pie para brindar un ajuste similar al de una media.<\/li>\n<li>La suela de espiguilla usa un dise\u00f1o basado en datos para crear un agarre sin afectar tu capacidad de moverte.<\/li>\n<li>La goma se elimin\u00f3 en las \u00e1reas de menor desgaste para reducir el peso.<\/li>\n<li>La estructura de largo completo en la parte exterior del calzado ayuda a estabilizar el pie durante los cortes r\u00e1pidos.<\/li>\n<\/ul>\n<p><span class=\"vtex-product-specifications-1-x-specificationValue vtex-product-specifications-1-x-specificationValue--first vtex-product-specifications-1-x-specificationValue--last\" data-specification-group=\"Especificaciones de filtro\" data-specification-name=\"Informaci\u00f3n General\" data-specification-value=\"&lt;b&gt;Corte low para altas velocidades&lt;\/b&gt;&lt;br&gt;Este dise\u00f1o es de perfil m\u00e1s bajo y ofrece una incre\u00edble ligereza en la cancha para los movimientos r\u00e1pidos.&lt;\/p&gt;&lt;br&gt;&lt;p&gt;&lt;b&gt;Ponte en acci\u00f3n&lt;\/b&gt;&lt;br&gt;La unidad Zoom Air en el antepi\u00e9 ofrece elasticidad desde la primera pisada para ayudarte a lanzar una derecha ganadora desde la l\u00ednea de fondo o llegar a la red de forma inmediata. La entresuela con amortiguaci\u00f3n ofrece soporte sin agregar peso innecesario.&lt;\/p&gt;&lt;br&gt;&lt;p&gt;&lt;b&gt;Ligereza, transpirabilidad y durabilidad&lt;\/b&gt;&lt;br&gt;La malla reforzada y duradera ayuda a mantener los pies frescos y agrega m\u00e1s soporte.&lt;\/p&gt;&lt;br&gt;&lt;p&gt;&lt;b&gt;M\u00e1s beneficios&lt;\/b&gt;&lt;\/p&gt;&lt;ul&gt;&lt;li&gt;La manga interna el\u00e1stica envuelve el pie para brindar un ajuste similar al de una media.&lt;\/li&gt;&lt;li&gt;La suela de espiguilla usa un dise\u00f1o basado en datos para crear un agarre sin afectar tu capacidad de moverte.&lt;\/li&gt;&lt;li&gt;La goma se elimin\u00f3 en las \u00e1reas de menor desgaste para reducir el peso.&lt;\/li&gt;&lt;li&gt;La estructura de largo completo en la parte exterior del calzado ayuda a estabilizar el pie durante los cortes r\u00e1pidos.&lt;\/li&gt;&lt;\/ul&gt;&lt;br&gt;&lt;b&gt;Datos del producto&lt;\/b&gt;&lt;br&gt;&lt;ul&gt;&lt;li&gt;Dise\u00f1ado para superficies de cancha dura&lt;\/li&gt;&lt;li&gt;Cuello de malla&lt;\/li&gt;&lt;\/ul&gt;&lt;\/div&gt;&lt;\/div&gt;\"><br \/>\n<b>Datos del producto<\/b><br \/>\n<\/span><\/p>\n<ul>\n<li>Dise\u00f1ado para superficies de cancha dura.<\/li>\n<li>Cuello de malla.<\/li>\n<li>Color: Negro.<\/li>\n<li>G\u00e9nero: Masculino.<\/li>\n<li>Deporte: Tennis.<\/li>\n<li>Color: Negro\/Blanco.<\/li>\n<li>Modelo: DR6191-001.<\/li>\n<\/ul>\n<\/div>\n<\/div>\n<\/div>\n<\/div>\n<\/div>\n<\/div>\n<\/div>\n<\/div>\n<\/div>\n<\/div>\n","protected":false},"excerpt":{"rendered":"<p>COURT AIR ZOOM VAPOR PRO 2 Calzado de tennis de cancha dura. Ya sea para el peloteo interminable o el<\/p>\n","protected":false},"featured_media":86655,"comment_status":"open","ping_status":"closed","template":"","meta":{"nf_dc_page":""},"product_brand":[1333],"product_cat":[76],"product_tag":[2455],"class_list":{"0":"post-86654","1":"product","2":"type-product","3":"status-publish","4":"has-post-thumbnail","6":"product_brand-nike","7":"product_cat-masculino","8":"product_tag-dr6191-001","10":"first","11":"outofstock","12":"shipping-taxable","13":"purchasable","14":"product-type-simple"},"_links":{"self":[{"href":"https:\/\/brandss.com.py\/index\/wp-json\/wp\/v2\/product\/86654","targetHints":{"allow":["GET"]}}],"collection":[{"href":"https:\/\/brandss.com.py\/index\/wp-json\/wp\/v2\/product"}],"about":[{"href":"https:\/\/brandss.com.py\/index\/wp-json\/wp\/v2\/types\/product"}],"replies":[{"embeddable":true,"href":"https:\/\/brandss.com.py\/index\/wp-json\/wp\/v2\/comments?post=86654"}],"version-history":[{"count":1,"href":"https:\/\/brandss.com.py\/index\/wp-json\/wp\/v2\/product\/86654\/revisions"}],"predecessor-version":[{"id":86662,"href":"https:\/\/brandss.com.py\/index\/wp-json\/wp\/v2\/product\/86654\/revisions\/86662"}],"wp:featuredmedia":[{"embeddable":true,"href":"https:\/\/brandss.com.py\/index\/wp-json\/wp\/v2\/media\/86655"}],"wp:attachment":[{"href":"https:\/\/brandss.com.py\/index\/wp-json\/wp\/v2\/media?parent=86654"}],"wp:term":[{"taxonomy":"product_brand","embeddable":true,"href":"https:\/\/brandss.com.py\/index\/wp-json\/wp\/v2\/product_brand?post=86654"},{"taxonomy":"product_cat","embeddable":true,"href":"https:\/\/brandss.com.py\/index\/wp-json\/wp\/v2\/product_cat?post=86654"},{"taxonomy":"product_tag","embeddable":true,"href":"https:\/\/brandss.com.py\/index\/wp-json\/wp\/v2\/product_tag?post=86654"}],"curies":[{"name":"wp","href":"https:\/\/api.w.org\/{rel}","templated":true}]}}