{"id":86663,"date":"2025-07-19T16:26:44","date_gmt":"2025-07-19T16:26:44","guid":{"rendered":"https:\/\/brandss.com.py\/index\/?post_type=product&#038;p=86663"},"modified":"2026-01-12T14:42:46","modified_gmt":"2026-01-12T14:42:46","slug":"calzado-deportivo-masculino-nike-court-vapor-lite-2-hc","status":"publish","type":"product","link":"https:\/\/brandss.com.py\/index\/producto\/calzado-deportivo-masculino-nike-court-vapor-lite-2-hc\/","title":{"rendered":"CALZADO DEPORTIVO MASCULINO NIKE COURT VAPOR LITE 2 HC"},"content":{"rendered":"<p><img loading=\"lazy\" decoding=\"async\" class=\"\" src=\"https:\/\/www.liderlogo.es\/wp-content\/uploads\/2022\/12\/pasted-image-0-1024x576.png\" alt=\"Significado E Historia Del Logo De Nike\" width=\"82\" height=\"46\" \/><\/p>\n<h1>COURT VAPOR LITE 2 HC<\/h1>\n<p style=\"font-weight: 400\">Un estilo sencillo pero elegante. A pesar de su sencillez, ofrece velocidad y soporte, lo que lo hace ideal para jugar. Listo para la cancha desde el primer momento, el Vapor Lite 2. Ofrece comodidad a los jugadores que disfrutan de demostrar todas sus habilidades. Este estilo tiene una estructura de suela familiar y muy c\u00f3moda, perfecta para peloteos interminables y proporciona un agarre \u00f3ptimo para voleas en la red. Tambi\u00e9n proporciona comodidad despu\u00e9s del entrenamiento mientras haces lo que quieras fuera de la cancha.<\/p>\n<p>Los<span> calzados Nike Vapor Lite 2 HC est\u00e1n listas para jugar y ofrecen comodidad a los jugadores que buscan superarse al m\u00e1ximo. Con una sensaci\u00f3n familiar y superc\u00f3moda en la planta del pie, te ayudan a encestar el bal\u00f3n y a mantenerte \u00e1gil en los peloteos largos con una tracci\u00f3n \u00f3ptima. Al terminar el partido, son lo suficientemente c\u00f3modas como para salir de la cancha adondequiera que vayas.<\/span><\/p>\n<p style=\"font-weight: 400\"><strong>Amortiguaci\u00f3n para tus partidos: <\/strong>Con su sistema de espuma suave de dos capas, este dise\u00f1o te mantiene c\u00f3modo mientras corres de un punto a otro.<\/p>\n<p style=\"font-weight: 400\"><strong>Dise\u00f1o transpirable y duradero:<\/strong> La malla extraduradera mantiene los pies frescos. Una capa de goma moldeada en la parte delantera del calzado aumenta su durabilidad.<\/p>\n<p style=\"font-weight: 400\"><strong>Estructura desarrollada para posiciones donde el pie se encuentra de lado:<\/strong> La espuma suave cerca del arco hace que sea m\u00e1s f\u00e1cil mantener el tobillo alineado cuando inclinas el pie hacia un lado. La espuma m\u00e1s firme a lo largo de la capa exterior te ayuda a avanzar por el suelo durante movimientos r\u00e1pidos como los que haces cuando juegas tenis o pickleball.<\/p>\n<p style=\"font-weight: 400\"><strong>Otros beneficios<\/strong><\/p>\n<p style=\"font-weight: 400\">La suela con patr\u00f3n en zigzag proporciona un agarre \u00f3ptimo sin afectar la capacidad de deslizamiento, utilizando un dise\u00f1o desarrollado de acuerdo con los datos.<\/p>\n<p style=\"font-weight: 400\">Este modelo rinde homenaje a algunos de los mejores dise\u00f1os de la serie Vapor.<\/p>\n<p style=\"font-weight: 400\">Quitamos goma de las zonas de poco desgaste para mantener el peso al m\u00ednimo.<\/p>\n<p style=\"font-weight: 400\">Una jaula externa para el pie de longitud completa asegura su pie durante cortes r\u00e1pidos.<\/p>\n<p><strong><span>Detalles:<\/span><\/strong><\/p>\n<ul>\n<li><span>La malla resistente ayuda a mantener los pies frescos.<\/span><\/li>\n<li><span>La capa de goma moldeada en la parte delantera del pie a\u00f1ade durabilidad.<\/span><\/li>\n<li><span>Con un sistema de espuma suave de dos niveles, este dise\u00f1o te mantiene c\u00f3modo y te permite avanzar de un punto a otro.<\/span><\/li>\n<li><span>Suela de goma<\/span><\/li>\n<li>Color: Negro, Blanco.<\/li>\n<li>Modelo: DV2018-001.<\/li>\n<\/ul>\n<p><strong><span>Recomendaciones de cuidado:<\/span><\/strong><\/p>\n<ul>\n<li><span>Seque sus zapatos despu\u00e9s de cada uso, evitando el calor.<\/span><\/li>\n<li><span>Utilice un spray antihumedad.<\/span><\/li>\n<li><span>Se recomienda la limpieza en seco a menos que el fabricante especifique otro m\u00e9todo de limpieza en el producto o el embalaje.<\/span><\/li>\n<li><span>Evite mojarse demasiado mientras lo usa<\/span><\/li>\n<li><span>Guarde los zapatos utilizando plantillas especiales o papel para mantener su forma.<\/span><\/li>\n<\/ul>\n","protected":false},"excerpt":{"rendered":"<p>COURT VAPOR LITE 2 HC Un estilo sencillo pero elegante. A pesar de su sencillez, ofrece velocidad y soporte, lo<\/p>\n","protected":false},"featured_media":86664,"comment_status":"open","ping_status":"closed","template":"","meta":{"nf_dc_page":""},"product_brand":[1333],"product_cat":[76],"product_tag":[2456],"class_list":{"0":"post-86663","1":"product","2":"type-product","3":"status-publish","4":"has-post-thumbnail","6":"product_brand-nike","7":"product_cat-masculino","8":"product_tag-dv2018-001","10":"first","11":"outofstock","12":"shipping-taxable","13":"purchasable","14":"product-type-simple"},"_links":{"self":[{"href":"https:\/\/brandss.com.py\/index\/wp-json\/wp\/v2\/product\/86663","targetHints":{"allow":["GET"]}}],"collection":[{"href":"https:\/\/brandss.com.py\/index\/wp-json\/wp\/v2\/product"}],"about":[{"href":"https:\/\/brandss.com.py\/index\/wp-json\/wp\/v2\/types\/product"}],"replies":[{"embeddable":true,"href":"https:\/\/brandss.com.py\/index\/wp-json\/wp\/v2\/comments?post=86663"}],"version-history":[{"count":1,"href":"https:\/\/brandss.com.py\/index\/wp-json\/wp\/v2\/product\/86663\/revisions"}],"predecessor-version":[{"id":86672,"href":"https:\/\/brandss.com.py\/index\/wp-json\/wp\/v2\/product\/86663\/revisions\/86672"}],"wp:featuredmedia":[{"embeddable":true,"href":"https:\/\/brandss.com.py\/index\/wp-json\/wp\/v2\/media\/86664"}],"wp:attachment":[{"href":"https:\/\/brandss.com.py\/index\/wp-json\/wp\/v2\/media?parent=86663"}],"wp:term":[{"taxonomy":"product_brand","embeddable":true,"href":"https:\/\/brandss.com.py\/index\/wp-json\/wp\/v2\/product_brand?post=86663"},{"taxonomy":"product_cat","embeddable":true,"href":"https:\/\/brandss.com.py\/index\/wp-json\/wp\/v2\/product_cat?post=86663"},{"taxonomy":"product_tag","embeddable":true,"href":"https:\/\/brandss.com.py\/index\/wp-json\/wp\/v2\/product_tag?post=86663"}],"curies":[{"name":"wp","href":"https:\/\/api.w.org\/{rel}","templated":true}]}}