{"id":86673,"date":"2025-07-19T17:10:18","date_gmt":"2025-07-19T17:10:18","guid":{"rendered":"https:\/\/brandss.com.py\/index\/?post_type=product&#038;p=86673"},"modified":"2026-01-26T11:47:13","modified_gmt":"2026-01-26T11:47:13","slug":"calzado-deportivo-masculino-nike-tiempo-legend-10-academy-fg-mg","status":"publish","type":"product","link":"https:\/\/brandss.com.py\/index\/producto\/calzado-deportivo-masculino-nike-tiempo-legend-10-academy-fg-mg\/","title":{"rendered":"CALZADO DEPORTIVO MASCULINO NIKE TIEMPO LEGEND 10 ACADEMY FG\/MG"},"content":{"rendered":"<p><img loading=\"lazy\" decoding=\"async\" class=\"\" src=\"https:\/\/www.liderlogo.es\/wp-content\/uploads\/2022\/12\/pasted-image-0-1024x576.png\" alt=\"Significado E Historia Del Logo De Nike\" width=\"89\" height=\"50\" \/><\/p>\n<h1>TIEMPO LEGEND 10 ACADEMY FG\/MG<\/h1>\n<p><em><strong>Botas de f\u00fatbol Nike Tiempo Legend 10 Academy FG\/MG con tacos fijos.<\/strong><\/em><\/p>\n<p><span>Incluso las leyendas evolucionan. Dise\u00f1adas para llevar tu juego al siguiente nivel, la \u00faltima versi\u00f3n de estas botas Academy est\u00e1 confeccionada con el nuevo cuero t\u00e9cnico FlyTouch Lite. M\u00e1s suave que el cuero natural, se adapta a tu pie sin deformarse para marcar el ritmo del juego. M\u00e1s ligeras y elegantes que cualquier Tiempo fabricado hasta la fecha, las Legend 10 se adaptan a cualquier posici\u00f3n en el campo, ya sea para un pase filtrado en defensa o para detener un contraataque.<\/span><\/p>\n<p><strong>Sensibilidad mejorada:<\/strong><br \/>\n<span>\u00bfVes esos micropuntos en la parte superior? Amplifican las zonas de contacto para tiros, regates y pases. Est\u00e1n dise\u00f1adas para una apariencia m\u00e1s elegante y una amortiguaci\u00f3n adicional, sin comprometer el control del bal\u00f3n.<\/span><\/p>\n<p><strong>Ajuste natural y adaptable:<\/strong><br \/>\n<span>El cuero t\u00e9cnico FlyTouch Lite es incre\u00edblemente suave. Te permite adaptar la zapatilla a tu pie para una comodidad constante que no se deforma. El material y la estructura de la leng\u00fceta, con acolchado adicional, ofrecen un ajuste seguro y una comodidad constante en los puntos de contacto clave.<\/span><\/p>\n<p><strong>Tracci\u00f3n en el campo:<\/strong><br \/>\n<span>La suela combina tacos c\u00f3nicos en el tal\u00f3n para una tracci\u00f3n y estabilidad ideales durante los cambios de direcci\u00f3n y el frenado, en cualquier condici\u00f3n.<\/span><\/p>\n<h3><span>Detalles:<\/span><\/h3>\n<ul>\n<li><span>Ideal para campos de hierba y sint\u00e9ticos.<\/span><\/li>\n<li>Plantilla acolchada.<\/li>\n<li><span><span>Material superior: cuero sint\u00e9tico<\/span><\/span><\/li>\n<li><span><span>Forro: textil<\/span><\/span><\/li>\n<li><span><span>Suela: MG Nike, adecuada para campos de c\u00e9sped artificial modernos.<\/span><\/span><\/li>\n<li><span>Color: Azul\/Blanco.<\/span><\/li>\n<li>Modelo: DV4337-400.<\/li>\n<\/ul>\n","protected":false},"excerpt":{"rendered":"<p>TIEMPO LEGEND 10 ACADEMY FG\/MG Botas de f\u00fatbol Nike Tiempo Legend 10 Academy FG\/MG con tacos fijos. Incluso las leyendas<\/p>\n","protected":false},"featured_media":86674,"comment_status":"open","ping_status":"closed","template":"","meta":{"nf_dc_page":""},"product_brand":[1333],"product_cat":[76],"product_tag":[2458],"class_list":{"0":"post-86673","1":"product","2":"type-product","3":"status-publish","4":"has-post-thumbnail","6":"product_brand-nike","7":"product_cat-masculino","8":"product_tag-dv4337-400","10":"first","11":"outofstock","12":"shipping-taxable","13":"purchasable","14":"product-type-simple"},"_links":{"self":[{"href":"https:\/\/brandss.com.py\/index\/wp-json\/wp\/v2\/product\/86673","targetHints":{"allow":["GET"]}}],"collection":[{"href":"https:\/\/brandss.com.py\/index\/wp-json\/wp\/v2\/product"}],"about":[{"href":"https:\/\/brandss.com.py\/index\/wp-json\/wp\/v2\/types\/product"}],"replies":[{"embeddable":true,"href":"https:\/\/brandss.com.py\/index\/wp-json\/wp\/v2\/comments?post=86673"}],"version-history":[{"count":1,"href":"https:\/\/brandss.com.py\/index\/wp-json\/wp\/v2\/product\/86673\/revisions"}],"predecessor-version":[{"id":86683,"href":"https:\/\/brandss.com.py\/index\/wp-json\/wp\/v2\/product\/86673\/revisions\/86683"}],"wp:featuredmedia":[{"embeddable":true,"href":"https:\/\/brandss.com.py\/index\/wp-json\/wp\/v2\/media\/86674"}],"wp:attachment":[{"href":"https:\/\/brandss.com.py\/index\/wp-json\/wp\/v2\/media?parent=86673"}],"wp:term":[{"taxonomy":"product_brand","embeddable":true,"href":"https:\/\/brandss.com.py\/index\/wp-json\/wp\/v2\/product_brand?post=86673"},{"taxonomy":"product_cat","embeddable":true,"href":"https:\/\/brandss.com.py\/index\/wp-json\/wp\/v2\/product_cat?post=86673"},{"taxonomy":"product_tag","embeddable":true,"href":"https:\/\/brandss.com.py\/index\/wp-json\/wp\/v2\/product_tag?post=86673"}],"curies":[{"name":"wp","href":"https:\/\/api.w.org\/{rel}","templated":true}]}}