{"id":86684,"date":"2025-07-19T17:57:34","date_gmt":"2025-07-19T17:57:34","guid":{"rendered":"https:\/\/brandss.com.py\/index\/?post_type=product&#038;p=86684"},"modified":"2026-01-12T16:42:24","modified_gmt":"2026-01-12T16:42:24","slug":"calzado-deportivo-masculino-nike-tiempo-legend-10-academy-fg-mg-2","status":"publish","type":"product","link":"https:\/\/brandss.com.py\/index\/producto\/calzado-deportivo-masculino-nike-tiempo-legend-10-academy-fg-mg-2\/","title":{"rendered":"CALZADO DEPORTIVO MASCULINO NIKE TIEMPO LEGEND 10 ACADEMY FG\/MG"},"content":{"rendered":"<p><img loading=\"lazy\" decoding=\"async\" class=\"\" src=\"https:\/\/www.liderlogo.es\/wp-content\/uploads\/2022\/12\/pasted-image-0-1024x576.png\" alt=\"Significado E Historia Del Logo De Nike\" width=\"114\" height=\"64\" \/><\/p>\n<h1>TIEMPO LEGEND 10 ACADEMY FG\/MG<\/h1>\n<p><span>Incluso las leyendas evolucionan. Dise\u00f1adas para llevar tu juego al siguiente nivel, la \u00faltima versi\u00f3n de estas botas Academy incorpora un nuevo cuero FlyTouch Lite especialmente desarrollado. M\u00e1s suave que el cuero natural, se adapta a tu pie y no se estira demasiado, para que puedas controlar el ritmo de tu juego. Incluso m\u00e1s ligeras y elegantes que los modelos Tiempo anteriores, las Legend 10 son ideales para cualquier posici\u00f3n en el campo, ya sea para dar un pase preciso a trav\u00e9s de la defensa o para defenderte de un contraataque.<\/span><\/p>\n<p><span>\u00bfVes los micropuntos en la parte superior? Optimizan el contacto al disparar, regatear y pasar. Adem\u00e1s, ofrecen un aspecto m\u00e1s elegante y no requieren acolchado adicional. Adem\u00e1s, no afectan el control del bal\u00f3n, tan importante en el campo. Adem\u00e1s, hemos usado menos espuma que en el Tiempo 9, para que tu pie est\u00e9 a\u00fan m\u00e1s cerca del bal\u00f3n gracias a sus tacos contorneados.<\/span><\/p>\n<p><span>El cuero FlyTouch Lite, especialmente desarrollado, es incre\u00edblemente suave. Esto permite que el calzado se adapte al pie y garantice comodidad sin estirar el material. La leng\u00fceta con acolchado adicional garantiza una sensaci\u00f3n de seguridad y comodidad en las zonas clave. El forro de microfibra garantiza una sensaci\u00f3n excepcional. <\/span><span>La suela tiene tacos c\u00f3nicos en el tal\u00f3n y garantiza as\u00ed una tracci\u00f3n y estabilidad \u00f3ptimas al frenar y cambiar de direcci\u00f3n en todas las condiciones. <\/span><span>La cl\u00e1sica leng\u00fceta de cuero y el pu\u00f1o de cuero en la zona del tobillo garantizan una sensaci\u00f3n c\u00f3moda y el\u00e1stica. <\/span><span>El acabado &#8220;Wet Touch&#8221; garantiza una sensaci\u00f3n confiable de la pelota en clima h\u00famedo y seco.<\/span><\/p>\n<p>Sal al terreno de juego con\u00a0seguridad\u00a0de tus movimientos y la ayuda de los\u00a0tachones\u00a0Nike Tiempo Legend 10 Academy. Su incre\u00edble dise\u00f1o te brindar\u00e1\u00a0libertad,\u00a0estabilidad\u00a0y\u00a0tracci\u00f3n\u00a0necesaria para que tus toques al bal\u00f3n sean de todo un profesional.<\/p>\n<p><strong>Tecnolog\u00eda WetTouch<\/strong><\/p>\n<p>Dise\u00f1ado para ofrecer un tacto confiable tanto en tiempo h\u00famedo como seco.<\/p>\n<p><strong>Tecnolog\u00eda Flytouch<\/strong><\/p>\n<p>Cuero sint\u00e9tico con dise\u00f1o avanzado te ofrece\u00a0suavidad, ligereza y resistencia.<\/p>\n<p><strong>Detalles<\/strong><br \/>\n\u2022 Corte bajo para mayor libertad de movimiento.<br \/>\n\u2022 Parte superior de cuero suave que brinda durabilidad y precisi\u00f3n.<br \/>\n\u2022 Entresuela amortiguada que proporciona comodidad en cada movimiento.<br \/>\n\u2022 Sistema de cuatro tacos en el tal\u00f3n aporta mayor estabilidad en el terreno de juego.<br \/>\n\u2022 La suelaMG\u00a0es ideal para terrenos de pasto corto o superficies sint\u00e9ticas.<br \/>\n\u2022\u00a0El color puede variar dependiendo de la resoluci\u00f3n de su pantalla.<br \/>\n\u2022 Color: Naranja.<br \/>\n\u2022 Modelo: DV4337-800.<\/p>\n","protected":false},"excerpt":{"rendered":"<p>TIEMPO LEGEND 10 ACADEMY FG\/MG Incluso las leyendas evolucionan. Dise\u00f1adas para llevar tu juego al siguiente nivel, la \u00faltima versi\u00f3n<\/p>\n","protected":false},"featured_media":86685,"comment_status":"open","ping_status":"closed","template":"","meta":{"nf_dc_page":""},"product_brand":[1333],"product_cat":[76],"product_tag":[2459],"class_list":{"0":"post-86684","1":"product","2":"type-product","3":"status-publish","4":"has-post-thumbnail","6":"product_brand-nike","7":"product_cat-masculino","8":"product_tag-dv4337-800","10":"first","11":"outofstock","12":"shipping-taxable","13":"purchasable","14":"product-type-simple"},"_links":{"self":[{"href":"https:\/\/brandss.com.py\/index\/wp-json\/wp\/v2\/product\/86684","targetHints":{"allow":["GET"]}}],"collection":[{"href":"https:\/\/brandss.com.py\/index\/wp-json\/wp\/v2\/product"}],"about":[{"href":"https:\/\/brandss.com.py\/index\/wp-json\/wp\/v2\/types\/product"}],"replies":[{"embeddable":true,"href":"https:\/\/brandss.com.py\/index\/wp-json\/wp\/v2\/comments?post=86684"}],"version-history":[{"count":1,"href":"https:\/\/brandss.com.py\/index\/wp-json\/wp\/v2\/product\/86684\/revisions"}],"predecessor-version":[{"id":86694,"href":"https:\/\/brandss.com.py\/index\/wp-json\/wp\/v2\/product\/86684\/revisions\/86694"}],"wp:featuredmedia":[{"embeddable":true,"href":"https:\/\/brandss.com.py\/index\/wp-json\/wp\/v2\/media\/86685"}],"wp:attachment":[{"href":"https:\/\/brandss.com.py\/index\/wp-json\/wp\/v2\/media?parent=86684"}],"wp:term":[{"taxonomy":"product_brand","embeddable":true,"href":"https:\/\/brandss.com.py\/index\/wp-json\/wp\/v2\/product_brand?post=86684"},{"taxonomy":"product_cat","embeddable":true,"href":"https:\/\/brandss.com.py\/index\/wp-json\/wp\/v2\/product_cat?post=86684"},{"taxonomy":"product_tag","embeddable":true,"href":"https:\/\/brandss.com.py\/index\/wp-json\/wp\/v2\/product_tag?post=86684"}],"curies":[{"name":"wp","href":"https:\/\/api.w.org\/{rel}","templated":true}]}}