{"id":86703,"date":"2025-07-19T18:35:04","date_gmt":"2025-07-19T18:35:04","guid":{"rendered":"https:\/\/brandss.com.py\/index\/?post_type=product&#038;p=86703"},"modified":"2026-01-12T17:44:16","modified_gmt":"2026-01-12T17:44:16","slug":"camiseta-deportivo-femenino-nike-dri-fit-racerback-sin-mangas","status":"publish","type":"product","link":"https:\/\/brandss.com.py\/index\/producto\/camiseta-deportivo-femenino-nike-dri-fit-racerback-sin-mangas\/","title":{"rendered":"CAMISETA DEPORTIVO FEMENINO NIKE DRI-FIT RACERBACK SIN MANGAS"},"content":{"rendered":"<p><img loading=\"lazy\" decoding=\"async\" class=\"\" src=\"https:\/\/www.liderlogo.es\/wp-content\/uploads\/2022\/12\/pasted-image-0-1024x576.png\" alt=\"Significado E Historia Del Logo De Nike\" width=\"114\" height=\"64\" \/><\/p>\n<h1>DRI-FIT RACERBACK<\/h1>\n<div data-testid=\"tech-info\">\n<div class=\"TechInfo-styled__ChaosRenderContainer-sc-86ce4e79-1 bAsVhP\">\n<div class=\"TechInfo-styled__StyledChaos-sc-86ce4e79-2 jZAFQM\">\n<p><span>Sube la temperatura con esta camiseta sin mangas con espalda deportiva que absorbe el sudor. Su ajuste holgado en el cuerpo y las caderas te brinda una sensaci\u00f3n relajada, para que puedas moverte con libertad dondequiera que te lleve tu entrenamiento.<\/span><\/p>\n<p><b><span>Beneficios<\/span><\/b><\/p>\n<ul>\n<li><span>La tecnolog\u00eda Nike Dri-FIT aleja el sudor de tu piel para una evaporaci\u00f3n m\u00e1s r\u00e1pida, lo que ayuda a mantenerte seco y c\u00f3modo.<\/span><\/li>\n<li><span>Las correas de espalda cruzada ayudan con el flujo de aire y te permiten moverte libremente.<\/span><\/li>\n<\/ul>\n<p><b><span>Detalles del producto<\/span><\/b><\/p>\n<ul>\n<li><span>100% poli\u00e9ster.<\/span><\/li>\n<li><span>Ajuste est\u00e1ndar para una sensaci\u00f3n relajada y c\u00f3moda.<\/span><\/li>\n<li><span>Lavable en la lavadora.<\/span><\/li>\n<li><span>Importado.<\/span><\/li>\n<li><span>Color:\u00a0<\/span><span>Azul.<\/span><\/li>\n<li><span>Estilo:\u00a0<\/span><span>DX0706-494.<\/span><\/li>\n<\/ul>\n<\/div>\n<\/div>\n<\/div>\n","protected":false},"excerpt":{"rendered":"<p>DRI-FIT RACERBACK Sube la temperatura con esta camiseta sin mangas con espalda deportiva que absorbe el sudor. Su ajuste holgado<\/p>\n","protected":false},"featured_media":86704,"comment_status":"open","ping_status":"closed","template":"","meta":{"nf_dc_page":""},"product_brand":[1333],"product_cat":[73],"product_tag":[2464],"class_list":{"0":"post-86703","1":"product","2":"type-product","3":"status-publish","4":"has-post-thumbnail","6":"product_brand-nike","7":"product_cat-femenino","8":"product_tag-dx0706-494","10":"first","11":"outofstock","12":"shipping-taxable","13":"purchasable","14":"product-type-simple"},"_links":{"self":[{"href":"https:\/\/brandss.com.py\/index\/wp-json\/wp\/v2\/product\/86703","targetHints":{"allow":["GET"]}}],"collection":[{"href":"https:\/\/brandss.com.py\/index\/wp-json\/wp\/v2\/product"}],"about":[{"href":"https:\/\/brandss.com.py\/index\/wp-json\/wp\/v2\/types\/product"}],"replies":[{"embeddable":true,"href":"https:\/\/brandss.com.py\/index\/wp-json\/wp\/v2\/comments?post=86703"}],"version-history":[{"count":1,"href":"https:\/\/brandss.com.py\/index\/wp-json\/wp\/v2\/product\/86703\/revisions"}],"predecessor-version":[{"id":86707,"href":"https:\/\/brandss.com.py\/index\/wp-json\/wp\/v2\/product\/86703\/revisions\/86707"}],"wp:featuredmedia":[{"embeddable":true,"href":"https:\/\/brandss.com.py\/index\/wp-json\/wp\/v2\/media\/86704"}],"wp:attachment":[{"href":"https:\/\/brandss.com.py\/index\/wp-json\/wp\/v2\/media?parent=86703"}],"wp:term":[{"taxonomy":"product_brand","embeddable":true,"href":"https:\/\/brandss.com.py\/index\/wp-json\/wp\/v2\/product_brand?post=86703"},{"taxonomy":"product_cat","embeddable":true,"href":"https:\/\/brandss.com.py\/index\/wp-json\/wp\/v2\/product_cat?post=86703"},{"taxonomy":"product_tag","embeddable":true,"href":"https:\/\/brandss.com.py\/index\/wp-json\/wp\/v2\/product_tag?post=86703"}],"curies":[{"name":"wp","href":"https:\/\/api.w.org\/{rel}","templated":true}]}}